{"id":4669,"date":"2022-11-17T16:22:51","date_gmt":"2022-11-17T19:22:51","guid":{"rendered":"https:\/\/murilorubiao.com.br\/?page_id=4669"},"modified":"2022-11-17T16:24:11","modified_gmt":"2022-11-17T19:24:11","slug":"murilianas-rubiao-e-a-biblia-2","status":"publish","type":"page","link":"https:\/\/murilorubiao.com.br\/index.php\/murilianas-rubiao-e-a-biblia-2","title":{"rendered":"Murilianas > Rubi\u00e3o e a B\u00edblia"},"content":{"rendered":"\t\t<div data-elementor-type=\"wp-post\" data-elementor-id=\"4669\" class=\"elementor elementor-4669\">\n\t\t\t\t\t\t<section class=\"elementor-section elementor-top-section elementor-element elementor-element-c8606a5 elementor-section-full_width elementor-section-height-default elementor-section-height-default\" data-id=\"c8606a5\" data-element_type=\"section\">\n\t\t\t\t\t\t<div class=\"elementor-container elementor-column-gap-default\">\n\t\t\t\t\t<div class=\"elementor-column elementor-col-100 elementor-top-column elementor-element elementor-element-2ece424\" data-id=\"2ece424\" data-element_type=\"column\">\n\t\t\t<div class=\"elementor-widget-wrap elementor-element-populated\">\n\t\t\t\t\t\t<div class=\"elementor-element elementor-element-0bbf69d elementor-widget elementor-widget-image\" data-id=\"0bbf69d\" data-element_type=\"widget\" data-widget_type=\"image.default\">\n\t\t\t\t<div class=\"elementor-widget-container\">\n\t\t\t\t\t\t\t\t\t\t\t\t\t<img fetchpriority=\"high\" decoding=\"async\" width=\"1024\" height=\"304\" src=\"https:\/\/murilorubiao.com.br\/wp-content\/uploads\/2022\/08\/banner_1366x650-6-1024x304.png\" class=\"attachment-large size-large wp-image-3830\" alt=\"\" srcset=\"https:\/\/murilorubiao.com.br\/wp-content\/uploads\/2022\/08\/banner_1366x650-6-1024x304.png 1024w, https:\/\/murilorubiao.com.br\/wp-content\/uploads\/2022\/08\/banner_1366x650-6-300x89.png 300w, https:\/\/murilorubiao.com.br\/wp-content\/uploads\/2022\/08\/banner_1366x650-6-150x45.png 150w, https:\/\/murilorubiao.com.br\/wp-content\/uploads\/2022\/08\/banner_1366x650-6-768x228.png 768w, https:\/\/murilorubiao.com.br\/wp-content\/uploads\/2022\/08\/banner_1366x650-6-800x238.png 800w, https:\/\/murilorubiao.com.br\/wp-content\/uploads\/2022\/08\/banner_1366x650-6-1300x386.png 1300w, https:\/\/murilorubiao.com.br\/wp-content\/uploads\/2022\/08\/banner_1366x650-6-600x178.png 600w, https:\/\/murilorubiao.com.br\/wp-content\/uploads\/2022\/08\/banner_1366x650-6.png 1366w\" sizes=\"(max-width: 1024px) 100vw, 1024px\" \/>\t\t\t\t\t\t\t\t\t\t\t\t\t<\/div>\n\t\t\t\t<\/div>\n\t\t\t\t<div class=\"elementor-element elementor-element-f69ecd1 elementor-widget elementor-widget-image\" data-id=\"f69ecd1\" data-element_type=\"widget\" data-widget_type=\"image.default\">\n\t\t\t\t<div class=\"elementor-widget-container\">\n\t\t\t\t\t\t\t\t\t\t\t\t\t<img decoding=\"async\" width=\"150\" height=\"150\" src=\"https:\/\/murilorubiao.com.br\/wp-content\/uploads\/2022\/08\/texto-150x150.png\" class=\"attachment-thumbnail size-thumbnail wp-image-3505\" alt=\"\" srcset=\"https:\/\/murilorubiao.com.br\/wp-content\/uploads\/2022\/08\/texto.png 150w, https:\/\/murilorubiao.com.br\/wp-content\/uploads\/2022\/08\/texto-50x50.png 50w, https:\/\/murilorubiao.com.br\/wp-content\/uploads\/2022\/08\/texto-100x100.png 100w\" sizes=\"(max-width: 150px) 100vw, 150px\" \/>\t\t\t\t\t\t\t\t\t\t\t\t\t<\/div>\n\t\t\t\t<\/div>\n\t\t\t\t\t<\/div>\n\t\t<\/div>\n\t\t\t\t\t<\/div>\n\t\t<\/section>\n\t\t\t\t<section class=\"elementor-section elementor-top-section elementor-element elementor-element-6a49214 elementor-section-boxed elementor-section-height-default elementor-section-height-default\" data-id=\"6a49214\" data-element_type=\"section\">\n\t\t\t\t\t\t<div class=\"elementor-container elementor-column-gap-default\">\n\t\t\t\t\t<div class=\"elementor-column elementor-col-100 elementor-top-column elementor-element elementor-element-d9c68dd\" data-id=\"d9c68dd\" data-element_type=\"column\">\n\t\t\t<div class=\"elementor-widget-wrap elementor-element-populated\">\n\t\t\t\t\t\t<div class=\"elementor-element elementor-element-c0486ee elementor-widget elementor-widget-heading\" data-id=\"c0486ee\" data-element_type=\"widget\" data-widget_type=\"heading.default\">\n\t\t\t\t<div class=\"elementor-widget-container\">\n\t\t\t<h1 class=\"elementor-heading-title elementor-size-default\">Ficha T\u00e9cnica<\/h1>\t\t<\/div>\n\t\t\t\t<\/div>\n\t\t\t\t\t<\/div>\n\t\t<\/div>\n\t\t\t\t\t<\/div>\n\t\t<\/section>\n\t\t\t\t<section class=\"elementor-section elementor-top-section elementor-element elementor-element-6510ef5 elementor-section-boxed elementor-section-height-default elementor-section-height-default\" data-id=\"6510ef5\" data-element_type=\"section\">\n\t\t\t\t\t\t<div class=\"elementor-container elementor-column-gap-default\">\n\t\t\t\t\t<div class=\"elementor-column elementor-col-100 elementor-top-column elementor-element elementor-element-4521584\" data-id=\"4521584\" data-element_type=\"column\">\n\t\t\t<div class=\"elementor-widget-wrap elementor-element-populated\">\n\t\t\t\t\t\t<div class=\"elementor-element elementor-element-19c5f2b elementor-widget elementor-widget-text-editor\" data-id=\"19c5f2b\" data-element_type=\"widget\" data-widget_type=\"text-editor.default\">\n\t\t\t\t<div class=\"elementor-widget-container\">\n\t\t\t\t\t\t\t<p style=\"text-align: center;\"><strong>Coordena\u00e7\u00e3o-geral:<\/strong> S\u00edlvia Rubi\u00e3o<\/p><p style=\"text-align: center;\"><strong>Pesquisa:<\/strong> Cleber Ara\u00fajo Cabral<\/p><p style=\"text-align: center;\"><strong>Design e coordena\u00e7\u00e3o t\u00e9cnica:<\/strong> Nemer Fornaciari Design [NFD]<\/p><p style=\"text-align: center;\"><strong>Programa\u00e7\u00e3o:<\/strong> Rodrigo Diniz<\/p><p style=\"text-align: center;\"><strong>Tradu\u00e7\u00e3o e revis\u00e3o:<\/strong> Vit\u00f3ria Roscoe Ramires<\/p>\t\t\t\t\t\t<\/div>\n\t\t\t\t<\/div>\n\t\t\t\t\t<\/div>\n\t\t<\/div>\n\t\t\t\t\t<\/div>\n\t\t<\/section>\n\t\t\t\t<\/div>\n\t\t","protected":false},"excerpt":{"rendered":"<p>Ficha T\u00e9cnica Coordena\u00e7\u00e3o-geral: S\u00edlvia Rubi\u00e3o Pesquisa: Cleber Ara\u00fajo Cabral Design e coordena\u00e7\u00e3o t\u00e9cnica: Nemer Fornaciari Design [NFD] Programa\u00e7\u00e3o: Rodrigo Diniz Tradu\u00e7\u00e3o e revis\u00e3o: Vit\u00f3ria Roscoe&#8230;<\/p>\n","protected":false},"author":1,"featured_media":0,"parent":0,"menu_order":11,"comment_status":"closed","ping_status":"closed","template":"","meta":{"footnotes":""},"class_list":["post-4669","page","type-page","status-publish","hentry"],"_links":{"self":[{"href":"https:\/\/murilorubiao.com.br\/index.php\/wp-json\/wp\/v2\/pages\/4669","targetHints":{"allow":["GET"]}}],"collection":[{"href":"https:\/\/murilorubiao.com.br\/index.php\/wp-json\/wp\/v2\/pages"}],"about":[{"href":"https:\/\/murilorubiao.com.br\/index.php\/wp-json\/wp\/v2\/types\/page"}],"author":[{"embeddable":true,"href":"https:\/\/murilorubiao.com.br\/index.php\/wp-json\/wp\/v2\/users\/1"}],"replies":[{"embeddable":true,"href":"https:\/\/murilorubiao.com.br\/index.php\/wp-json\/wp\/v2\/comments?post=4669"}],"version-history":[{"count":3,"href":"https:\/\/murilorubiao.com.br\/index.php\/wp-json\/wp\/v2\/pages\/4669\/revisions"}],"predecessor-version":[{"id":4672,"href":"https:\/\/murilorubiao.com.br\/index.php\/wp-json\/wp\/v2\/pages\/4669\/revisions\/4672"}],"wp:attachment":[{"href":"https:\/\/murilorubiao.com.br\/index.php\/wp-json\/wp\/v2\/media?parent=4669"}],"curies":[{"name":"wp","href":"https:\/\/api.w.org\/{rel}","templated":true}]}}