{"id":4001,"date":"2022-08-08T08:12:37","date_gmt":"2022-08-08T11:12:37","guid":{"rendered":"https:\/\/murilorubiao.com.br\/?page_id=4001"},"modified":"2022-08-08T08:13:45","modified_gmt":"2022-08-08T11:13:45","slug":"vida-murilo-rubiao-uma-trajetoria-com-o-insolito","status":"publish","type":"page","link":"https:\/\/murilorubiao.com.br\/index.php\/vida-murilo-rubiao-uma-trajetoria-com-o-insolito","title":{"rendered":"Vida > Murilo Rubi\u00e3o: uma trajet\u00f3ria com o ins\u00f3lito"},"content":{"rendered":"\t\t<div data-elementor-type=\"wp-post\" data-elementor-id=\"4001\" class=\"elementor elementor-4001\">\n\t\t\t\t\t\t<section class=\"elementor-section elementor-top-section elementor-element elementor-element-6878930 elementor-section-full_width elementor-section-height-default elementor-section-height-default\" data-id=\"6878930\" data-element_type=\"section\" data-settings=\"{&quot;background_background&quot;:&quot;classic&quot;,&quot;background_image&quot;:{&quot;url&quot;:&quot;&quot;,&quot;id&quot;:&quot;&quot;,&quot;size&quot;:&quot;&quot;,&quot;alt&quot;:&quot;&quot;,&quot;source&quot;:&quot;library&quot;}}\">\n\t\t\t\t\t\t<div class=\"elementor-container elementor-column-gap-no\">\n\t\t\t\t\t<div class=\"elementor-column elementor-col-100 elementor-top-column elementor-element elementor-element-3df6a31\" data-id=\"3df6a31\" data-element_type=\"column\" data-settings=\"{&quot;background_background&quot;:&quot;classic&quot;}\">\n\t\t\t<div class=\"elementor-widget-wrap elementor-element-populated\">\n\t\t\t\t\t<div class=\"elementor-background-overlay\"><\/div>\n\t\t\t\t\t\t<div class=\"elementor-element elementor-element-9dbd30f elementor-widget elementor-widget-image\" data-id=\"9dbd30f\" data-element_type=\"widget\" data-widget_type=\"image.default\">\n\t\t\t\t<div class=\"elementor-widget-container\">\n\t\t\t\t\t\t\t\t\t\t\t\t\t<img fetchpriority=\"high\" decoding=\"async\" width=\"1024\" height=\"304\" src=\"https:\/\/murilorubiao.com.br\/wp-content\/uploads\/2022\/07\/banner_autoretrato-1024x304.jpg\" class=\"attachment-large size-large wp-image-1981\" alt=\"\" srcset=\"https:\/\/murilorubiao.com.br\/wp-content\/uploads\/2022\/07\/banner_autoretrato-1024x304.jpg 1024w, https:\/\/murilorubiao.com.br\/wp-content\/uploads\/2022\/07\/banner_autoretrato-300x89.jpg 300w, https:\/\/murilorubiao.com.br\/wp-content\/uploads\/2022\/07\/banner_autoretrato-768x228.jpg 768w, https:\/\/murilorubiao.com.br\/wp-content\/uploads\/2022\/07\/banner_autoretrato-800x238.jpg 800w, https:\/\/murilorubiao.com.br\/wp-content\/uploads\/2022\/07\/banner_autoretrato-1300x386.jpg 1300w, https:\/\/murilorubiao.com.br\/wp-content\/uploads\/2022\/07\/banner_autoretrato-600x178.jpg 600w, https:\/\/murilorubiao.com.br\/wp-content\/uploads\/2022\/07\/banner_autoretrato.jpg 1366w\" sizes=\"(max-width: 1024px) 100vw, 1024px\" \/>\t\t\t\t\t\t\t\t\t\t\t\t\t<\/div>\n\t\t\t\t<\/div>\n\t\t\t\t\t<\/div>\n\t\t<\/div>\n\t\t\t\t\t<\/div>\n\t\t<\/section>\n\t\t\t\t<section class=\"elementor-section elementor-top-section elementor-element elementor-element-8230cec elementor-section-full_width elementor-section-height-default elementor-section-height-default\" data-id=\"8230cec\" data-element_type=\"section\">\n\t\t\t\t\t\t<div class=\"elementor-container elementor-column-gap-default\">\n\t\t\t\t\t<div class=\"elementor-column elementor-col-100 elementor-top-column elementor-element elementor-element-48c9fcd\" data-id=\"48c9fcd\" data-element_type=\"column\">\n\t\t\t<div class=\"elementor-widget-wrap elementor-element-populated\">\n\t\t\t\t\t\t<div class=\"elementor-element elementor-element-b5a739b elementor-widget elementor-widget-image\" data-id=\"b5a739b\" data-element_type=\"widget\" data-widget_type=\"image.default\">\n\t\t\t\t<div class=\"elementor-widget-container\">\n\t\t\t\t\t\t\t\t\t\t\t\t\t<img decoding=\"async\" src=\"https:\/\/murilorubiao.com.br\/wp-content\/uploads\/2022\/07\/maqiona.png\" title=\"maqiona\" alt=\"maqiona\" loading=\"lazy\" \/>\t\t\t\t\t\t\t\t\t\t\t\t\t<\/div>\n\t\t\t\t<\/div>\n\t\t\t\t<div class=\"elementor-element elementor-element-9aa29a6 elementor-widget elementor-widget-ssd_blockquote\" data-id=\"9aa29a6\" data-element_type=\"widget\" data-widget_type=\"ssd_blockquote.default\">\n\t\t\t\t<div class=\"elementor-widget-container\">\n\t\t\t\t\r\n\t\t<div class=\"Blockquote\">\r\n\t\t\t<div class=\"blockquote-content-wrapper text-center\">\r\n\t\t\t\t\t\t\t\t<div class=\"blockquote-content\">\r\n\t\t\t\t\t\"O mais importante na minha vida \u00e9 escrever.\"\t\t\t\t<\/div>\r\n\t\t\t\t\t\t\t\t\t\t\t\t\t<div class=\"author-wrapper\">\r\n\t\t\t\t\t\t<span class=\"author font-heading\">Murilo Rubi\u00e3o<\/span>\r\n\t\t\t\t\t\t\t\t\t\t\t<\/div>\r\n\t\t\t\t\t\t\t<\/div>\r\n\t\t<\/div>\r\n\r\n\t\t\t<\/div>\n\t\t\t\t<\/div>\n\t\t\t\t\t<\/div>\n\t\t<\/div>\n\t\t\t\t\t<\/div>\n\t\t<\/section>\n\t\t\t\t<section class=\"elementor-section elementor-top-section elementor-element elementor-element-6a49214 elementor-section-boxed elementor-section-height-default elementor-section-height-default\" data-id=\"6a49214\" data-element_type=\"section\">\n\t\t\t\t\t\t<div class=\"elementor-container elementor-column-gap-default\">\n\t\t\t\t\t<div class=\"elementor-column elementor-col-100 elementor-top-column elementor-element elementor-element-d9c68dd\" data-id=\"d9c68dd\" data-element_type=\"column\">\n\t\t\t<div class=\"elementor-widget-wrap elementor-element-populated\">\n\t\t\t\t\t\t<div class=\"elementor-element elementor-element-c0486ee elementor-widget elementor-widget-heading\" data-id=\"c0486ee\" data-element_type=\"widget\" data-widget_type=\"heading.default\">\n\t\t\t\t<div class=\"elementor-widget-container\">\n\t\t\t<h1 class=\"elementor-heading-title elementor-size-default\">Vida &gt; Murilo Rubi\u00e3o: uma trajet\u00f3ria com o ins\u00f3lito<\/h1>\t\t<\/div>\n\t\t\t\t<\/div>\n\t\t\t\t\t<\/div>\n\t\t<\/div>\n\t\t\t\t\t<\/div>\n\t\t<\/section>\n\t\t\t\t<section class=\"elementor-section elementor-top-section elementor-element elementor-element-c28a3e2 elementor-section-boxed elementor-section-height-default elementor-section-height-default\" data-id=\"c28a3e2\" data-element_type=\"section\">\n\t\t\t\t\t\t<div class=\"elementor-container elementor-column-gap-default\">\n\t\t\t\t\t<div class=\"elementor-column elementor-col-100 elementor-top-column elementor-element elementor-element-62dc3e9\" data-id=\"62dc3e9\" data-element_type=\"column\">\n\t\t\t<div class=\"elementor-widget-wrap elementor-element-populated\">\n\t\t\t\t\t\t<div class=\"elementor-element elementor-element-82a6f71 elementor-widget elementor-widget-text-editor\" data-id=\"82a6f71\" data-element_type=\"widget\" data-widget_type=\"text-editor.default\">\n\t\t\t\t<div class=\"elementor-widget-container\">\n\t\t\t\t\t\t\t<p style=\"text-align: center;\"><span style=\"color: var( --e-global-color-text ); letter-spacing: 0em;\">Acesse o texto:<\/span><\/p><p style=\"text-align: center;\"><a href=\"https:\/\/murilorubiao.com.br\/wp-content\/uploads\/2022\/08\/Murilo-Rubiao-uma-trajetoria-com-o-insolito-Sandra-Nunes.pdf\">Murilo Rubi\u00e3o &#8211; uma trajet\u00f3ria com o ins\u00f3lito &#8211; Sandra Nunes<\/a><\/p>\t\t\t\t\t\t<\/div>\n\t\t\t\t<\/div>\n\t\t\t\t\t<\/div>\n\t\t<\/div>\n\t\t\t\t\t<\/div>\n\t\t<\/section>\n\t\t\t\t<\/div>\n\t\t","protected":false},"excerpt":{"rendered":"<p>&#8220;O mais importante na minha vida \u00e9 escrever.&#8221; Murilo Rubi\u00e3o Vida &gt; Murilo Rubi\u00e3o: uma trajet\u00f3ria com o ins\u00f3lito Acesse o texto: Murilo Rubi\u00e3o &#8211;&#8230;<\/p>\n","protected":false},"author":1,"featured_media":0,"parent":0,"menu_order":33,"comment_status":"closed","ping_status":"closed","template":"","meta":{"footnotes":""},"class_list":["post-4001","page","type-page","status-publish","hentry"],"_links":{"self":[{"href":"https:\/\/murilorubiao.com.br\/index.php\/wp-json\/wp\/v2\/pages\/4001","targetHints":{"allow":["GET"]}}],"collection":[{"href":"https:\/\/murilorubiao.com.br\/index.php\/wp-json\/wp\/v2\/pages"}],"about":[{"href":"https:\/\/murilorubiao.com.br\/index.php\/wp-json\/wp\/v2\/types\/page"}],"author":[{"embeddable":true,"href":"https:\/\/murilorubiao.com.br\/index.php\/wp-json\/wp\/v2\/users\/1"}],"replies":[{"embeddable":true,"href":"https:\/\/murilorubiao.com.br\/index.php\/wp-json\/wp\/v2\/comments?post=4001"}],"version-history":[{"count":4,"href":"https:\/\/murilorubiao.com.br\/index.php\/wp-json\/wp\/v2\/pages\/4001\/revisions"}],"predecessor-version":[{"id":4005,"href":"https:\/\/murilorubiao.com.br\/index.php\/wp-json\/wp\/v2\/pages\/4001\/revisions\/4005"}],"wp:attachment":[{"href":"https:\/\/murilorubiao.com.br\/index.php\/wp-json\/wp\/v2\/media?parent=4001"}],"curies":[{"name":"wp","href":"https:\/\/api.w.org\/{rel}","templated":true}]}}