{"id":3638,"date":"2022-08-03T12:32:27","date_gmt":"2022-08-03T15:32:27","guid":{"rendered":"https:\/\/murilorubiao.com.br\/?page_id=3638"},"modified":"2022-08-03T14:04:28","modified_gmt":"2022-08-03T17:04:28","slug":"documentos","status":"publish","type":"page","link":"https:\/\/murilorubiao.com.br\/index.php\/galeria\/documentos","title":{"rendered":"Documentos"},"content":{"rendered":"\t\t<div data-elementor-type=\"wp-post\" data-elementor-id=\"3638\" class=\"elementor elementor-3638\">\n\t\t\t\t\t\t<section class=\"elementor-section elementor-top-section elementor-element elementor-element-f2933c9 elementor-section-boxed elementor-section-height-default elementor-section-height-default\" data-id=\"f2933c9\" data-element_type=\"section\">\n\t\t\t\t\t\t<div class=\"elementor-container elementor-column-gap-default\">\n\t\t\t\t\t<div class=\"elementor-column elementor-col-100 elementor-top-column elementor-element elementor-element-fcdc5d5\" data-id=\"fcdc5d5\" data-element_type=\"column\">\n\t\t\t<div class=\"elementor-widget-wrap elementor-element-populated\">\n\t\t\t\t\t\t<div class=\"elementor-element elementor-element-36d17cb elementor-widget elementor-widget-heading\" data-id=\"36d17cb\" data-element_type=\"widget\" data-widget_type=\"heading.default\">\n\t\t\t\t<div class=\"elementor-widget-container\">\n\t\t\t<h1 class=\"elementor-heading-title elementor-size-default\">Galeria &gt; Documentos<\/h1>\t\t<\/div>\n\t\t\t\t<\/div>\n\t\t\t\t\t<\/div>\n\t\t<\/div>\n\t\t\t\t\t<\/div>\n\t\t<\/section>\n\t\t\t\t<section class=\"elementor-section elementor-top-section elementor-element elementor-element-90d2fab elementor-section-boxed elementor-section-height-default elementor-section-height-default\" data-id=\"90d2fab\" data-element_type=\"section\">\n\t\t\t\t\t\t<div class=\"elementor-container elementor-column-gap-default\">\n\t\t\t\t\t<div class=\"elementor-column elementor-col-100 elementor-top-column elementor-element elementor-element-393b26a\" data-id=\"393b26a\" data-element_type=\"column\">\n\t\t\t<div class=\"elementor-widget-wrap elementor-element-populated\">\n\t\t\t\t\t\t<div class=\"elementor-element elementor-element-4827194 elementor-widget elementor-widget-image-gallery\" data-id=\"4827194\" data-element_type=\"widget\" data-widget_type=\"image-gallery.default\">\n\t\t\t\t<div class=\"elementor-widget-container\">\n\t\t\t\t\t<div class=\"elementor-image-gallery\">\n\t\t\t<div id='gallery-1' class='gallery galleryid-3638 gallery-columns-4 gallery-size-medium'><figure class='gallery-item'>\n\t\t\t<div class='gallery-icon portrait'>\n\t\t\t\t<a data-elementor-open-lightbox=\"yes\" data-elementor-lightbox-slideshow=\"4827194\" data-elementor-lightbox-title=\"01\" data-e-action-hash=\"#elementor-action%3Aaction%3Dlightbox%26settings%3DeyJpZCI6MzY0MCwidXJsIjoiaHR0cHM6XC9cL211cmlsb3J1Ymlhby5jb20uYnJcL3dwLWNvbnRlbnRcL3VwbG9hZHNcLzIwMjJcLzA4XC8wMS1zY2FsZWQuanBnIiwic2xpZGVzaG93IjoiNDgyNzE5NCJ9\" href='https:\/\/murilorubiao.com.br\/wp-content\/uploads\/2022\/08\/01-scaled.jpg'><img fetchpriority=\"high\" decoding=\"async\" width=\"207\" height=\"300\" src=\"https:\/\/murilorubiao.com.br\/wp-content\/uploads\/2022\/08\/01-207x300.jpg\" class=\"attachment-medium size-medium\" alt=\"\" aria-describedby=\"gallery-1-3640\" srcset=\"https:\/\/murilorubiao.com.br\/wp-content\/uploads\/2022\/08\/01-207x300.jpg 207w, https:\/\/murilorubiao.com.br\/wp-content\/uploads\/2022\/08\/01-707x1024.jpg 707w, https:\/\/murilorubiao.com.br\/wp-content\/uploads\/2022\/08\/01-104x150.jpg 104w, https:\/\/murilorubiao.com.br\/wp-content\/uploads\/2022\/08\/01-768x1112.jpg 768w, https:\/\/murilorubiao.com.br\/wp-content\/uploads\/2022\/08\/01-1061x1536.jpg 1061w, https:\/\/murilorubiao.com.br\/wp-content\/uploads\/2022\/08\/01-1414x2048.jpg 1414w, https:\/\/murilorubiao.com.br\/wp-content\/uploads\/2022\/08\/01-552x800.jpg 552w, https:\/\/murilorubiao.com.br\/wp-content\/uploads\/2022\/08\/01-898x1300.jpg 898w, https:\/\/murilorubiao.com.br\/wp-content\/uploads\/2022\/08\/01-600x869.jpg 600w, https:\/\/murilorubiao.com.br\/wp-content\/uploads\/2022\/08\/01-scaled.jpg 1768w\" sizes=\"(max-width: 207px) 100vw, 207px\" \/><\/a>\n\t\t\t<\/div>\n\t\t\t\t<figcaption class='wp-caption-text gallery-caption' id='gallery-1-3640'>\n\t\t\t\t01 \u2013 RUBI\u00c3O, Murilo. Anota\u00e7\u00f5es sobre o conto [manuscrito in\u00e9dito]. Acervo de Escritores Mineiros \u2013 Centro de Estudos Liter\u00e1rios e Culturais. Belo Horizonte, UFMG.\n\t\t\t\t<\/figcaption><\/figure><figure class='gallery-item'>\n\t\t\t<div class='gallery-icon portrait'>\n\t\t\t\t<a data-elementor-open-lightbox=\"yes\" data-elementor-lightbox-slideshow=\"4827194\" data-elementor-lightbox-title=\"02\" data-e-action-hash=\"#elementor-action%3Aaction%3Dlightbox%26settings%3DeyJpZCI6MzY0MSwidXJsIjoiaHR0cHM6XC9cL211cmlsb3J1Ymlhby5jb20uYnJcL3dwLWNvbnRlbnRcL3VwbG9hZHNcLzIwMjJcLzA4XC8wMi1zY2FsZWQuanBnIiwic2xpZGVzaG93IjoiNDgyNzE5NCJ9\" href='https:\/\/murilorubiao.com.br\/wp-content\/uploads\/2022\/08\/02-scaled.jpg'><img decoding=\"async\" width=\"205\" height=\"300\" src=\"https:\/\/murilorubiao.com.br\/wp-content\/uploads\/2022\/08\/02-205x300.jpg\" class=\"attachment-medium size-medium\" alt=\"\" aria-describedby=\"gallery-1-3641\" srcset=\"https:\/\/murilorubiao.com.br\/wp-content\/uploads\/2022\/08\/02-205x300.jpg 205w, https:\/\/murilorubiao.com.br\/wp-content\/uploads\/2022\/08\/02-700x1024.jpg 700w, https:\/\/murilorubiao.com.br\/wp-content\/uploads\/2022\/08\/02-103x150.jpg 103w, https:\/\/murilorubiao.com.br\/wp-content\/uploads\/2022\/08\/02-768x1123.jpg 768w, https:\/\/murilorubiao.com.br\/wp-content\/uploads\/2022\/08\/02-1051x1536.jpg 1051w, https:\/\/murilorubiao.com.br\/wp-content\/uploads\/2022\/08\/02-1401x2048.jpg 1401w, https:\/\/murilorubiao.com.br\/wp-content\/uploads\/2022\/08\/02-547x800.jpg 547w, https:\/\/murilorubiao.com.br\/wp-content\/uploads\/2022\/08\/02-889x1300.jpg 889w, https:\/\/murilorubiao.com.br\/wp-content\/uploads\/2022\/08\/02-600x877.jpg 600w, https:\/\/murilorubiao.com.br\/wp-content\/uploads\/2022\/08\/02-scaled.jpg 1751w\" sizes=\"(max-width: 205px) 100vw, 205px\" \/><\/a>\n\t\t\t<\/div>\n\t\t\t\t<figcaption class='wp-caption-text gallery-caption' id='gallery-1-3641'>\n\t\t\t\t02 \u2013 RUBI\u00c3O, Murilo. Manuscrito do conto in\u00e9dito \u201cEster\u201d, de 15\/12\/1947. Acervo de Escritores Mineiros \u2013 Centro de Estudos Liter\u00e1rios e Culturais. Belo Horizonte, UFMG.\n\t\t\t\t<\/figcaption><\/figure><figure class='gallery-item'>\n\t\t\t<div class='gallery-icon portrait'>\n\t\t\t\t<a data-elementor-open-lightbox=\"yes\" data-elementor-lightbox-slideshow=\"4827194\" data-elementor-lightbox-title=\"03\" data-e-action-hash=\"#elementor-action%3Aaction%3Dlightbox%26settings%3DeyJpZCI6MzY0MiwidXJsIjoiaHR0cHM6XC9cL211cmlsb3J1Ymlhby5jb20uYnJcL3dwLWNvbnRlbnRcL3VwbG9hZHNcLzIwMjJcLzA4XC8wMy1zY2FsZWQuanBnIiwic2xpZGVzaG93IjoiNDgyNzE5NCJ9\" href='https:\/\/murilorubiao.com.br\/wp-content\/uploads\/2022\/08\/03-scaled.jpg'><img decoding=\"async\" width=\"174\" height=\"300\" src=\"https:\/\/murilorubiao.com.br\/wp-content\/uploads\/2022\/08\/03-174x300.jpg\" class=\"attachment-medium size-medium\" alt=\"\" aria-describedby=\"gallery-1-3642\" srcset=\"https:\/\/murilorubiao.com.br\/wp-content\/uploads\/2022\/08\/03-174x300.jpg 174w, https:\/\/murilorubiao.com.br\/wp-content\/uploads\/2022\/08\/03-595x1024.jpg 595w, https:\/\/murilorubiao.com.br\/wp-content\/uploads\/2022\/08\/03-87x150.jpg 87w, https:\/\/murilorubiao.com.br\/wp-content\/uploads\/2022\/08\/03-768x1323.jpg 768w, https:\/\/murilorubiao.com.br\/wp-content\/uploads\/2022\/08\/03-892x1536.jpg 892w, https:\/\/murilorubiao.com.br\/wp-content\/uploads\/2022\/08\/03-1189x2048.jpg 1189w, https:\/\/murilorubiao.com.br\/wp-content\/uploads\/2022\/08\/03-464x800.jpg 464w, https:\/\/murilorubiao.com.br\/wp-content\/uploads\/2022\/08\/03-755x1300.jpg 755w, https:\/\/murilorubiao.com.br\/wp-content\/uploads\/2022\/08\/03-600x1033.jpg 600w, https:\/\/murilorubiao.com.br\/wp-content\/uploads\/2022\/08\/03-scaled.jpg 1486w\" sizes=\"(max-width: 174px) 100vw, 174px\" \/><\/a>\n\t\t\t<\/div>\n\t\t\t\t<figcaption class='wp-caption-text gallery-caption' id='gallery-1-3642'>\n\t\t\t\t03 &#8211;  RUBI\u00c3O, Murilo. Manuscrito do conto \u201cElvira e outros mist\u00e9rios\u201d,  sem data. Acervo de Escritores Mineiros \u2013 Centro de Estudos Liter\u00e1rios e Culturais. Belo Horizonte, UFMG.\n\t\t\t\t<\/figcaption><\/figure><figure class='gallery-item'>\n\t\t\t<div class='gallery-icon portrait'>\n\t\t\t\t<a data-elementor-open-lightbox=\"yes\" data-elementor-lightbox-slideshow=\"4827194\" data-elementor-lightbox-title=\"04\" data-e-action-hash=\"#elementor-action%3Aaction%3Dlightbox%26settings%3DeyJpZCI6MzY0MywidXJsIjoiaHR0cHM6XC9cL211cmlsb3J1Ymlhby5jb20uYnJcL3dwLWNvbnRlbnRcL3VwbG9hZHNcLzIwMjJcLzA4XC8wNC1zY2FsZWQuanBnIiwic2xpZGVzaG93IjoiNDgyNzE5NCJ9\" href='https:\/\/murilorubiao.com.br\/wp-content\/uploads\/2022\/08\/04-scaled.jpg'><img loading=\"lazy\" decoding=\"async\" width=\"230\" height=\"300\" src=\"https:\/\/murilorubiao.com.br\/wp-content\/uploads\/2022\/08\/04-230x300.jpg\" class=\"attachment-medium size-medium\" alt=\"\" aria-describedby=\"gallery-1-3643\" srcset=\"https:\/\/murilorubiao.com.br\/wp-content\/uploads\/2022\/08\/04-230x300.jpg 230w, https:\/\/murilorubiao.com.br\/wp-content\/uploads\/2022\/08\/04-785x1024.jpg 785w, https:\/\/murilorubiao.com.br\/wp-content\/uploads\/2022\/08\/04-115x150.jpg 115w, https:\/\/murilorubiao.com.br\/wp-content\/uploads\/2022\/08\/04-768x1002.jpg 768w, https:\/\/murilorubiao.com.br\/wp-content\/uploads\/2022\/08\/04-1178x1536.jpg 1178w, https:\/\/murilorubiao.com.br\/wp-content\/uploads\/2022\/08\/04-1570x2048.jpg 1570w, https:\/\/murilorubiao.com.br\/wp-content\/uploads\/2022\/08\/04-613x800.jpg 613w, https:\/\/murilorubiao.com.br\/wp-content\/uploads\/2022\/08\/04-997x1300.jpg 997w, https:\/\/murilorubiao.com.br\/wp-content\/uploads\/2022\/08\/04-600x783.jpg 600w, https:\/\/murilorubiao.com.br\/wp-content\/uploads\/2022\/08\/04-scaled.jpg 1963w\" sizes=\"(max-width: 230px) 100vw, 230px\" \/><\/a>\n\t\t\t<\/div>\n\t\t\t\t<figcaption class='wp-caption-text gallery-caption' id='gallery-1-3643'>\n\t\t\t\t04 &#8211; RUBI\u00c3O, Murilo. Notas sobre o conto \u201cO Convidado &#8211; O Trem\u201d, Madrid 01\/11\/1957. Acervo de Escritores Mineiros \u2013 Centro de Estudos Liter\u00e1rios e Culturais. Belo Horizonte, UFMG.\n\t\t\t\t<\/figcaption><\/figure><figure class='gallery-item'>\n\t\t\t<div class='gallery-icon portrait'>\n\t\t\t\t<a data-elementor-open-lightbox=\"yes\" data-elementor-lightbox-slideshow=\"4827194\" data-elementor-lightbox-title=\"05\" data-e-action-hash=\"#elementor-action%3Aaction%3Dlightbox%26settings%3DeyJpZCI6MzY0NCwidXJsIjoiaHR0cHM6XC9cL211cmlsb3J1Ymlhby5jb20uYnJcL3dwLWNvbnRlbnRcL3VwbG9hZHNcLzIwMjJcLzA4XC8wNS5qcGciLCJzbGlkZXNob3ciOiI0ODI3MTk0In0%3D\" href='https:\/\/murilorubiao.com.br\/wp-content\/uploads\/2022\/08\/05.jpg'><img loading=\"lazy\" decoding=\"async\" width=\"197\" height=\"300\" src=\"https:\/\/murilorubiao.com.br\/wp-content\/uploads\/2022\/08\/05-197x300.jpg\" class=\"attachment-medium size-medium\" alt=\"\" aria-describedby=\"gallery-1-3644\" srcset=\"https:\/\/murilorubiao.com.br\/wp-content\/uploads\/2022\/08\/05-197x300.jpg 197w, https:\/\/murilorubiao.com.br\/wp-content\/uploads\/2022\/08\/05-673x1024.jpg 673w, https:\/\/murilorubiao.com.br\/wp-content\/uploads\/2022\/08\/05-99x150.jpg 99w, https:\/\/murilorubiao.com.br\/wp-content\/uploads\/2022\/08\/05-768x1169.jpg 768w, https:\/\/murilorubiao.com.br\/wp-content\/uploads\/2022\/08\/05-1009x1536.jpg 1009w, https:\/\/murilorubiao.com.br\/wp-content\/uploads\/2022\/08\/05-1345x2048.jpg 1345w, https:\/\/murilorubiao.com.br\/wp-content\/uploads\/2022\/08\/05-526x800.jpg 526w, https:\/\/murilorubiao.com.br\/wp-content\/uploads\/2022\/08\/05-854x1300.jpg 854w, https:\/\/murilorubiao.com.br\/wp-content\/uploads\/2022\/08\/05-600x913.jpg 600w, https:\/\/murilorubiao.com.br\/wp-content\/uploads\/2022\/08\/05.jpg 1432w\" sizes=\"(max-width: 197px) 100vw, 197px\" \/><\/a>\n\t\t\t<\/div>\n\t\t\t\t<figcaption class='wp-caption-text gallery-caption' id='gallery-1-3644'>\n\t\t\t\t05 &#8211; RUBI\u00c3O, Murilo. Manuscrito com argumento da novela in\u00e9dita \u201cO esgoto\u201d, sem data. Acervo de Escritores Mineiros \u2013 Centro de Estudos Liter\u00e1rios e Culturais. Belo Horizonte, UFMG.\n\t\t\t\t<\/figcaption><\/figure><figure class='gallery-item'>\n\t\t\t<div class='gallery-icon portrait'>\n\t\t\t\t<a data-elementor-open-lightbox=\"yes\" data-elementor-lightbox-slideshow=\"4827194\" data-elementor-lightbox-title=\"06\" data-e-action-hash=\"#elementor-action%3Aaction%3Dlightbox%26settings%3DeyJpZCI6MzY0NSwidXJsIjoiaHR0cHM6XC9cL211cmlsb3J1Ymlhby5jb20uYnJcL3dwLWNvbnRlbnRcL3VwbG9hZHNcLzIwMjJcLzA4XC8wNi1zY2FsZWQuanBnIiwic2xpZGVzaG93IjoiNDgyNzE5NCJ9\" href='https:\/\/murilorubiao.com.br\/wp-content\/uploads\/2022\/08\/06-scaled.jpg'><img loading=\"lazy\" decoding=\"async\" width=\"212\" height=\"300\" src=\"https:\/\/murilorubiao.com.br\/wp-content\/uploads\/2022\/08\/06-212x300.jpg\" class=\"attachment-medium size-medium\" alt=\"\" aria-describedby=\"gallery-1-3645\" srcset=\"https:\/\/murilorubiao.com.br\/wp-content\/uploads\/2022\/08\/06-212x300.jpg 212w, https:\/\/murilorubiao.com.br\/wp-content\/uploads\/2022\/08\/06-722x1024.jpg 722w, https:\/\/murilorubiao.com.br\/wp-content\/uploads\/2022\/08\/06-106x150.jpg 106w, https:\/\/murilorubiao.com.br\/wp-content\/uploads\/2022\/08\/06-768x1089.jpg 768w, https:\/\/murilorubiao.com.br\/wp-content\/uploads\/2022\/08\/06-1083x1536.jpg 1083w, https:\/\/murilorubiao.com.br\/wp-content\/uploads\/2022\/08\/06-1444x2048.jpg 1444w, https:\/\/murilorubiao.com.br\/wp-content\/uploads\/2022\/08\/06-564x800.jpg 564w, https:\/\/murilorubiao.com.br\/wp-content\/uploads\/2022\/08\/06-917x1300.jpg 917w, https:\/\/murilorubiao.com.br\/wp-content\/uploads\/2022\/08\/06-600x851.jpg 600w, https:\/\/murilorubiao.com.br\/wp-content\/uploads\/2022\/08\/06-scaled.jpg 1805w\" sizes=\"(max-width: 212px) 100vw, 212px\" \/><\/a>\n\t\t\t<\/div>\n\t\t\t\t<figcaption class='wp-caption-text gallery-caption' id='gallery-1-3645'>\n\t\t\t\t06 &#8211; RUBI\u00c3O, Murilo. Manuscrito da novela in\u00e9dita \u201cO esgoto\u201d &#8211; \u00edndice de cap\u00edtulos, Belo Horizonte, 26\/01\/47. Acervo de Escritores Mineiros \u2013 Centro de Estudos Liter\u00e1rios e Culturais. Belo Horizonte, UFMG.\n\t\t\t\t<\/figcaption><\/figure><figure class='gallery-item'>\n\t\t\t<div class='gallery-icon portrait'>\n\t\t\t\t<a data-elementor-open-lightbox=\"yes\" data-elementor-lightbox-slideshow=\"4827194\" data-elementor-lightbox-title=\"07\" data-e-action-hash=\"#elementor-action%3Aaction%3Dlightbox%26settings%3DeyJpZCI6MzY0NiwidXJsIjoiaHR0cHM6XC9cL211cmlsb3J1Ymlhby5jb20uYnJcL3dwLWNvbnRlbnRcL3VwbG9hZHNcLzIwMjJcLzA4XC8wNy1zY2FsZWQuanBnIiwic2xpZGVzaG93IjoiNDgyNzE5NCJ9\" href='https:\/\/murilorubiao.com.br\/wp-content\/uploads\/2022\/08\/07-scaled.jpg'><img loading=\"lazy\" decoding=\"async\" width=\"210\" height=\"300\" src=\"https:\/\/murilorubiao.com.br\/wp-content\/uploads\/2022\/08\/07-210x300.jpg\" class=\"attachment-medium size-medium\" alt=\"\" aria-describedby=\"gallery-1-3646\" srcset=\"https:\/\/murilorubiao.com.br\/wp-content\/uploads\/2022\/08\/07-210x300.jpg 210w, https:\/\/murilorubiao.com.br\/wp-content\/uploads\/2022\/08\/07-716x1024.jpg 716w, https:\/\/murilorubiao.com.br\/wp-content\/uploads\/2022\/08\/07-105x150.jpg 105w, https:\/\/murilorubiao.com.br\/wp-content\/uploads\/2022\/08\/07-768x1099.jpg 768w, https:\/\/murilorubiao.com.br\/wp-content\/uploads\/2022\/08\/07-1074x1536.jpg 1074w, https:\/\/murilorubiao.com.br\/wp-content\/uploads\/2022\/08\/07-1432x2048.jpg 1432w, https:\/\/murilorubiao.com.br\/wp-content\/uploads\/2022\/08\/07-559x800.jpg 559w, https:\/\/murilorubiao.com.br\/wp-content\/uploads\/2022\/08\/07-909x1300.jpg 909w, https:\/\/murilorubiao.com.br\/wp-content\/uploads\/2022\/08\/07-600x858.jpg 600w, https:\/\/murilorubiao.com.br\/wp-content\/uploads\/2022\/08\/07-scaled.jpg 1790w\" sizes=\"(max-width: 210px) 100vw, 210px\" \/><\/a>\n\t\t\t<\/div>\n\t\t\t\t<figcaption class='wp-caption-text gallery-caption' id='gallery-1-3646'>\n\t\t\t\t07 \u2013 RUBI\u00c3O, Murilo. Manuscrito da novela in\u00e9dita \u201cO esgoto\u201d &#8211; cap\u00edtulo 1. Acervo de Escritores Mineiros \u2013 Centro de Estudos Liter\u00e1rios e Culturais. Belo Horizonte, UFMG.\n\t\t\t\t<\/figcaption><\/figure><figure class='gallery-item'>\n\t\t\t<div class='gallery-icon portrait'>\n\t\t\t\t<a data-elementor-open-lightbox=\"yes\" data-elementor-lightbox-slideshow=\"4827194\" data-elementor-lightbox-title=\"08\" data-e-action-hash=\"#elementor-action%3Aaction%3Dlightbox%26settings%3DeyJpZCI6MzY0NywidXJsIjoiaHR0cHM6XC9cL211cmlsb3J1Ymlhby5jb20uYnJcL3dwLWNvbnRlbnRcL3VwbG9hZHNcLzIwMjJcLzA4XC8wOC1zY2FsZWQuanBnIiwic2xpZGVzaG93IjoiNDgyNzE5NCJ9\" href='https:\/\/murilorubiao.com.br\/wp-content\/uploads\/2022\/08\/08-scaled.jpg'><img loading=\"lazy\" decoding=\"async\" width=\"216\" height=\"300\" src=\"https:\/\/murilorubiao.com.br\/wp-content\/uploads\/2022\/08\/08-216x300.jpg\" class=\"attachment-medium size-medium\" alt=\"\" aria-describedby=\"gallery-1-3647\" srcset=\"https:\/\/murilorubiao.com.br\/wp-content\/uploads\/2022\/08\/08-216x300.jpg 216w, https:\/\/murilorubiao.com.br\/wp-content\/uploads\/2022\/08\/08-739x1024.jpg 739w, https:\/\/murilorubiao.com.br\/wp-content\/uploads\/2022\/08\/08-108x150.jpg 108w, https:\/\/murilorubiao.com.br\/wp-content\/uploads\/2022\/08\/08-768x1065.jpg 768w, https:\/\/murilorubiao.com.br\/wp-content\/uploads\/2022\/08\/08-1108x1536.jpg 1108w, https:\/\/murilorubiao.com.br\/wp-content\/uploads\/2022\/08\/08-1477x2048.jpg 1477w, https:\/\/murilorubiao.com.br\/wp-content\/uploads\/2022\/08\/08-577x800.jpg 577w, https:\/\/murilorubiao.com.br\/wp-content\/uploads\/2022\/08\/08-938x1300.jpg 938w, https:\/\/murilorubiao.com.br\/wp-content\/uploads\/2022\/08\/08-600x832.jpg 600w, https:\/\/murilorubiao.com.br\/wp-content\/uploads\/2022\/08\/08-scaled.jpg 1846w\" sizes=\"(max-width: 216px) 100vw, 216px\" \/><\/a>\n\t\t\t<\/div>\n\t\t\t\t<figcaption class='wp-caption-text gallery-caption' id='gallery-1-3647'>\n\t\t\t\t08 &#8211; RUBI\u00c3O, Murilo. Contos para novo livro. Acervo de Escritores Mineiros \u2013 Centro de Estudos Liter\u00e1rios e Culturais. Belo Horizonte, UFMG.\n\t\t\t\t<\/figcaption><\/figure><figure class='gallery-item'>\n\t\t\t<div class='gallery-icon portrait'>\n\t\t\t\t<a data-elementor-open-lightbox=\"yes\" data-elementor-lightbox-slideshow=\"4827194\" data-elementor-lightbox-title=\"09\" data-e-action-hash=\"#elementor-action%3Aaction%3Dlightbox%26settings%3DeyJpZCI6MzY0OCwidXJsIjoiaHR0cHM6XC9cL211cmlsb3J1Ymlhby5jb20uYnJcL3dwLWNvbnRlbnRcL3VwbG9hZHNcLzIwMjJcLzA4XC8wOS1zY2FsZWQuanBnIiwic2xpZGVzaG93IjoiNDgyNzE5NCJ9\" href='https:\/\/murilorubiao.com.br\/wp-content\/uploads\/2022\/08\/09-scaled.jpg'><img loading=\"lazy\" decoding=\"async\" width=\"189\" height=\"300\" src=\"https:\/\/murilorubiao.com.br\/wp-content\/uploads\/2022\/08\/09-189x300.jpg\" class=\"attachment-medium size-medium\" alt=\"\" aria-describedby=\"gallery-1-3648\" srcset=\"https:\/\/murilorubiao.com.br\/wp-content\/uploads\/2022\/08\/09-189x300.jpg 189w, https:\/\/murilorubiao.com.br\/wp-content\/uploads\/2022\/08\/09-644x1024.jpg 644w, https:\/\/murilorubiao.com.br\/wp-content\/uploads\/2022\/08\/09-94x150.jpg 94w, https:\/\/murilorubiao.com.br\/wp-content\/uploads\/2022\/08\/09-768x1220.jpg 768w, https:\/\/murilorubiao.com.br\/wp-content\/uploads\/2022\/08\/09-967x1536.jpg 967w, https:\/\/murilorubiao.com.br\/wp-content\/uploads\/2022\/08\/09-1289x2048.jpg 1289w, https:\/\/murilorubiao.com.br\/wp-content\/uploads\/2022\/08\/09-503x800.jpg 503w, https:\/\/murilorubiao.com.br\/wp-content\/uploads\/2022\/08\/09-818x1300.jpg 818w, https:\/\/murilorubiao.com.br\/wp-content\/uploads\/2022\/08\/09-600x953.jpg 600w, https:\/\/murilorubiao.com.br\/wp-content\/uploads\/2022\/08\/09-scaled.jpg 1611w\" sizes=\"(max-width: 189px) 100vw, 189px\" \/><\/a>\n\t\t\t<\/div>\n\t\t\t\t<figcaption class='wp-caption-text gallery-caption' id='gallery-1-3648'>\n\t\t\t\t09 &#8211; RUBI\u00c3O, Murilo. Manuscrito da novela in\u00e9dita \u201cO Navio\u201d, Ouro Preto, 22 e 23 de Junho de 1967. Acervo de Escritores Mineiros \u2013 Centro de Estudos Liter\u00e1rios e Culturais. Belo Horizonte, UFMG.\n\t\t\t\t<\/figcaption><\/figure><figure class='gallery-item'>\n\t\t\t<div class='gallery-icon portrait'>\n\t\t\t\t<a data-elementor-open-lightbox=\"yes\" data-elementor-lightbox-slideshow=\"4827194\" data-elementor-lightbox-title=\"10\" data-e-action-hash=\"#elementor-action%3Aaction%3Dlightbox%26settings%3DeyJpZCI6MzY0OSwidXJsIjoiaHR0cHM6XC9cL211cmlsb3J1Ymlhby5jb20uYnJcL3dwLWNvbnRlbnRcL3VwbG9hZHNcLzIwMjJcLzA4XC8xMC1zY2FsZWQuanBnIiwic2xpZGVzaG93IjoiNDgyNzE5NCJ9\" href='https:\/\/murilorubiao.com.br\/wp-content\/uploads\/2022\/08\/10-scaled.jpg'><img loading=\"lazy\" decoding=\"async\" width=\"209\" height=\"300\" src=\"https:\/\/murilorubiao.com.br\/wp-content\/uploads\/2022\/08\/10-209x300.jpg\" class=\"attachment-medium size-medium\" alt=\"\" aria-describedby=\"gallery-1-3649\" srcset=\"https:\/\/murilorubiao.com.br\/wp-content\/uploads\/2022\/08\/10-209x300.jpg 209w, https:\/\/murilorubiao.com.br\/wp-content\/uploads\/2022\/08\/10-714x1024.jpg 714w, https:\/\/murilorubiao.com.br\/wp-content\/uploads\/2022\/08\/10-105x150.jpg 105w, https:\/\/murilorubiao.com.br\/wp-content\/uploads\/2022\/08\/10-768x1102.jpg 768w, https:\/\/murilorubiao.com.br\/wp-content\/uploads\/2022\/08\/10-1071x1536.jpg 1071w, https:\/\/murilorubiao.com.br\/wp-content\/uploads\/2022\/08\/10-1428x2048.jpg 1428w, https:\/\/murilorubiao.com.br\/wp-content\/uploads\/2022\/08\/10-558x800.jpg 558w, https:\/\/murilorubiao.com.br\/wp-content\/uploads\/2022\/08\/10-906x1300.jpg 906w, https:\/\/murilorubiao.com.br\/wp-content\/uploads\/2022\/08\/10-600x861.jpg 600w, https:\/\/murilorubiao.com.br\/wp-content\/uploads\/2022\/08\/10-scaled.jpg 1785w\" sizes=\"(max-width: 209px) 100vw, 209px\" \/><\/a>\n\t\t\t<\/div>\n\t\t\t\t<figcaption class='wp-caption-text gallery-caption' id='gallery-1-3649'>\n\t\t\t\t10 \u2013 RUBI\u00c3O, Murilo. Manuscrito corrigido do conto \u201cTeleco o coelhinho\u201d, vers\u00e3o publicada no livro Os drag\u00f5es e outros contos, de 1965. Acervo de Escritores Mineiros \u2013 Centro de Estudos Liter\u00e1rios e Culturais. Belo Horizonte, UFMG.\n\t\t\t\t<\/figcaption><\/figure><figure class='gallery-item'>\n\t\t\t<div class='gallery-icon portrait'>\n\t\t\t\t<a data-elementor-open-lightbox=\"yes\" data-elementor-lightbox-slideshow=\"4827194\" data-elementor-lightbox-title=\"11\" data-e-action-hash=\"#elementor-action%3Aaction%3Dlightbox%26settings%3DeyJpZCI6MzY1MCwidXJsIjoiaHR0cHM6XC9cL211cmlsb3J1Ymlhby5jb20uYnJcL3dwLWNvbnRlbnRcL3VwbG9hZHNcLzIwMjJcLzA4XC8xMS1zY2FsZWQuanBnIiwic2xpZGVzaG93IjoiNDgyNzE5NCJ9\" href='https:\/\/murilorubiao.com.br\/wp-content\/uploads\/2022\/08\/11-scaled.jpg'><img loading=\"lazy\" decoding=\"async\" width=\"202\" height=\"300\" src=\"https:\/\/murilorubiao.com.br\/wp-content\/uploads\/2022\/08\/11-202x300.jpg\" class=\"attachment-medium size-medium\" alt=\"\" aria-describedby=\"gallery-1-3650\" srcset=\"https:\/\/murilorubiao.com.br\/wp-content\/uploads\/2022\/08\/11-202x300.jpg 202w, https:\/\/murilorubiao.com.br\/wp-content\/uploads\/2022\/08\/11-688x1024.jpg 688w, https:\/\/murilorubiao.com.br\/wp-content\/uploads\/2022\/08\/11-101x150.jpg 101w, https:\/\/murilorubiao.com.br\/wp-content\/uploads\/2022\/08\/11-768x1142.jpg 768w, https:\/\/murilorubiao.com.br\/wp-content\/uploads\/2022\/08\/11-1033x1536.jpg 1033w, https:\/\/murilorubiao.com.br\/wp-content\/uploads\/2022\/08\/11-1377x2048.jpg 1377w, https:\/\/murilorubiao.com.br\/wp-content\/uploads\/2022\/08\/11-538x800.jpg 538w, https:\/\/murilorubiao.com.br\/wp-content\/uploads\/2022\/08\/11-874x1300.jpg 874w, https:\/\/murilorubiao.com.br\/wp-content\/uploads\/2022\/08\/11-600x893.jpg 600w, https:\/\/murilorubiao.com.br\/wp-content\/uploads\/2022\/08\/11-scaled.jpg 1721w\" sizes=\"(max-width: 202px) 100vw, 202px\" \/><\/a>\n\t\t\t<\/div>\n\t\t\t\t<figcaption class='wp-caption-text gallery-caption' id='gallery-1-3650'>\n\t\t\t\t11 &#8211; RUBI\u00c3O, Murilo. Manuscrito in\u00e9dito do conto \u201cTeleco\u201d para crian\u00e7as, 05\/08\/1965. Acervo de Escritores Mineiros \u2013 Centro de Estudos Liter\u00e1rios e Culturais. Belo Horizonte, UFMG.\n\t\t\t\t<\/figcaption><\/figure>\n\t\t<\/div>\n\t\t<\/div>\n\t\t\t\t<\/div>\n\t\t\t\t<\/div>\n\t\t\t\t\t<\/div>\n\t\t<\/div>\n\t\t\t\t\t<\/div>\n\t\t<\/section>\n\t\t\t\t<section class=\"elementor-section elementor-top-section elementor-element elementor-element-8010bbf elementor-section-boxed elementor-section-height-default elementor-section-height-default\" data-id=\"8010bbf\" data-element_type=\"section\">\n\t\t\t\t\t\t<div class=\"elementor-container elementor-column-gap-default\">\n\t\t\t\t\t<div class=\"elementor-column elementor-col-100 elementor-top-column elementor-element elementor-element-32edcc7\" data-id=\"32edcc7\" data-element_type=\"column\">\n\t\t\t<div class=\"elementor-widget-wrap elementor-element-populated\">\n\t\t\t\t\t\t<div class=\"elementor-element elementor-element-daec11a elementor-widget-divider--view-line elementor-widget elementor-widget-divider\" data-id=\"daec11a\" data-element_type=\"widget\" data-widget_type=\"divider.default\">\n\t\t\t\t<div class=\"elementor-widget-container\">\n\t\t\t\t\t<div class=\"elementor-divider\">\n\t\t\t<span class=\"elementor-divider-separator\">\n\t\t\t\t\t\t<\/span>\n\t\t<\/div>\n\t\t\t\t<\/div>\n\t\t\t\t<\/div>\n\t\t\t\t\t<\/div>\n\t\t<\/div>\n\t\t\t\t\t<\/div>\n\t\t<\/section>\n\t\t\t\t<\/div>\n\t\t","protected":false},"excerpt":{"rendered":"<p>Galeria &gt; Documentos 01 \u2013 RUBI\u00c3O, Murilo. Anota\u00e7\u00f5es sobre o conto [manuscrito in\u00e9dito]. Acervo de Escritores Mineiros \u2013 Centro de Estudos Liter\u00e1rios e Culturais. Belo&#8230;<\/p>\n","protected":false},"author":1,"featured_media":0,"parent":3296,"menu_order":2,"comment_status":"closed","ping_status":"closed","template":"","meta":{"footnotes":""},"class_list":["post-3638","page","type-page","status-publish","hentry"],"_links":{"self":[{"href":"https:\/\/murilorubiao.com.br\/index.php\/wp-json\/wp\/v2\/pages\/3638","targetHints":{"allow":["GET"]}}],"collection":[{"href":"https:\/\/murilorubiao.com.br\/index.php\/wp-json\/wp\/v2\/pages"}],"about":[{"href":"https:\/\/murilorubiao.com.br\/index.php\/wp-json\/wp\/v2\/types\/page"}],"author":[{"embeddable":true,"href":"https:\/\/murilorubiao.com.br\/index.php\/wp-json\/wp\/v2\/users\/1"}],"replies":[{"embeddable":true,"href":"https:\/\/murilorubiao.com.br\/index.php\/wp-json\/wp\/v2\/comments?post=3638"}],"version-history":[{"count":13,"href":"https:\/\/murilorubiao.com.br\/index.php\/wp-json\/wp\/v2\/pages\/3638\/revisions"}],"predecessor-version":[{"id":3757,"href":"https:\/\/murilorubiao.com.br\/index.php\/wp-json\/wp\/v2\/pages\/3638\/revisions\/3757"}],"up":[{"embeddable":true,"href":"https:\/\/murilorubiao.com.br\/index.php\/wp-json\/wp\/v2\/pages\/3296"}],"wp:attachment":[{"href":"https:\/\/murilorubiao.com.br\/index.php\/wp-json\/wp\/v2\/media?parent=3638"}],"curies":[{"name":"wp","href":"https:\/\/api.w.org\/{rel}","templated":true}]}}