{"id":3298,"date":"2022-07-29T15:20:32","date_gmt":"2022-07-29T18:20:32","guid":{"rendered":"https:\/\/murilorubiao.com.br\/?page_id=3298"},"modified":"2022-08-03T14:04:34","modified_gmt":"2022-08-03T17:04:34","slug":"familia","status":"publish","type":"page","link":"https:\/\/murilorubiao.com.br\/index.php\/galeria\/familia","title":{"rendered":"Fam\u00edlia"},"content":{"rendered":"\t\t<div data-elementor-type=\"wp-post\" data-elementor-id=\"3298\" class=\"elementor elementor-3298\">\n\t\t\t\t\t\t<section class=\"elementor-section elementor-top-section elementor-element elementor-element-f2933c9 elementor-section-boxed elementor-section-height-default elementor-section-height-default\" data-id=\"f2933c9\" data-element_type=\"section\">\n\t\t\t\t\t\t<div class=\"elementor-container elementor-column-gap-default\">\n\t\t\t\t\t<div class=\"elementor-column elementor-col-100 elementor-top-column elementor-element elementor-element-fcdc5d5\" data-id=\"fcdc5d5\" data-element_type=\"column\">\n\t\t\t<div class=\"elementor-widget-wrap elementor-element-populated\">\n\t\t\t\t\t\t<div class=\"elementor-element elementor-element-36d17cb elementor-widget elementor-widget-heading\" data-id=\"36d17cb\" data-element_type=\"widget\" data-widget_type=\"heading.default\">\n\t\t\t\t<div class=\"elementor-widget-container\">\n\t\t\t<h1 class=\"elementor-heading-title elementor-size-default\">Galeria &gt; Fam\u00edlia<\/h1>\t\t<\/div>\n\t\t\t\t<\/div>\n\t\t\t\t\t<\/div>\n\t\t<\/div>\n\t\t\t\t\t<\/div>\n\t\t<\/section>\n\t\t\t\t<section class=\"elementor-section elementor-top-section elementor-element elementor-element-90d2fab elementor-section-boxed elementor-section-height-default elementor-section-height-default\" data-id=\"90d2fab\" data-element_type=\"section\">\n\t\t\t\t\t\t<div class=\"elementor-container elementor-column-gap-default\">\n\t\t\t\t\t<div class=\"elementor-column elementor-col-100 elementor-top-column elementor-element elementor-element-393b26a\" data-id=\"393b26a\" data-element_type=\"column\">\n\t\t\t<div class=\"elementor-widget-wrap elementor-element-populated\">\n\t\t\t\t\t\t<div class=\"elementor-element elementor-element-4827194 elementor-widget elementor-widget-image-gallery\" data-id=\"4827194\" data-element_type=\"widget\" data-widget_type=\"image-gallery.default\">\n\t\t\t\t<div class=\"elementor-widget-container\">\n\t\t\t\t\t<div class=\"elementor-image-gallery\">\n\t\t\t<div id='gallery-1' class='gallery galleryid-3298 gallery-columns-3 gallery-size-medium'><figure class='gallery-item'>\n\t\t\t<div class='gallery-icon landscape'>\n\t\t\t\t<a data-elementor-open-lightbox=\"yes\" data-elementor-lightbox-slideshow=\"4827194\" data-elementor-lightbox-title=\"01\" data-elementor-lightbox-description=\"[Fot\u00f3grafo n\u00e3o identificado]. Betim, 1942. MR com sua fam\u00edlia em Betim, na comemora\u00e7\u00e3o das bodas de prata de seus pais.\" data-e-action-hash=\"#elementor-action%3Aaction%3Dlightbox%26settings%3DeyJpZCI6MzMwMCwidXJsIjoiaHR0cHM6XC9cL211cmlsb3J1Ymlhby5jb20uYnJcL3dwLWNvbnRlbnRcL3VwbG9hZHNcLzIwMjJcLzA3XC8wMS0zLXNjYWxlZC5qcGciLCJzbGlkZXNob3ciOiI0ODI3MTk0In0%3D\" href='https:\/\/murilorubiao.com.br\/wp-content\/uploads\/2022\/07\/01-3-scaled.jpg'><img fetchpriority=\"high\" decoding=\"async\" width=\"300\" height=\"254\" src=\"https:\/\/murilorubiao.com.br\/wp-content\/uploads\/2022\/07\/01-3-300x254.jpg\" class=\"attachment-medium size-medium\" alt=\"\" aria-describedby=\"gallery-1-3300\" srcset=\"https:\/\/murilorubiao.com.br\/wp-content\/uploads\/2022\/07\/01-3-300x254.jpg 300w, https:\/\/murilorubiao.com.br\/wp-content\/uploads\/2022\/07\/01-3-1024x867.jpg 1024w, https:\/\/murilorubiao.com.br\/wp-content\/uploads\/2022\/07\/01-3-150x127.jpg 150w, https:\/\/murilorubiao.com.br\/wp-content\/uploads\/2022\/07\/01-3-768x650.jpg 768w, https:\/\/murilorubiao.com.br\/wp-content\/uploads\/2022\/07\/01-3-1536x1300.jpg 1536w, https:\/\/murilorubiao.com.br\/wp-content\/uploads\/2022\/07\/01-3-2048x1734.jpg 2048w, https:\/\/murilorubiao.com.br\/wp-content\/uploads\/2022\/07\/01-3-800x677.jpg 800w, https:\/\/murilorubiao.com.br\/wp-content\/uploads\/2022\/07\/01-3-1300x1101.jpg 1300w, https:\/\/murilorubiao.com.br\/wp-content\/uploads\/2022\/07\/01-3-600x508.jpg 600w\" sizes=\"(max-width: 300px) 100vw, 300px\" \/><\/a>\n\t\t\t<\/div>\n\t\t\t\t<figcaption class='wp-caption-text gallery-caption' id='gallery-1-3300'>\n\t\t\t\t[Fot\u00f3grafo n\u00e3o identificado]. Betim, 1942. MR com sua fam\u00edlia em Betim, na comemora\u00e7\u00e3o das bodas de prata de seus pais.\n\t\t\t\t<\/figcaption><\/figure><figure class='gallery-item'>\n\t\t\t<div class='gallery-icon portrait'>\n\t\t\t\t<a data-elementor-open-lightbox=\"yes\" data-elementor-lightbox-slideshow=\"4827194\" data-elementor-lightbox-title=\"02\" data-elementor-lightbox-description=\"[Fot\u00f3grafo n\u00e3o identificado]. Silvestre Ferraz, out. 1917. Murilo Rubi\u00e3o com um ano e cinco meses de idade.\" data-e-action-hash=\"#elementor-action%3Aaction%3Dlightbox%26settings%3DeyJpZCI6MzMwMSwidXJsIjoiaHR0cHM6XC9cL211cmlsb3J1Ymlhby5jb20uYnJcL3dwLWNvbnRlbnRcL3VwbG9hZHNcLzIwMjJcLzA3XC8wMi0zLmpwZyIsInNsaWRlc2hvdyI6IjQ4MjcxOTQifQ%3D%3D\" href='https:\/\/murilorubiao.com.br\/wp-content\/uploads\/2022\/07\/02-3.jpg'><img decoding=\"async\" width=\"300\" height=\"300\" src=\"https:\/\/murilorubiao.com.br\/wp-content\/uploads\/2022\/07\/02-3-300x300.jpg\" class=\"attachment-medium size-medium\" alt=\"\" aria-describedby=\"gallery-1-3301\" srcset=\"https:\/\/murilorubiao.com.br\/wp-content\/uploads\/2022\/07\/02-3-300x300.jpg 300w, https:\/\/murilorubiao.com.br\/wp-content\/uploads\/2022\/07\/02-3-1019x1024.jpg 1019w, https:\/\/murilorubiao.com.br\/wp-content\/uploads\/2022\/07\/02-3-150x150.jpg 150w, https:\/\/murilorubiao.com.br\/wp-content\/uploads\/2022\/07\/02-3-1529x1536.jpg 1529w, https:\/\/murilorubiao.com.br\/wp-content\/uploads\/2022\/07\/02-3-1294x1300.jpg 1294w, https:\/\/murilorubiao.com.br\/wp-content\/uploads\/2022\/07\/02-3-50x50.jpg 50w, https:\/\/murilorubiao.com.br\/wp-content\/uploads\/2022\/07\/02-3-800x800.jpg 800w, https:\/\/murilorubiao.com.br\/wp-content\/uploads\/2022\/07\/02-3-100x100.jpg 100w, https:\/\/murilorubiao.com.br\/wp-content\/uploads\/2022\/07\/02-3.jpg 1732w\" sizes=\"(max-width: 300px) 100vw, 300px\" \/><\/a>\n\t\t\t<\/div>\n\t\t\t\t<figcaption class='wp-caption-text gallery-caption' id='gallery-1-3301'>\n\t\t\t\t[Fot\u00f3grafo n\u00e3o identificado]. Silvestre Ferraz, out. 1917. Murilo Rubi\u00e3o com um ano e cinco meses de idade.\n\t\t\t\t<\/figcaption><\/figure><figure class='gallery-item'>\n\t\t\t<div class='gallery-icon portrait'>\n\t\t\t\t<a data-elementor-open-lightbox=\"yes\" data-elementor-lightbox-slideshow=\"4827194\" data-elementor-lightbox-title=\"03\" data-elementor-lightbox-description=\"[Fot\u00f3grafo n\u00e3o identificado]. Concei\u00e7\u00e3o do Rio Verde, jul.1923. Murilo Rubi\u00e3o e seu irm\u00e3o Paulo Em\u00edlio na inf\u00e2ncia.\" data-e-action-hash=\"#elementor-action%3Aaction%3Dlightbox%26settings%3DeyJpZCI6MzMwMiwidXJsIjoiaHR0cHM6XC9cL211cmlsb3J1Ymlhby5jb20uYnJcL3dwLWNvbnRlbnRcL3VwbG9hZHNcLzIwMjJcLzA3XC8wMy0zLmpwZyIsInNsaWRlc2hvdyI6IjQ4MjcxOTQifQ%3D%3D\" href='https:\/\/murilorubiao.com.br\/wp-content\/uploads\/2022\/07\/03-3.jpg'><img decoding=\"async\" width=\"300\" height=\"300\" src=\"https:\/\/murilorubiao.com.br\/wp-content\/uploads\/2022\/07\/03-3-300x300.jpg\" class=\"attachment-medium size-medium\" alt=\"\" aria-describedby=\"gallery-1-3302\" srcset=\"https:\/\/murilorubiao.com.br\/wp-content\/uploads\/2022\/07\/03-3-300x300.jpg 300w, https:\/\/murilorubiao.com.br\/wp-content\/uploads\/2022\/07\/03-3-1024x1024.jpg 1024w, https:\/\/murilorubiao.com.br\/wp-content\/uploads\/2022\/07\/03-3-150x150.jpg 150w, https:\/\/murilorubiao.com.br\/wp-content\/uploads\/2022\/07\/03-3-768x768.jpg 768w, https:\/\/murilorubiao.com.br\/wp-content\/uploads\/2022\/07\/03-3-1536x1536.jpg 1536w, https:\/\/murilorubiao.com.br\/wp-content\/uploads\/2022\/07\/03-3-800x800.jpg 800w, https:\/\/murilorubiao.com.br\/wp-content\/uploads\/2022\/07\/03-3-1300x1300.jpg 1300w, https:\/\/murilorubiao.com.br\/wp-content\/uploads\/2022\/07\/03-3-50x50.jpg 50w, https:\/\/murilorubiao.com.br\/wp-content\/uploads\/2022\/07\/03-3-600x600.jpg 600w, https:\/\/murilorubiao.com.br\/wp-content\/uploads\/2022\/07\/03-3-100x100.jpg 100w, https:\/\/murilorubiao.com.br\/wp-content\/uploads\/2022\/07\/03-3.jpg 1739w\" sizes=\"(max-width: 300px) 100vw, 300px\" \/><\/a>\n\t\t\t<\/div>\n\t\t\t\t<figcaption class='wp-caption-text gallery-caption' id='gallery-1-3302'>\n\t\t\t\t[Fot\u00f3grafo n\u00e3o identificado]. Concei\u00e7\u00e3o do Rio Verde, jul.1923. Murilo Rubi\u00e3o e seu irm\u00e3o Paulo Em\u00edlio na inf\u00e2ncia.\n\t\t\t\t<\/figcaption><\/figure>\n\t\t<\/div>\n\t\t<\/div>\n\t\t\t\t<\/div>\n\t\t\t\t<\/div>\n\t\t\t\t\t<\/div>\n\t\t<\/div>\n\t\t\t\t\t<\/div>\n\t\t<\/section>\n\t\t\t\t<section class=\"elementor-section elementor-top-section elementor-element elementor-element-8010bbf elementor-section-boxed elementor-section-height-default elementor-section-height-default\" data-id=\"8010bbf\" data-element_type=\"section\">\n\t\t\t\t\t\t<div class=\"elementor-container elementor-column-gap-default\">\n\t\t\t\t\t<div class=\"elementor-column elementor-col-100 elementor-top-column elementor-element elementor-element-32edcc7\" data-id=\"32edcc7\" data-element_type=\"column\">\n\t\t\t<div class=\"elementor-widget-wrap elementor-element-populated\">\n\t\t\t\t\t\t<div class=\"elementor-element elementor-element-daec11a elementor-widget-divider--view-line elementor-widget elementor-widget-divider\" data-id=\"daec11a\" data-element_type=\"widget\" data-widget_type=\"divider.default\">\n\t\t\t\t<div class=\"elementor-widget-container\">\n\t\t\t\t\t<div class=\"elementor-divider\">\n\t\t\t<span class=\"elementor-divider-separator\">\n\t\t\t\t\t\t<\/span>\n\t\t<\/div>\n\t\t\t\t<\/div>\n\t\t\t\t<\/div>\n\t\t\t\t\t<\/div>\n\t\t<\/div>\n\t\t\t\t\t<\/div>\n\t\t<\/section>\n\t\t\t\t<\/div>\n\t\t","protected":false},"excerpt":{"rendered":"<p>Galeria &gt; Fam\u00edlia [Fot\u00f3grafo n\u00e3o identificado]. Betim, 1942. MR com sua fam\u00edlia em Betim, na comemora\u00e7\u00e3o das bodas de prata de seus pais. [Fot\u00f3grafo n\u00e3o&#8230;<\/p>\n","protected":false},"author":1,"featured_media":0,"parent":3296,"menu_order":5,"comment_status":"closed","ping_status":"closed","template":"","meta":{"footnotes":""},"class_list":["post-3298","page","type-page","status-publish","hentry"],"_links":{"self":[{"href":"https:\/\/murilorubiao.com.br\/index.php\/wp-json\/wp\/v2\/pages\/3298","targetHints":{"allow":["GET"]}}],"collection":[{"href":"https:\/\/murilorubiao.com.br\/index.php\/wp-json\/wp\/v2\/pages"}],"about":[{"href":"https:\/\/murilorubiao.com.br\/index.php\/wp-json\/wp\/v2\/types\/page"}],"author":[{"embeddable":true,"href":"https:\/\/murilorubiao.com.br\/index.php\/wp-json\/wp\/v2\/users\/1"}],"replies":[{"embeddable":true,"href":"https:\/\/murilorubiao.com.br\/index.php\/wp-json\/wp\/v2\/comments?post=3298"}],"version-history":[{"count":10,"href":"https:\/\/murilorubiao.com.br\/index.php\/wp-json\/wp\/v2\/pages\/3298\/revisions"}],"predecessor-version":[{"id":3760,"href":"https:\/\/murilorubiao.com.br\/index.php\/wp-json\/wp\/v2\/pages\/3298\/revisions\/3760"}],"up":[{"embeddable":true,"href":"https:\/\/murilorubiao.com.br\/index.php\/wp-json\/wp\/v2\/pages\/3296"}],"wp:attachment":[{"href":"https:\/\/murilorubiao.com.br\/index.php\/wp-json\/wp\/v2\/media?parent=3298"}],"curies":[{"name":"wp","href":"https:\/\/api.w.org\/{rel}","templated":true}]}}