{"id":3159,"date":"2022-07-29T11:06:10","date_gmt":"2022-07-29T14:06:10","guid":{"rendered":"https:\/\/murilorubiao.com.br\/?page_id=3159"},"modified":"2022-08-15T22:36:11","modified_gmt":"2022-08-16T01:36:11","slug":"murilianas-ilustracoes-de-contos","status":"publish","type":"page","link":"https:\/\/murilorubiao.com.br\/index.php\/murilianas-ilustracoes-de-contos","title":{"rendered":"Murilianas > Ilustra\u00e7\u00f5es de contos"},"content":{"rendered":"\t\t<div data-elementor-type=\"wp-post\" data-elementor-id=\"3159\" class=\"elementor elementor-3159\">\n\t\t\t\t\t\t<section class=\"elementor-section elementor-top-section elementor-element elementor-element-23573ae elementor-section-full_width elementor-section-height-default elementor-section-height-default\" data-id=\"23573ae\" data-element_type=\"section\" data-settings=\"{&quot;background_background&quot;:&quot;classic&quot;,&quot;background_image&quot;:{&quot;url&quot;:&quot;&quot;,&quot;id&quot;:&quot;&quot;,&quot;size&quot;:&quot;&quot;,&quot;alt&quot;:&quot;&quot;,&quot;source&quot;:&quot;library&quot;}}\">\n\t\t\t\t\t\t<div class=\"elementor-container elementor-column-gap-no\">\n\t\t\t\t\t<div class=\"elementor-column elementor-col-100 elementor-top-column elementor-element elementor-element-a95b764\" data-id=\"a95b764\" data-element_type=\"column\" data-settings=\"{&quot;background_background&quot;:&quot;classic&quot;}\">\n\t\t\t<div class=\"elementor-widget-wrap elementor-element-populated\">\n\t\t\t\t\t<div class=\"elementor-background-overlay\"><\/div>\n\t\t\t\t\t\t<div class=\"elementor-element elementor-element-49ba8f8 elementor-widget elementor-widget-image\" data-id=\"49ba8f8\" data-element_type=\"widget\" data-widget_type=\"image.default\">\n\t\t\t\t<div class=\"elementor-widget-container\">\n\t\t\t\t\t\t\t\t\t\t\t\t\t<img fetchpriority=\"high\" decoding=\"async\" width=\"1024\" height=\"304\" src=\"https:\/\/murilorubiao.com.br\/wp-content\/uploads\/2022\/08\/banner_1366x650-6-1024x304.png\" class=\"attachment-large size-large wp-image-3830\" alt=\"\" srcset=\"https:\/\/murilorubiao.com.br\/wp-content\/uploads\/2022\/08\/banner_1366x650-6-1024x304.png 1024w, https:\/\/murilorubiao.com.br\/wp-content\/uploads\/2022\/08\/banner_1366x650-6-300x89.png 300w, https:\/\/murilorubiao.com.br\/wp-content\/uploads\/2022\/08\/banner_1366x650-6-150x45.png 150w, https:\/\/murilorubiao.com.br\/wp-content\/uploads\/2022\/08\/banner_1366x650-6-768x228.png 768w, https:\/\/murilorubiao.com.br\/wp-content\/uploads\/2022\/08\/banner_1366x650-6-800x238.png 800w, https:\/\/murilorubiao.com.br\/wp-content\/uploads\/2022\/08\/banner_1366x650-6-1300x386.png 1300w, https:\/\/murilorubiao.com.br\/wp-content\/uploads\/2022\/08\/banner_1366x650-6-600x178.png 600w, https:\/\/murilorubiao.com.br\/wp-content\/uploads\/2022\/08\/banner_1366x650-6.png 1366w\" sizes=\"(max-width: 1024px) 100vw, 1024px\" \/>\t\t\t\t\t\t\t\t\t\t\t\t\t<\/div>\n\t\t\t\t<\/div>\n\t\t\t\t\t<\/div>\n\t\t<\/div>\n\t\t\t\t\t<\/div>\n\t\t<\/section>\n\t\t\t\t<section class=\"elementor-section elementor-top-section elementor-element elementor-element-b68259f elementor-section-full_width elementor-section-height-default elementor-section-height-default\" data-id=\"b68259f\" data-element_type=\"section\">\n\t\t\t\t\t\t<div class=\"elementor-container elementor-column-gap-default\">\n\t\t\t\t\t<div class=\"elementor-column elementor-col-100 elementor-top-column elementor-element elementor-element-06fd0c1\" data-id=\"06fd0c1\" data-element_type=\"column\">\n\t\t\t<div class=\"elementor-widget-wrap elementor-element-populated\">\n\t\t\t\t\t\t<div class=\"elementor-element elementor-element-d1e2d14 elementor-widget elementor-widget-image\" data-id=\"d1e2d14\" data-element_type=\"widget\" data-widget_type=\"image.default\">\n\t\t\t\t<div class=\"elementor-widget-container\">\n\t\t\t\t\t\t\t\t\t\t\t\t\t<img decoding=\"async\" width=\"150\" height=\"150\" src=\"https:\/\/murilorubiao.com.br\/wp-content\/uploads\/2022\/08\/texto-150x150.png\" class=\"attachment-thumbnail size-thumbnail wp-image-3505\" alt=\"\" srcset=\"https:\/\/murilorubiao.com.br\/wp-content\/uploads\/2022\/08\/texto.png 150w, https:\/\/murilorubiao.com.br\/wp-content\/uploads\/2022\/08\/texto-50x50.png 50w, https:\/\/murilorubiao.com.br\/wp-content\/uploads\/2022\/08\/texto-100x100.png 100w\" sizes=\"(max-width: 150px) 100vw, 150px\" \/>\t\t\t\t\t\t\t\t\t\t\t\t\t<\/div>\n\t\t\t\t<\/div>\n\t\t\t\t<div class=\"elementor-element elementor-element-f36eed3 elementor-widget elementor-widget-ssd_blockquote\" data-id=\"f36eed3\" data-element_type=\"widget\" data-widget_type=\"ssd_blockquote.default\">\n\t\t\t\t<div class=\"elementor-widget-container\">\n\t\t\t\t\r\n\t\t<div class=\"Blockquote\">\r\n\t\t\t<div class=\"blockquote-content-wrapper text-center\">\r\n\t\t\t\t\t\t\t\t<div class=\"blockquote-content\">\r\n\t\t\t\t\t\"Essa circularidade dos meus textos permite que eu n\u00e3o termine a hist\u00f3ria, que ela continue. E continua sempre. Ela vai continuar no leitor, ter\u00e1 uma outra vida, diversa da que eu lhe dei.\"\t\t\t\t<\/div>\r\n\t\t\t\t\t\t\t\t\t\t\t\t\t<div class=\"author-wrapper\">\r\n\t\t\t\t\t\t<span class=\"author font-heading\">Murilo Rubi\u00e3o<\/span>\r\n\t\t\t\t\t\t\t\t\t\t\t<\/div>\r\n\t\t\t\t\t\t\t<\/div>\r\n\t\t<\/div>\r\n\r\n\t\t\t<\/div>\n\t\t\t\t<\/div>\n\t\t\t\t\t<\/div>\n\t\t<\/div>\n\t\t\t\t\t<\/div>\n\t\t<\/section>\n\t\t\t\t<section class=\"elementor-section elementor-top-section elementor-element elementor-element-6a49214 elementor-section-boxed elementor-section-height-default elementor-section-height-default\" data-id=\"6a49214\" data-element_type=\"section\">\n\t\t\t\t\t\t<div class=\"elementor-container elementor-column-gap-default\">\n\t\t\t\t\t<div class=\"elementor-column elementor-col-100 elementor-top-column elementor-element elementor-element-d9c68dd\" data-id=\"d9c68dd\" data-element_type=\"column\">\n\t\t\t<div class=\"elementor-widget-wrap elementor-element-populated\">\n\t\t\t\t\t\t<div class=\"elementor-element elementor-element-c0486ee elementor-widget elementor-widget-heading\" data-id=\"c0486ee\" data-element_type=\"widget\" data-widget_type=\"heading.default\">\n\t\t\t\t<div class=\"elementor-widget-container\">\n\t\t\t<h1 class=\"elementor-heading-title elementor-size-default\">Murilianas &gt; Ilustra\u00e7\u00f5es de Contos<\/h1>\t\t<\/div>\n\t\t\t\t<\/div>\n\t\t\t\t\t<\/div>\n\t\t<\/div>\n\t\t\t\t\t<\/div>\n\t\t<\/section>\n\t\t\t\t<section class=\"elementor-section elementor-top-section elementor-element elementor-element-9ea2c93 elementor-section-boxed elementor-section-height-default elementor-section-height-default\" data-id=\"9ea2c93\" data-element_type=\"section\">\n\t\t\t\t\t\t<div class=\"elementor-container elementor-column-gap-default\">\n\t\t\t\t\t<div class=\"elementor-column elementor-col-100 elementor-top-column elementor-element elementor-element-c2d7320\" data-id=\"c2d7320\" data-element_type=\"column\">\n\t\t\t<div class=\"elementor-widget-wrap elementor-element-populated\">\n\t\t\t\t\t\t<div class=\"elementor-element elementor-element-c04f2f0 elementor-widget elementor-widget-image-gallery\" data-id=\"c04f2f0\" data-element_type=\"widget\" data-widget_type=\"image-gallery.default\">\n\t\t\t\t<div class=\"elementor-widget-container\">\n\t\t\t\t\t<div class=\"elementor-image-gallery\">\n\t\t\t<div id='gallery-1' class='gallery galleryid-3159 gallery-columns-3 gallery-size-medium'><figure class='gallery-item'>\n\t\t\t<div class='gallery-icon portrait'>\n\t\t\t\t<a data-elementor-open-lightbox=\"yes\" data-elementor-lightbox-slideshow=\"c04f2f0\" data-elementor-lightbox-title=\"01 - Vicente Abreu - A flor de vidro - 1952\" data-e-action-hash=\"#elementor-action%3Aaction%3Dlightbox%26settings%3DeyJpZCI6MzE2NCwidXJsIjoiaHR0cHM6XC9cL211cmlsb3J1Ymlhby5jb20uYnJcL3dwLWNvbnRlbnRcL3VwbG9hZHNcLzIwMjJcLzA3XC8wMS1WaWNlbnRlLUFicmV1LUEtZmxvci1kZS12aWRyby0xOTUyLmpwZyIsInNsaWRlc2hvdyI6ImMwNGYyZjAifQ%3D%3D\" href='https:\/\/murilorubiao.com.br\/wp-content\/uploads\/2022\/07\/01-Vicente-Abreu-A-flor-de-vidro-1952.jpg'><img decoding=\"async\" width=\"218\" height=\"300\" src=\"https:\/\/murilorubiao.com.br\/wp-content\/uploads\/2022\/07\/01-Vicente-Abreu-A-flor-de-vidro-1952-218x300.jpg\" class=\"attachment-medium size-medium\" alt=\"\" aria-describedby=\"gallery-1-3164\" srcset=\"https:\/\/murilorubiao.com.br\/wp-content\/uploads\/2022\/07\/01-Vicente-Abreu-A-flor-de-vidro-1952-218x300.jpg 218w, https:\/\/murilorubiao.com.br\/wp-content\/uploads\/2022\/07\/01-Vicente-Abreu-A-flor-de-vidro-1952-744x1024.jpg 744w, https:\/\/murilorubiao.com.br\/wp-content\/uploads\/2022\/07\/01-Vicente-Abreu-A-flor-de-vidro-1952-109x150.jpg 109w, https:\/\/murilorubiao.com.br\/wp-content\/uploads\/2022\/07\/01-Vicente-Abreu-A-flor-de-vidro-1952-768x1057.jpg 768w, https:\/\/murilorubiao.com.br\/wp-content\/uploads\/2022\/07\/01-Vicente-Abreu-A-flor-de-vidro-1952-581x800.jpg 581w, https:\/\/murilorubiao.com.br\/wp-content\/uploads\/2022\/07\/01-Vicente-Abreu-A-flor-de-vidro-1952-600x826.jpg 600w, https:\/\/murilorubiao.com.br\/wp-content\/uploads\/2022\/07\/01-Vicente-Abreu-A-flor-de-vidro-1952.jpg 919w\" sizes=\"(max-width: 218px) 100vw, 218px\" \/><\/a>\n\t\t\t<\/div>\n\t\t\t\t<figcaption class='wp-caption-text gallery-caption' id='gallery-1-3164'>\n\t\t\t\t01 \u2013 Vicente Abreu. A flor de vidro, desenho para a revista Horizonte, 1952.\n\t\t\t\t<\/figcaption><\/figure><figure class='gallery-item'>\n\t\t\t<div class='gallery-icon portrait'>\n\t\t\t\t<a data-elementor-open-lightbox=\"yes\" data-elementor-lightbox-slideshow=\"c04f2f0\" data-elementor-lightbox-title=\"02 - Washington J\u00fanior. A armadilha - 1971\" data-e-action-hash=\"#elementor-action%3Aaction%3Dlightbox%26settings%3DeyJpZCI6MzE2NSwidXJsIjoiaHR0cHM6XC9cL211cmlsb3J1Ymlhby5jb20uYnJcL3dwLWNvbnRlbnRcL3VwbG9hZHNcLzIwMjJcLzA3XC8wMi1XYXNoaW5ndG9uLUp1bmlvci4tQS1hcm1hZGlsaGEtMTk3MS1zY2FsZWQuanBnIiwic2xpZGVzaG93IjoiYzA0ZjJmMCJ9\" href='https:\/\/murilorubiao.com.br\/wp-content\/uploads\/2022\/07\/02-Washington-Junior.-A-armadilha-1971-scaled.jpg'><img loading=\"lazy\" decoding=\"async\" width=\"188\" height=\"300\" src=\"https:\/\/murilorubiao.com.br\/wp-content\/uploads\/2022\/07\/02-Washington-Junior.-A-armadilha-1971-188x300.jpg\" class=\"attachment-medium size-medium\" alt=\"\" aria-describedby=\"gallery-1-3165\" srcset=\"https:\/\/murilorubiao.com.br\/wp-content\/uploads\/2022\/07\/02-Washington-Junior.-A-armadilha-1971-188x300.jpg 188w, https:\/\/murilorubiao.com.br\/wp-content\/uploads\/2022\/07\/02-Washington-Junior.-A-armadilha-1971-641x1024.jpg 641w, https:\/\/murilorubiao.com.br\/wp-content\/uploads\/2022\/07\/02-Washington-Junior.-A-armadilha-1971-94x150.jpg 94w, https:\/\/murilorubiao.com.br\/wp-content\/uploads\/2022\/07\/02-Washington-Junior.-A-armadilha-1971-768x1226.jpg 768w, https:\/\/murilorubiao.com.br\/wp-content\/uploads\/2022\/07\/02-Washington-Junior.-A-armadilha-1971-962x1536.jpg 962w, https:\/\/murilorubiao.com.br\/wp-content\/uploads\/2022\/07\/02-Washington-Junior.-A-armadilha-1971-1283x2048.jpg 1283w, https:\/\/murilorubiao.com.br\/wp-content\/uploads\/2022\/07\/02-Washington-Junior.-A-armadilha-1971-501x800.jpg 501w, https:\/\/murilorubiao.com.br\/wp-content\/uploads\/2022\/07\/02-Washington-Junior.-A-armadilha-1971-814x1300.jpg 814w, https:\/\/murilorubiao.com.br\/wp-content\/uploads\/2022\/07\/02-Washington-Junior.-A-armadilha-1971-600x958.jpg 600w, https:\/\/murilorubiao.com.br\/wp-content\/uploads\/2022\/07\/02-Washington-Junior.-A-armadilha-1971-scaled.jpg 1603w\" sizes=\"(max-width: 188px) 100vw, 188px\" \/><\/a>\n\t\t\t<\/div>\n\t\t\t\t<figcaption class='wp-caption-text gallery-caption' id='gallery-1-3165'>\n\t\t\t\t02 \u2013 Washington J\u00fanior. A armadilha, desenho, 1971.\n\t\t\t\t<\/figcaption><\/figure><figure class='gallery-item'>\n\t\t\t<div class='gallery-icon portrait'>\n\t\t\t\t<a data-elementor-open-lightbox=\"yes\" data-elementor-lightbox-slideshow=\"c04f2f0\" data-elementor-lightbox-title=\"03 - M\u00e1rcio Sampaio. Teleco - sem data\" data-e-action-hash=\"#elementor-action%3Aaction%3Dlightbox%26settings%3DeyJpZCI6MzE2NiwidXJsIjoiaHR0cHM6XC9cL211cmlsb3J1Ymlhby5jb20uYnJcL3dwLWNvbnRlbnRcL3VwbG9hZHNcLzIwMjJcLzA3XC8wMy1NYXJjaW8tU2FtcGFpby4tVGVsZWNvLXNlbS1kYXRhLXNjYWxlZC5qcGciLCJzbGlkZXNob3ciOiJjMDRmMmYwIn0%3D\" href='https:\/\/murilorubiao.com.br\/wp-content\/uploads\/2022\/07\/03-Marcio-Sampaio.-Teleco-sem-data-scaled.jpg'><img loading=\"lazy\" decoding=\"async\" width=\"213\" height=\"300\" src=\"https:\/\/murilorubiao.com.br\/wp-content\/uploads\/2022\/07\/03-Marcio-Sampaio.-Teleco-sem-data-213x300.jpg\" class=\"attachment-medium size-medium\" alt=\"\" aria-describedby=\"gallery-1-3166\" srcset=\"https:\/\/murilorubiao.com.br\/wp-content\/uploads\/2022\/07\/03-Marcio-Sampaio.-Teleco-sem-data-213x300.jpg 213w, https:\/\/murilorubiao.com.br\/wp-content\/uploads\/2022\/07\/03-Marcio-Sampaio.-Teleco-sem-data-727x1024.jpg 727w, https:\/\/murilorubiao.com.br\/wp-content\/uploads\/2022\/07\/03-Marcio-Sampaio.-Teleco-sem-data-106x150.jpg 106w, https:\/\/murilorubiao.com.br\/wp-content\/uploads\/2022\/07\/03-Marcio-Sampaio.-Teleco-sem-data-768x1082.jpg 768w, https:\/\/murilorubiao.com.br\/wp-content\/uploads\/2022\/07\/03-Marcio-Sampaio.-Teleco-sem-data-1090x1536.jpg 1090w, https:\/\/murilorubiao.com.br\/wp-content\/uploads\/2022\/07\/03-Marcio-Sampaio.-Teleco-sem-data-1454x2048.jpg 1454w, https:\/\/murilorubiao.com.br\/wp-content\/uploads\/2022\/07\/03-Marcio-Sampaio.-Teleco-sem-data-568x800.jpg 568w, https:\/\/murilorubiao.com.br\/wp-content\/uploads\/2022\/07\/03-Marcio-Sampaio.-Teleco-sem-data-923x1300.jpg 923w, https:\/\/murilorubiao.com.br\/wp-content\/uploads\/2022\/07\/03-Marcio-Sampaio.-Teleco-sem-data-600x845.jpg 600w, https:\/\/murilorubiao.com.br\/wp-content\/uploads\/2022\/07\/03-Marcio-Sampaio.-Teleco-sem-data-scaled.jpg 1817w\" sizes=\"(max-width: 213px) 100vw, 213px\" \/><\/a>\n\t\t\t<\/div>\n\t\t\t\t<figcaption class='wp-caption-text gallery-caption' id='gallery-1-3166'>\n\t\t\t\t03 \u2013 M\u00e1rcio Sampaio. Teleco, desenho, sem data.\n\t\t\t\t<\/figcaption><\/figure><figure class='gallery-item'>\n\t\t\t<div class='gallery-icon portrait'>\n\t\t\t\t<a data-elementor-open-lightbox=\"yes\" data-elementor-lightbox-slideshow=\"c04f2f0\" data-elementor-lightbox-title=\"04 - Eliana Rangel. O convidado - 1987\" data-e-action-hash=\"#elementor-action%3Aaction%3Dlightbox%26settings%3DeyJpZCI6MzE2NywidXJsIjoiaHR0cHM6XC9cL211cmlsb3J1Ymlhby5jb20uYnJcL3dwLWNvbnRlbnRcL3VwbG9hZHNcLzIwMjJcLzA3XC8wNC1FbGlhbmEtUmFuZ2VsLi1PLWNvbnZpZGFkby0xOTg3LXNjYWxlZC5qcGciLCJzbGlkZXNob3ciOiJjMDRmMmYwIn0%3D\" href='https:\/\/murilorubiao.com.br\/wp-content\/uploads\/2022\/07\/04-Eliana-Rangel.-O-convidado-1987-scaled.jpg'><img loading=\"lazy\" decoding=\"async\" width=\"174\" height=\"300\" src=\"https:\/\/murilorubiao.com.br\/wp-content\/uploads\/2022\/07\/04-Eliana-Rangel.-O-convidado-1987-174x300.jpg\" class=\"attachment-medium size-medium\" alt=\"\" aria-describedby=\"gallery-1-3167\" srcset=\"https:\/\/murilorubiao.com.br\/wp-content\/uploads\/2022\/07\/04-Eliana-Rangel.-O-convidado-1987-174x300.jpg 174w, https:\/\/murilorubiao.com.br\/wp-content\/uploads\/2022\/07\/04-Eliana-Rangel.-O-convidado-1987-594x1024.jpg 594w, https:\/\/murilorubiao.com.br\/wp-content\/uploads\/2022\/07\/04-Eliana-Rangel.-O-convidado-1987-87x150.jpg 87w, https:\/\/murilorubiao.com.br\/wp-content\/uploads\/2022\/07\/04-Eliana-Rangel.-O-convidado-1987-768x1324.jpg 768w, https:\/\/murilorubiao.com.br\/wp-content\/uploads\/2022\/07\/04-Eliana-Rangel.-O-convidado-1987-891x1536.jpg 891w, https:\/\/murilorubiao.com.br\/wp-content\/uploads\/2022\/07\/04-Eliana-Rangel.-O-convidado-1987-1188x2048.jpg 1188w, https:\/\/murilorubiao.com.br\/wp-content\/uploads\/2022\/07\/04-Eliana-Rangel.-O-convidado-1987-464x800.jpg 464w, https:\/\/murilorubiao.com.br\/wp-content\/uploads\/2022\/07\/04-Eliana-Rangel.-O-convidado-1987-754x1300.jpg 754w, https:\/\/murilorubiao.com.br\/wp-content\/uploads\/2022\/07\/04-Eliana-Rangel.-O-convidado-1987-600x1034.jpg 600w, https:\/\/murilorubiao.com.br\/wp-content\/uploads\/2022\/07\/04-Eliana-Rangel.-O-convidado-1987-scaled.jpg 1485w\" sizes=\"(max-width: 174px) 100vw, 174px\" \/><\/a>\n\t\t\t<\/div>\n\t\t\t\t<figcaption class='wp-caption-text gallery-caption' id='gallery-1-3167'>\n\t\t\t\t04 \u2013Eliana Rangel. O convidado, desenho, 1987.\n\t\t\t\t<\/figcaption><\/figure><figure class='gallery-item'>\n\t\t\t<div class='gallery-icon portrait'>\n\t\t\t\t<a data-elementor-open-lightbox=\"yes\" data-elementor-lightbox-slideshow=\"c04f2f0\" data-elementor-lightbox-title=\"05 - Zew - O ex-m\u00e1gico - 1987\" data-e-action-hash=\"#elementor-action%3Aaction%3Dlightbox%26settings%3DeyJpZCI6MzE2OCwidXJsIjoiaHR0cHM6XC9cL211cmlsb3J1Ymlhby5jb20uYnJcL3dwLWNvbnRlbnRcL3VwbG9hZHNcLzIwMjJcLzA3XC8wNS1aZXctTy1leC1tYWdpY28tMTk4Ny1zY2FsZWQuanBnIiwic2xpZGVzaG93IjoiYzA0ZjJmMCJ9\" href='https:\/\/murilorubiao.com.br\/wp-content\/uploads\/2022\/07\/05-Zew-O-ex-magico-1987-scaled.jpg'><img loading=\"lazy\" decoding=\"async\" width=\"212\" height=\"300\" src=\"https:\/\/murilorubiao.com.br\/wp-content\/uploads\/2022\/07\/05-Zew-O-ex-magico-1987-212x300.jpg\" class=\"attachment-medium size-medium\" alt=\"\" aria-describedby=\"gallery-1-3168\" srcset=\"https:\/\/murilorubiao.com.br\/wp-content\/uploads\/2022\/07\/05-Zew-O-ex-magico-1987-212x300.jpg 212w, https:\/\/murilorubiao.com.br\/wp-content\/uploads\/2022\/07\/05-Zew-O-ex-magico-1987-725x1024.jpg 725w, https:\/\/murilorubiao.com.br\/wp-content\/uploads\/2022\/07\/05-Zew-O-ex-magico-1987-106x150.jpg 106w, https:\/\/murilorubiao.com.br\/wp-content\/uploads\/2022\/07\/05-Zew-O-ex-magico-1987-768x1085.jpg 768w, https:\/\/murilorubiao.com.br\/wp-content\/uploads\/2022\/07\/05-Zew-O-ex-magico-1987-1087x1536.jpg 1087w, https:\/\/murilorubiao.com.br\/wp-content\/uploads\/2022\/07\/05-Zew-O-ex-magico-1987-1450x2048.jpg 1450w, https:\/\/murilorubiao.com.br\/wp-content\/uploads\/2022\/07\/05-Zew-O-ex-magico-1987-566x800.jpg 566w, https:\/\/murilorubiao.com.br\/wp-content\/uploads\/2022\/07\/05-Zew-O-ex-magico-1987-920x1300.jpg 920w, https:\/\/murilorubiao.com.br\/wp-content\/uploads\/2022\/07\/05-Zew-O-ex-magico-1987-600x848.jpg 600w, https:\/\/murilorubiao.com.br\/wp-content\/uploads\/2022\/07\/05-Zew-O-ex-magico-1987-scaled.jpg 1812w\" sizes=\"(max-width: 212px) 100vw, 212px\" \/><\/a>\n\t\t\t<\/div>\n\t\t\t\t<figcaption class='wp-caption-text gallery-caption' id='gallery-1-3168'>\n\t\t\t\t05 \u2013 Zew. O ex-m\u00e1gico, desenho, 1987.\n\t\t\t\t<\/figcaption><\/figure>\n\t\t<\/div>\n\t\t<\/div>\n\t\t\t\t<\/div>\n\t\t\t\t<\/div>\n\t\t\t\t\t<\/div>\n\t\t<\/div>\n\t\t\t\t\t<\/div>\n\t\t<\/section>\n\t\t\t\t<\/div>\n\t\t","protected":false},"excerpt":{"rendered":"<p>&#8220;Essa circularidade dos meus textos permite que eu n\u00e3o termine a hist\u00f3ria, que ela continue. E continua sempre. Ela vai continuar no leitor, ter\u00e1 uma&#8230;<\/p>\n","protected":false},"author":1,"featured_media":0,"parent":0,"menu_order":7,"comment_status":"closed","ping_status":"closed","template":"","meta":{"footnotes":""},"class_list":["post-3159","page","type-page","status-publish","hentry"],"_links":{"self":[{"href":"https:\/\/murilorubiao.com.br\/index.php\/wp-json\/wp\/v2\/pages\/3159","targetHints":{"allow":["GET"]}}],"collection":[{"href":"https:\/\/murilorubiao.com.br\/index.php\/wp-json\/wp\/v2\/pages"}],"about":[{"href":"https:\/\/murilorubiao.com.br\/index.php\/wp-json\/wp\/v2\/types\/page"}],"author":[{"embeddable":true,"href":"https:\/\/murilorubiao.com.br\/index.php\/wp-json\/wp\/v2\/users\/1"}],"replies":[{"embeddable":true,"href":"https:\/\/murilorubiao.com.br\/index.php\/wp-json\/wp\/v2\/comments?post=3159"}],"version-history":[{"count":18,"href":"https:\/\/murilorubiao.com.br\/index.php\/wp-json\/wp\/v2\/pages\/3159\/revisions"}],"predecessor-version":[{"id":4160,"href":"https:\/\/murilorubiao.com.br\/index.php\/wp-json\/wp\/v2\/pages\/3159\/revisions\/4160"}],"wp:attachment":[{"href":"https:\/\/murilorubiao.com.br\/index.php\/wp-json\/wp\/v2\/media?parent=3159"}],"curies":[{"name":"wp","href":"https:\/\/api.w.org\/{rel}","templated":true}]}}