{"id":3098,"date":"2022-07-29T10:18:21","date_gmt":"2022-07-29T13:18:21","guid":{"rendered":"https:\/\/murilorubiao.com.br\/?page_id=3098"},"modified":"2022-08-04T08:57:13","modified_gmt":"2022-08-04T11:57:13","slug":"murilianas-caricaturas-e-desenhos","status":"publish","type":"page","link":"https:\/\/murilorubiao.com.br\/index.php\/murilianas-caricaturas-e-desenhos","title":{"rendered":"Murilianas > Caricaturas e desenhos"},"content":{"rendered":"\t\t<div data-elementor-type=\"wp-post\" data-elementor-id=\"3098\" class=\"elementor elementor-3098\">\n\t\t\t\t\t\t<section class=\"elementor-section elementor-top-section elementor-element elementor-element-23573ae elementor-section-full_width elementor-section-height-default elementor-section-height-default\" data-id=\"23573ae\" data-element_type=\"section\" data-settings=\"{&quot;background_background&quot;:&quot;classic&quot;,&quot;background_image&quot;:{&quot;url&quot;:&quot;&quot;,&quot;id&quot;:&quot;&quot;,&quot;size&quot;:&quot;&quot;,&quot;alt&quot;:&quot;&quot;,&quot;source&quot;:&quot;library&quot;}}\">\n\t\t\t\t\t\t<div class=\"elementor-container elementor-column-gap-no\">\n\t\t\t\t\t<div class=\"elementor-column elementor-col-100 elementor-top-column elementor-element elementor-element-a95b764\" data-id=\"a95b764\" data-element_type=\"column\" data-settings=\"{&quot;background_background&quot;:&quot;classic&quot;}\">\n\t\t\t<div class=\"elementor-widget-wrap elementor-element-populated\">\n\t\t\t\t\t<div class=\"elementor-background-overlay\"><\/div>\n\t\t\t\t\t\t<div class=\"elementor-element elementor-element-49ba8f8 elementor-widget elementor-widget-image\" data-id=\"49ba8f8\" data-element_type=\"widget\" data-widget_type=\"image.default\">\n\t\t\t\t<div class=\"elementor-widget-container\">\n\t\t\t\t\t\t\t\t\t\t\t\t\t<img fetchpriority=\"high\" decoding=\"async\" width=\"1024\" height=\"304\" src=\"https:\/\/murilorubiao.com.br\/wp-content\/uploads\/2022\/08\/banner_1366x650-6-1024x304.png\" class=\"attachment-large size-large wp-image-3830\" alt=\"\" srcset=\"https:\/\/murilorubiao.com.br\/wp-content\/uploads\/2022\/08\/banner_1366x650-6-1024x304.png 1024w, https:\/\/murilorubiao.com.br\/wp-content\/uploads\/2022\/08\/banner_1366x650-6-300x89.png 300w, https:\/\/murilorubiao.com.br\/wp-content\/uploads\/2022\/08\/banner_1366x650-6-150x45.png 150w, https:\/\/murilorubiao.com.br\/wp-content\/uploads\/2022\/08\/banner_1366x650-6-768x228.png 768w, https:\/\/murilorubiao.com.br\/wp-content\/uploads\/2022\/08\/banner_1366x650-6-800x238.png 800w, https:\/\/murilorubiao.com.br\/wp-content\/uploads\/2022\/08\/banner_1366x650-6-1300x386.png 1300w, https:\/\/murilorubiao.com.br\/wp-content\/uploads\/2022\/08\/banner_1366x650-6-600x178.png 600w, https:\/\/murilorubiao.com.br\/wp-content\/uploads\/2022\/08\/banner_1366x650-6.png 1366w\" sizes=\"(max-width: 1024px) 100vw, 1024px\" \/>\t\t\t\t\t\t\t\t\t\t\t\t\t<\/div>\n\t\t\t\t<\/div>\n\t\t\t\t\t<\/div>\n\t\t<\/div>\n\t\t\t\t\t<\/div>\n\t\t<\/section>\n\t\t\t\t<section class=\"elementor-section elementor-top-section elementor-element elementor-element-1811e59 elementor-section-full_width elementor-section-height-default elementor-section-height-default\" data-id=\"1811e59\" data-element_type=\"section\">\n\t\t\t\t\t\t<div class=\"elementor-container elementor-column-gap-default\">\n\t\t\t\t\t<div class=\"elementor-column elementor-col-100 elementor-top-column elementor-element elementor-element-9e67fdf\" data-id=\"9e67fdf\" data-element_type=\"column\">\n\t\t\t<div class=\"elementor-widget-wrap elementor-element-populated\">\n\t\t\t\t\t\t<div class=\"elementor-element elementor-element-0b66631 elementor-widget elementor-widget-image\" data-id=\"0b66631\" data-element_type=\"widget\" data-widget_type=\"image.default\">\n\t\t\t\t<div class=\"elementor-widget-container\">\n\t\t\t\t\t\t\t\t\t\t\t\t\t<img decoding=\"async\" width=\"150\" height=\"150\" src=\"https:\/\/murilorubiao.com.br\/wp-content\/uploads\/2022\/08\/texto-150x150.png\" class=\"attachment-thumbnail size-thumbnail wp-image-3505\" alt=\"\" srcset=\"https:\/\/murilorubiao.com.br\/wp-content\/uploads\/2022\/08\/texto.png 150w, https:\/\/murilorubiao.com.br\/wp-content\/uploads\/2022\/08\/texto-50x50.png 50w, https:\/\/murilorubiao.com.br\/wp-content\/uploads\/2022\/08\/texto-100x100.png 100w\" sizes=\"(max-width: 150px) 100vw, 150px\" \/>\t\t\t\t\t\t\t\t\t\t\t\t\t<\/div>\n\t\t\t\t<\/div>\n\t\t\t\t<div class=\"elementor-element elementor-element-0707f52 elementor-widget elementor-widget-ssd_blockquote\" data-id=\"0707f52\" data-element_type=\"widget\" data-widget_type=\"ssd_blockquote.default\">\n\t\t\t\t<div class=\"elementor-widget-container\">\n\t\t\t\t\r\n\t\t<div class=\"Blockquote\">\r\n\t\t\t<div class=\"blockquote-content-wrapper text-center\">\r\n\t\t\t\t\t\t\t\t<div class=\"blockquote-content\">\r\n\t\t\t\t\t\"Essa circularidade dos meus textos permite que eu n\u00e3o termine a hist\u00f3ria, que ela continue. E continua sempre. Ela vai continuar no leitor, ter\u00e1 uma outra vida, diversa da que eu lhe dei.\"\t\t\t\t<\/div>\r\n\t\t\t\t\t\t\t\t\t\t\t\t\t<div class=\"author-wrapper\">\r\n\t\t\t\t\t\t<span class=\"author font-heading\">Murilo Rubi\u00e3o<\/span>\r\n\t\t\t\t\t\t\t\t\t\t\t<\/div>\r\n\t\t\t\t\t\t\t<\/div>\r\n\t\t<\/div>\r\n\r\n\t\t\t<\/div>\n\t\t\t\t<\/div>\n\t\t\t\t\t<\/div>\n\t\t<\/div>\n\t\t\t\t\t<\/div>\n\t\t<\/section>\n\t\t\t\t<section class=\"elementor-section elementor-top-section elementor-element elementor-element-6a49214 elementor-section-boxed elementor-section-height-default elementor-section-height-default\" data-id=\"6a49214\" data-element_type=\"section\">\n\t\t\t\t\t\t<div class=\"elementor-container elementor-column-gap-default\">\n\t\t\t\t\t<div class=\"elementor-column elementor-col-100 elementor-top-column elementor-element elementor-element-d9c68dd\" data-id=\"d9c68dd\" data-element_type=\"column\">\n\t\t\t<div class=\"elementor-widget-wrap elementor-element-populated\">\n\t\t\t\t\t\t<div class=\"elementor-element elementor-element-c0486ee elementor-widget elementor-widget-heading\" data-id=\"c0486ee\" data-element_type=\"widget\" data-widget_type=\"heading.default\">\n\t\t\t\t<div class=\"elementor-widget-container\">\n\t\t\t<h1 class=\"elementor-heading-title elementor-size-default\">Murilianas &gt; Caricaturas e desenhos<\/h1>\t\t<\/div>\n\t\t\t\t<\/div>\n\t\t\t\t\t<\/div>\n\t\t<\/div>\n\t\t\t\t\t<\/div>\n\t\t<\/section>\n\t\t\t\t<section class=\"elementor-section elementor-top-section elementor-element elementor-element-9ea2c93 elementor-section-boxed elementor-section-height-default elementor-section-height-default\" data-id=\"9ea2c93\" data-element_type=\"section\">\n\t\t\t\t\t\t<div class=\"elementor-container elementor-column-gap-default\">\n\t\t\t\t\t<div class=\"elementor-column elementor-col-100 elementor-top-column elementor-element elementor-element-c2d7320\" data-id=\"c2d7320\" data-element_type=\"column\">\n\t\t\t<div class=\"elementor-widget-wrap elementor-element-populated\">\n\t\t\t\t\t\t<div class=\"elementor-element elementor-element-c04f2f0 elementor-widget elementor-widget-image-gallery\" data-id=\"c04f2f0\" data-element_type=\"widget\" data-widget_type=\"image-gallery.default\">\n\t\t\t\t<div class=\"elementor-widget-container\">\n\t\t\t\t\t<div class=\"elementor-image-gallery\">\n\t\t\t<div id='gallery-1' class='gallery galleryid-3098 gallery-columns-3 gallery-size-medium'><figure class='gallery-item'>\n\t\t\t<div class='gallery-icon portrait'>\n\t\t\t\t<a data-elementor-open-lightbox=\"yes\" data-elementor-lightbox-slideshow=\"c04f2f0\" data-e-action-hash=\"#elementor-action%3Aaction%3Dlightbox%26settings%3DeyJpZCI6MzEwMCwidXJsIjoiaHR0cHM6XC9cL211cmlsb3J1Ymlhby5jb20uYnJcL3dwLWNvbnRlbnRcL3VwbG9hZHNcLzIwMjJcLzA3XC8wMS0yLmpwZyIsInNsaWRlc2hvdyI6ImMwNGYyZjAifQ%3D%3D\" href='https:\/\/murilorubiao.com.br\/wp-content\/uploads\/2022\/07\/01-2.jpg'><img decoding=\"async\" width=\"298\" height=\"300\" src=\"https:\/\/murilorubiao.com.br\/wp-content\/uploads\/2022\/07\/01-2-298x300.jpg\" class=\"attachment-medium size-medium\" alt=\"\" aria-describedby=\"gallery-1-3100\" srcset=\"https:\/\/murilorubiao.com.br\/wp-content\/uploads\/2022\/07\/01-2-298x300.jpg 298w, https:\/\/murilorubiao.com.br\/wp-content\/uploads\/2022\/07\/01-2-1019x1024.jpg 1019w, https:\/\/murilorubiao.com.br\/wp-content\/uploads\/2022\/07\/01-2-150x150.jpg 150w, https:\/\/murilorubiao.com.br\/wp-content\/uploads\/2022\/07\/01-2-768x772.jpg 768w, https:\/\/murilorubiao.com.br\/wp-content\/uploads\/2022\/07\/01-2-1528x1536.jpg 1528w, https:\/\/murilorubiao.com.br\/wp-content\/uploads\/2022\/07\/01-2-796x800.jpg 796w, https:\/\/murilorubiao.com.br\/wp-content\/uploads\/2022\/07\/01-2-1293x1300.jpg 1293w, https:\/\/murilorubiao.com.br\/wp-content\/uploads\/2022\/07\/01-2-50x50.jpg 50w, https:\/\/murilorubiao.com.br\/wp-content\/uploads\/2022\/07\/01-2-600x603.jpg 600w, https:\/\/murilorubiao.com.br\/wp-content\/uploads\/2022\/07\/01-2-100x100.jpg 100w, https:\/\/murilorubiao.com.br\/wp-content\/uploads\/2022\/07\/01-2.jpg 1724w\" sizes=\"(max-width: 298px) 100vw, 298px\" \/><\/a>\n\t\t\t<\/div>\n\t\t\t\t<figcaption class='wp-caption-text gallery-caption' id='gallery-1-3100'>\n\t\t\t\t01 \u2013 AUTORIA. Caricatura. Texto de Murilo Rubi\u00e3o: \u201cCaricatura minha feita por [ ]. 5-4-939\u201d.\n\t\t\t\t<\/figcaption><\/figure><figure class='gallery-item'>\n\t\t\t<div class='gallery-icon portrait'>\n\t\t\t\t<a data-elementor-open-lightbox=\"yes\" data-elementor-lightbox-slideshow=\"c04f2f0\" data-e-action-hash=\"#elementor-action%3Aaction%3Dlightbox%26settings%3DeyJpZCI6MzEwMSwidXJsIjoiaHR0cHM6XC9cL211cmlsb3J1Ymlhby5jb20uYnJcL3dwLWNvbnRlbnRcL3VwbG9hZHNcLzIwMjJcLzA3XC8wMi0yLXNjYWxlZC5qcGciLCJzbGlkZXNob3ciOiJjMDRmMmYwIn0%3D\" href='https:\/\/murilorubiao.com.br\/wp-content\/uploads\/2022\/07\/02-2-scaled.jpg'><img loading=\"lazy\" decoding=\"async\" width=\"203\" height=\"300\" src=\"https:\/\/murilorubiao.com.br\/wp-content\/uploads\/2022\/07\/02-2-203x300.jpg\" class=\"attachment-medium size-medium\" alt=\"\" aria-describedby=\"gallery-1-3101\" srcset=\"https:\/\/murilorubiao.com.br\/wp-content\/uploads\/2022\/07\/02-2-203x300.jpg 203w, https:\/\/murilorubiao.com.br\/wp-content\/uploads\/2022\/07\/02-2-694x1024.jpg 694w, https:\/\/murilorubiao.com.br\/wp-content\/uploads\/2022\/07\/02-2-102x150.jpg 102w, https:\/\/murilorubiao.com.br\/wp-content\/uploads\/2022\/07\/02-2-768x1133.jpg 768w, https:\/\/murilorubiao.com.br\/wp-content\/uploads\/2022\/07\/02-2-1041x1536.jpg 1041w, https:\/\/murilorubiao.com.br\/wp-content\/uploads\/2022\/07\/02-2-1388x2048.jpg 1388w, https:\/\/murilorubiao.com.br\/wp-content\/uploads\/2022\/07\/02-2-542x800.jpg 542w, https:\/\/murilorubiao.com.br\/wp-content\/uploads\/2022\/07\/02-2-881x1300.jpg 881w, https:\/\/murilorubiao.com.br\/wp-content\/uploads\/2022\/07\/02-2-600x885.jpg 600w, https:\/\/murilorubiao.com.br\/wp-content\/uploads\/2022\/07\/02-2-scaled.jpg 1735w\" sizes=\"(max-width: 203px) 100vw, 203px\" \/><\/a>\n\t\t\t<\/div>\n\t\t\t\t<figcaption class='wp-caption-text gallery-caption' id='gallery-1-3101'>\n\t\t\t\t02 \u2013 Delpino J\u00fanior. Desenho de Murilo Rubi\u00e3o. Belo Hoeizonte, 1940.\n\t\t\t\t<\/figcaption><\/figure><figure class='gallery-item'>\n\t\t\t<div class='gallery-icon portrait'>\n\t\t\t\t<a data-elementor-open-lightbox=\"yes\" data-elementor-lightbox-slideshow=\"c04f2f0\" data-e-action-hash=\"#elementor-action%3Aaction%3Dlightbox%26settings%3DeyJpZCI6MzEwMiwidXJsIjoiaHR0cHM6XC9cL211cmlsb3J1Ymlhby5jb20uYnJcL3dwLWNvbnRlbnRcL3VwbG9hZHNcLzIwMjJcLzA3XC8wMy0yLXNjYWxlZC5qcGciLCJzbGlkZXNob3ciOiJjMDRmMmYwIn0%3D\" href='https:\/\/murilorubiao.com.br\/wp-content\/uploads\/2022\/07\/03-2-scaled.jpg'><img loading=\"lazy\" decoding=\"async\" width=\"245\" height=\"300\" src=\"https:\/\/murilorubiao.com.br\/wp-content\/uploads\/2022\/07\/03-2-245x300.jpg\" class=\"attachment-medium size-medium\" alt=\"\" aria-describedby=\"gallery-1-3102\" srcset=\"https:\/\/murilorubiao.com.br\/wp-content\/uploads\/2022\/07\/03-2-245x300.jpg 245w, https:\/\/murilorubiao.com.br\/wp-content\/uploads\/2022\/07\/03-2-836x1024.jpg 836w, https:\/\/murilorubiao.com.br\/wp-content\/uploads\/2022\/07\/03-2-123x150.jpg 123w, https:\/\/murilorubiao.com.br\/wp-content\/uploads\/2022\/07\/03-2-768x940.jpg 768w, https:\/\/murilorubiao.com.br\/wp-content\/uploads\/2022\/07\/03-2-1254x1536.jpg 1254w, https:\/\/murilorubiao.com.br\/wp-content\/uploads\/2022\/07\/03-2-1673x2048.jpg 1673w, https:\/\/murilorubiao.com.br\/wp-content\/uploads\/2022\/07\/03-2-653x800.jpg 653w, https:\/\/murilorubiao.com.br\/wp-content\/uploads\/2022\/07\/03-2-1062x1300.jpg 1062w, https:\/\/murilorubiao.com.br\/wp-content\/uploads\/2022\/07\/03-2-600x735.jpg 600w\" sizes=\"(max-width: 245px) 100vw, 245px\" \/><\/a>\n\t\t\t<\/div>\n\t\t\t\t<figcaption class='wp-caption-text gallery-caption' id='gallery-1-3102'>\n\t\t\t\t03 &#8211; Fernando Pieruccetti. Caricatura de Murilo Rubi\u00e3o. Belo Horizonte, 1943.\n\t\t\t\t<\/figcaption><\/figure><figure class='gallery-item'>\n\t\t\t<div class='gallery-icon landscape'>\n\t\t\t\t<a data-elementor-open-lightbox=\"yes\" data-elementor-lightbox-slideshow=\"c04f2f0\" data-e-action-hash=\"#elementor-action%3Aaction%3Dlightbox%26settings%3DeyJpZCI6MzEwMywidXJsIjoiaHR0cHM6XC9cL211cmlsb3J1Ymlhby5jb20uYnJcL3dwLWNvbnRlbnRcL3VwbG9hZHNcLzIwMjJcLzA3XC8wNC0yLXNjYWxlZC5qcGciLCJzbGlkZXNob3ciOiJjMDRmMmYwIn0%3D\" href='https:\/\/murilorubiao.com.br\/wp-content\/uploads\/2022\/07\/04-2-scaled.jpg'><img loading=\"lazy\" decoding=\"async\" width=\"300\" height=\"203\" src=\"https:\/\/murilorubiao.com.br\/wp-content\/uploads\/2022\/07\/04-2-300x203.jpg\" class=\"attachment-medium size-medium\" alt=\"\" aria-describedby=\"gallery-1-3103\" srcset=\"https:\/\/murilorubiao.com.br\/wp-content\/uploads\/2022\/07\/04-2-300x203.jpg 300w, https:\/\/murilorubiao.com.br\/wp-content\/uploads\/2022\/07\/04-2-1024x691.jpg 1024w, https:\/\/murilorubiao.com.br\/wp-content\/uploads\/2022\/07\/04-2-150x101.jpg 150w, https:\/\/murilorubiao.com.br\/wp-content\/uploads\/2022\/07\/04-2-768x519.jpg 768w, https:\/\/murilorubiao.com.br\/wp-content\/uploads\/2022\/07\/04-2-1536x1037.jpg 1536w, https:\/\/murilorubiao.com.br\/wp-content\/uploads\/2022\/07\/04-2-2048x1383.jpg 2048w, https:\/\/murilorubiao.com.br\/wp-content\/uploads\/2022\/07\/04-2-800x540.jpg 800w, https:\/\/murilorubiao.com.br\/wp-content\/uploads\/2022\/07\/04-2-1300x878.jpg 1300w, https:\/\/murilorubiao.com.br\/wp-content\/uploads\/2022\/07\/04-2-600x405.jpg 600w\" sizes=\"(max-width: 300px) 100vw, 300px\" \/><\/a>\n\t\t\t<\/div>\n\t\t\t\t<figcaption class='wp-caption-text gallery-caption' id='gallery-1-3103'>\n\t\t\t\t04 \u2013 Silhueta de Murilo Rubi\u00e3o. Gravura com assinaturas de Amilcar de Castro,Jos\u00e9 Alves Pedrosa e Ceschiatti. 1948.\n\t\t\t\t<\/figcaption><\/figure><figure class='gallery-item'>\n\t\t\t<div class='gallery-icon portrait'>\n\t\t\t\t<a data-elementor-open-lightbox=\"yes\" data-elementor-lightbox-slideshow=\"c04f2f0\" data-e-action-hash=\"#elementor-action%3Aaction%3Dlightbox%26settings%3DeyJpZCI6MzEwNCwidXJsIjoiaHR0cHM6XC9cL211cmlsb3J1Ymlhby5jb20uYnJcL3dwLWNvbnRlbnRcL3VwbG9hZHNcLzIwMjJcLzA3XC8wNS0xLXNjYWxlZC5qcGciLCJzbGlkZXNob3ciOiJjMDRmMmYwIn0%3D\" href='https:\/\/murilorubiao.com.br\/wp-content\/uploads\/2022\/07\/05-1-scaled.jpg'><img loading=\"lazy\" decoding=\"async\" width=\"202\" height=\"300\" src=\"https:\/\/murilorubiao.com.br\/wp-content\/uploads\/2022\/07\/05-1-202x300.jpg\" class=\"attachment-medium size-medium\" alt=\"\" aria-describedby=\"gallery-1-3104\" srcset=\"https:\/\/murilorubiao.com.br\/wp-content\/uploads\/2022\/07\/05-1-202x300.jpg 202w, https:\/\/murilorubiao.com.br\/wp-content\/uploads\/2022\/07\/05-1-691x1024.jpg 691w, https:\/\/murilorubiao.com.br\/wp-content\/uploads\/2022\/07\/05-1-101x150.jpg 101w, https:\/\/murilorubiao.com.br\/wp-content\/uploads\/2022\/07\/05-1-768x1139.jpg 768w, https:\/\/murilorubiao.com.br\/wp-content\/uploads\/2022\/07\/05-1-1036x1536.jpg 1036w, https:\/\/murilorubiao.com.br\/wp-content\/uploads\/2022\/07\/05-1-1381x2048.jpg 1381w, https:\/\/murilorubiao.com.br\/wp-content\/uploads\/2022\/07\/05-1-540x800.jpg 540w, https:\/\/murilorubiao.com.br\/wp-content\/uploads\/2022\/07\/05-1-877x1300.jpg 877w, https:\/\/murilorubiao.com.br\/wp-content\/uploads\/2022\/07\/05-1-600x889.jpg 600w, https:\/\/murilorubiao.com.br\/wp-content\/uploads\/2022\/07\/05-1-scaled.jpg 1727w\" sizes=\"(max-width: 202px) 100vw, 202px\" \/><\/a>\n\t\t\t<\/div>\n\t\t\t\t<figcaption class='wp-caption-text gallery-caption' id='gallery-1-3104'>\n\t\t\t\t05 &#8211; Borjalo. Charge sobre Murilo Rubi\u00e3o. Di\u00e1rio de Minas, Belo Horizonte, 04 de out. de 1951.\n\t\t\t\t<\/figcaption><\/figure><figure class='gallery-item'>\n\t\t\t<div class='gallery-icon portrait'>\n\t\t\t\t<a data-elementor-open-lightbox=\"yes\" data-elementor-lightbox-slideshow=\"c04f2f0\" data-e-action-hash=\"#elementor-action%3Aaction%3Dlightbox%26settings%3DeyJpZCI6MzEwNiwidXJsIjoiaHR0cHM6XC9cL211cmlsb3J1Ymlhby5jb20uYnJcL3dwLWNvbnRlbnRcL3VwbG9hZHNcLzIwMjJcLzA3XC8wNi0xLXNjYWxlZC5qcGciLCJzbGlkZXNob3ciOiJjMDRmMmYwIn0%3D\" href='https:\/\/murilorubiao.com.br\/wp-content\/uploads\/2022\/07\/06-1-scaled.jpg'><img loading=\"lazy\" decoding=\"async\" width=\"213\" height=\"300\" src=\"https:\/\/murilorubiao.com.br\/wp-content\/uploads\/2022\/07\/06-1-213x300.jpg\" class=\"attachment-medium size-medium\" alt=\"\" aria-describedby=\"gallery-1-3106\" srcset=\"https:\/\/murilorubiao.com.br\/wp-content\/uploads\/2022\/07\/06-1-213x300.jpg 213w, https:\/\/murilorubiao.com.br\/wp-content\/uploads\/2022\/07\/06-1-726x1024.jpg 726w, https:\/\/murilorubiao.com.br\/wp-content\/uploads\/2022\/07\/06-1-106x150.jpg 106w, https:\/\/murilorubiao.com.br\/wp-content\/uploads\/2022\/07\/06-1-768x1083.jpg 768w, https:\/\/murilorubiao.com.br\/wp-content\/uploads\/2022\/07\/06-1-1089x1536.jpg 1089w, https:\/\/murilorubiao.com.br\/wp-content\/uploads\/2022\/07\/06-1-1452x2048.jpg 1452w, https:\/\/murilorubiao.com.br\/wp-content\/uploads\/2022\/07\/06-1-567x800.jpg 567w, https:\/\/murilorubiao.com.br\/wp-content\/uploads\/2022\/07\/06-1-922x1300.jpg 922w, https:\/\/murilorubiao.com.br\/wp-content\/uploads\/2022\/07\/06-1-600x846.jpg 600w, https:\/\/murilorubiao.com.br\/wp-content\/uploads\/2022\/07\/06-1-scaled.jpg 1816w\" sizes=\"(max-width: 213px) 100vw, 213px\" \/><\/a>\n\t\t\t<\/div>\n\t\t\t\t<figcaption class='wp-caption-text gallery-caption' id='gallery-1-3106'>\n\t\t\t\t06 \u2013 Dois desenhos: Murilo Rubi\u00e3o e Gast\u00e3o Guimar\u00e3es, Ouro Preto, 1966. Perfil de Murilo Rubi\u00e3o. Texto da imagem: \u201cJarbas \/ Ouro Preto \/ [Hotel] Pil\u00e3o \/ [19]66\u201d.\n\t\t\t\t<\/figcaption><\/figure><figure class='gallery-item'>\n\t\t\t<div class='gallery-icon portrait'>\n\t\t\t\t<a data-elementor-open-lightbox=\"yes\" data-elementor-lightbox-slideshow=\"c04f2f0\" data-e-action-hash=\"#elementor-action%3Aaction%3Dlightbox%26settings%3DeyJpZCI6MzEwNywidXJsIjoiaHR0cHM6XC9cL211cmlsb3J1Ymlhby5jb20uYnJcL3dwLWNvbnRlbnRcL3VwbG9hZHNcLzIwMjJcLzA3XC8wNy0xLXNjYWxlZC5qcGciLCJzbGlkZXNob3ciOiJjMDRmMmYwIn0%3D\" href='https:\/\/murilorubiao.com.br\/wp-content\/uploads\/2022\/07\/07-1-scaled.jpg'><img loading=\"lazy\" decoding=\"async\" width=\"207\" height=\"300\" src=\"https:\/\/murilorubiao.com.br\/wp-content\/uploads\/2022\/07\/07-1-207x300.jpg\" class=\"attachment-medium size-medium\" alt=\"\" aria-describedby=\"gallery-1-3107\" srcset=\"https:\/\/murilorubiao.com.br\/wp-content\/uploads\/2022\/07\/07-1-207x300.jpg 207w, https:\/\/murilorubiao.com.br\/wp-content\/uploads\/2022\/07\/07-1-707x1024.jpg 707w, https:\/\/murilorubiao.com.br\/wp-content\/uploads\/2022\/07\/07-1-104x150.jpg 104w, https:\/\/murilorubiao.com.br\/wp-content\/uploads\/2022\/07\/07-1-768x1112.jpg 768w, https:\/\/murilorubiao.com.br\/wp-content\/uploads\/2022\/07\/07-1-1061x1536.jpg 1061w, https:\/\/murilorubiao.com.br\/wp-content\/uploads\/2022\/07\/07-1-1415x2048.jpg 1415w, https:\/\/murilorubiao.com.br\/wp-content\/uploads\/2022\/07\/07-1-553x800.jpg 553w, https:\/\/murilorubiao.com.br\/wp-content\/uploads\/2022\/07\/07-1-898x1300.jpg 898w, https:\/\/murilorubiao.com.br\/wp-content\/uploads\/2022\/07\/07-1-600x869.jpg 600w, https:\/\/murilorubiao.com.br\/wp-content\/uploads\/2022\/07\/07-1-scaled.jpg 1769w\" sizes=\"(max-width: 207px) 100vw, 207px\" \/><\/a>\n\t\t\t<\/div>\n\t\t\t\t<figcaption class='wp-caption-text gallery-caption' id='gallery-1-3107'>\n\t\t\t\t07 \u2013 Chanina. Retrato de Murilo Rubi\u00e3o. 1977.\n\t\t\t\t<\/figcaption><\/figure><figure class='gallery-item'>\n\t\t\t<div class='gallery-icon portrait'>\n\t\t\t\t<a data-elementor-open-lightbox=\"yes\" data-elementor-lightbox-slideshow=\"c04f2f0\" data-e-action-hash=\"#elementor-action%3Aaction%3Dlightbox%26settings%3DeyJpZCI6MzEwOCwidXJsIjoiaHR0cHM6XC9cL211cmlsb3J1Ymlhby5jb20uYnJcL3dwLWNvbnRlbnRcL3VwbG9hZHNcLzIwMjJcLzA3XC8wOC1zY2FsZWQuanBnIiwic2xpZGVzaG93IjoiYzA0ZjJmMCJ9\" href='https:\/\/murilorubiao.com.br\/wp-content\/uploads\/2022\/07\/08-scaled.jpg'><img loading=\"lazy\" decoding=\"async\" width=\"202\" height=\"300\" src=\"https:\/\/murilorubiao.com.br\/wp-content\/uploads\/2022\/07\/08-202x300.jpg\" class=\"attachment-medium size-medium\" alt=\"\" aria-describedby=\"gallery-1-3108\" srcset=\"https:\/\/murilorubiao.com.br\/wp-content\/uploads\/2022\/07\/08-202x300.jpg 202w, https:\/\/murilorubiao.com.br\/wp-content\/uploads\/2022\/07\/08-690x1024.jpg 690w, https:\/\/murilorubiao.com.br\/wp-content\/uploads\/2022\/07\/08-101x150.jpg 101w, https:\/\/murilorubiao.com.br\/wp-content\/uploads\/2022\/07\/08-768x1141.jpg 768w, https:\/\/murilorubiao.com.br\/wp-content\/uploads\/2022\/07\/08-1034x1536.jpg 1034w, https:\/\/murilorubiao.com.br\/wp-content\/uploads\/2022\/07\/08-1379x2048.jpg 1379w, https:\/\/murilorubiao.com.br\/wp-content\/uploads\/2022\/07\/08-539x800.jpg 539w, https:\/\/murilorubiao.com.br\/wp-content\/uploads\/2022\/07\/08-875x1300.jpg 875w, https:\/\/murilorubiao.com.br\/wp-content\/uploads\/2022\/07\/08-600x891.jpg 600w, https:\/\/murilorubiao.com.br\/wp-content\/uploads\/2022\/07\/08-scaled.jpg 1724w\" sizes=\"(max-width: 202px) 100vw, 202px\" \/><\/a>\n\t\t\t<\/div>\n\t\t\t\t<figcaption class='wp-caption-text gallery-caption' id='gallery-1-3108'>\n\t\t\t\t08 \u2013 Chanina. Perfil de Murilo Rubi\u00e3o. 1977.\n\t\t\t\t<\/figcaption><\/figure><figure class='gallery-item'>\n\t\t\t<div class='gallery-icon portrait'>\n\t\t\t\t<a data-elementor-open-lightbox=\"yes\" data-elementor-lightbox-slideshow=\"c04f2f0\" data-e-action-hash=\"#elementor-action%3Aaction%3Dlightbox%26settings%3DeyJpZCI6MzEwOSwidXJsIjoiaHR0cHM6XC9cL211cmlsb3J1Ymlhby5jb20uYnJcL3dwLWNvbnRlbnRcL3VwbG9hZHNcLzIwMjJcLzA3XC8wOS0xLmpwZyIsInNsaWRlc2hvdyI6ImMwNGYyZjAifQ%3D%3D\" href='https:\/\/murilorubiao.com.br\/wp-content\/uploads\/2022\/07\/09-1.jpg'><img loading=\"lazy\" decoding=\"async\" width=\"280\" height=\"300\" src=\"https:\/\/murilorubiao.com.br\/wp-content\/uploads\/2022\/07\/09-1-280x300.jpg\" class=\"attachment-medium size-medium\" alt=\"\" aria-describedby=\"gallery-1-3109\" srcset=\"https:\/\/murilorubiao.com.br\/wp-content\/uploads\/2022\/07\/09-1-280x300.jpg 280w, https:\/\/murilorubiao.com.br\/wp-content\/uploads\/2022\/07\/09-1-955x1024.jpg 955w, https:\/\/murilorubiao.com.br\/wp-content\/uploads\/2022\/07\/09-1-140x150.jpg 140w, https:\/\/murilorubiao.com.br\/wp-content\/uploads\/2022\/07\/09-1-768x824.jpg 768w, https:\/\/murilorubiao.com.br\/wp-content\/uploads\/2022\/07\/09-1-746x800.jpg 746w, https:\/\/murilorubiao.com.br\/wp-content\/uploads\/2022\/07\/09-1-1212x1300.jpg 1212w, https:\/\/murilorubiao.com.br\/wp-content\/uploads\/2022\/07\/09-1-600x644.jpg 600w, https:\/\/murilorubiao.com.br\/wp-content\/uploads\/2022\/07\/09-1.jpg 1238w\" sizes=\"(max-width: 280px) 100vw, 280px\" \/><\/a>\n\t\t\t<\/div>\n\t\t\t\t<figcaption class='wp-caption-text gallery-caption' id='gallery-1-3109'>\n\t\t\t\t09 &#8211; CHANINA &#8211; O ex-m\u00e1gico e o pirot\u00e9cnico Zacarias, 1983. Texto no verso do desenho, com refer\u00eancia a v\u00e1rios contos de Murilo Rubi\u00e3o: \u201cO \u2018Pirot\u00e9cnico Zacarias\u2019 foi \u2018Convidado\u2019 a ir na \u2018Casa do Girassol Vermelho\u2019 rever o \u2018Ex-m\u00e1gico\u2019\u201d.\n\t\t\t\t<\/figcaption><\/figure><figure class='gallery-item'>\n\t\t\t<div class='gallery-icon portrait'>\n\t\t\t\t<a data-elementor-open-lightbox=\"yes\" data-elementor-lightbox-slideshow=\"c04f2f0\" data-e-action-hash=\"#elementor-action%3Aaction%3Dlightbox%26settings%3DeyJpZCI6MzExMCwidXJsIjoiaHR0cHM6XC9cL211cmlsb3J1Ymlhby5jb20uYnJcL3dwLWNvbnRlbnRcL3VwbG9hZHNcLzIwMjJcLzA3XC8wOS5qcGciLCJzbGlkZXNob3ciOiJjMDRmMmYwIn0%3D\" href='https:\/\/murilorubiao.com.br\/wp-content\/uploads\/2022\/07\/09.jpg'><img loading=\"lazy\" decoding=\"async\" width=\"280\" height=\"300\" src=\"https:\/\/murilorubiao.com.br\/wp-content\/uploads\/2022\/07\/09-280x300.jpg\" class=\"attachment-medium size-medium\" alt=\"\" aria-describedby=\"gallery-1-3110\" srcset=\"https:\/\/murilorubiao.com.br\/wp-content\/uploads\/2022\/07\/09-280x300.jpg 280w, https:\/\/murilorubiao.com.br\/wp-content\/uploads\/2022\/07\/09-955x1024.jpg 955w, https:\/\/murilorubiao.com.br\/wp-content\/uploads\/2022\/07\/09-140x150.jpg 140w, https:\/\/murilorubiao.com.br\/wp-content\/uploads\/2022\/07\/09-768x824.jpg 768w, https:\/\/murilorubiao.com.br\/wp-content\/uploads\/2022\/07\/09-746x800.jpg 746w, https:\/\/murilorubiao.com.br\/wp-content\/uploads\/2022\/07\/09-1212x1300.jpg 1212w, https:\/\/murilorubiao.com.br\/wp-content\/uploads\/2022\/07\/09-600x644.jpg 600w, https:\/\/murilorubiao.com.br\/wp-content\/uploads\/2022\/07\/09.jpg 1238w\" sizes=\"(max-width: 280px) 100vw, 280px\" \/><\/a>\n\t\t\t<\/div>\n\t\t\t\t<figcaption class='wp-caption-text gallery-caption' id='gallery-1-3110'>\n\t\t\t\t09 &#8211; CHANINA &#8211; O ex-m\u00e1gico e o pirot\u00e9cnico Zacarias, 1983. Texto no verso do desenho, com refer\u00eancia a v\u00e1rios contos de Murilo Rubi\u00e3o: \u201cO \u2018Pirot\u00e9cnico Zacarias\u2019 foi \u2018Convidado\u2019 a ir na \u2018Casa do Girassol Vermelho\u2019 rever o \u2018Ex-m\u00e1gico\u2019\u201d.\n\t\t\t\t<\/figcaption><\/figure>\n\t\t<\/div>\n\t\t<\/div>\n\t\t\t\t<\/div>\n\t\t\t\t<\/div>\n\t\t\t\t\t<\/div>\n\t\t<\/div>\n\t\t\t\t\t<\/div>\n\t\t<\/section>\n\t\t\t\t<\/div>\n\t\t","protected":false},"excerpt":{"rendered":"<p>&#8220;Essa circularidade dos meus textos permite que eu n\u00e3o termine a hist\u00f3ria, que ela continue. E continua sempre. Ela vai continuar no leitor, ter\u00e1 uma&#8230;<\/p>\n","protected":false},"author":1,"featured_media":0,"parent":0,"menu_order":8,"comment_status":"closed","ping_status":"closed","template":"","meta":{"footnotes":""},"class_list":["post-3098","page","type-page","status-publish","hentry"],"_links":{"self":[{"href":"https:\/\/murilorubiao.com.br\/index.php\/wp-json\/wp\/v2\/pages\/3098","targetHints":{"allow":["GET"]}}],"collection":[{"href":"https:\/\/murilorubiao.com.br\/index.php\/wp-json\/wp\/v2\/pages"}],"about":[{"href":"https:\/\/murilorubiao.com.br\/index.php\/wp-json\/wp\/v2\/types\/page"}],"author":[{"embeddable":true,"href":"https:\/\/murilorubiao.com.br\/index.php\/wp-json\/wp\/v2\/users\/1"}],"replies":[{"embeddable":true,"href":"https:\/\/murilorubiao.com.br\/index.php\/wp-json\/wp\/v2\/comments?post=3098"}],"version-history":[{"count":13,"href":"https:\/\/murilorubiao.com.br\/index.php\/wp-json\/wp\/v2\/pages\/3098\/revisions"}],"predecessor-version":[{"id":3839,"href":"https:\/\/murilorubiao.com.br\/index.php\/wp-json\/wp\/v2\/pages\/3098\/revisions\/3839"}],"wp:attachment":[{"href":"https:\/\/murilorubiao.com.br\/index.php\/wp-json\/wp\/v2\/media?parent=3098"}],"curies":[{"name":"wp","href":"https:\/\/api.w.org\/{rel}","templated":true}]}}