{"id":2970,"date":"2022-07-27T06:56:34","date_gmt":"2022-07-27T09:56:34","guid":{"rendered":"https:\/\/murilorubiao.com.br\/?page_id=2970"},"modified":"2022-09-21T16:51:11","modified_gmt":"2022-09-21T19:51:11","slug":"murilianas-suplemento-literario","status":"publish","type":"page","link":"https:\/\/murilorubiao.com.br\/index.php\/murilianas-suplemento-literario","title":{"rendered":"Murilianas > Suplemento Liter\u00e1rio"},"content":{"rendered":"\t\t<div data-elementor-type=\"wp-post\" data-elementor-id=\"2970\" class=\"elementor elementor-2970\">\n\t\t\t\t\t\t<section class=\"elementor-section elementor-top-section elementor-element elementor-element-23573ae elementor-section-full_width elementor-section-height-default elementor-section-height-default\" data-id=\"23573ae\" data-element_type=\"section\" data-settings=\"{&quot;background_background&quot;:&quot;classic&quot;,&quot;background_image&quot;:{&quot;url&quot;:&quot;&quot;,&quot;id&quot;:&quot;&quot;,&quot;size&quot;:&quot;&quot;,&quot;alt&quot;:&quot;&quot;,&quot;source&quot;:&quot;library&quot;}}\">\n\t\t\t\t\t\t<div class=\"elementor-container elementor-column-gap-no\">\n\t\t\t\t\t<div class=\"elementor-column elementor-col-100 elementor-top-column elementor-element elementor-element-a95b764\" data-id=\"a95b764\" data-element_type=\"column\" data-settings=\"{&quot;background_background&quot;:&quot;classic&quot;}\">\n\t\t\t<div class=\"elementor-widget-wrap elementor-element-populated\">\n\t\t\t\t\t<div class=\"elementor-background-overlay\"><\/div>\n\t\t\t\t\t\t<div class=\"elementor-element elementor-element-49ba8f8 elementor-widget elementor-widget-image\" data-id=\"49ba8f8\" data-element_type=\"widget\" data-widget_type=\"image.default\">\n\t\t\t\t<div class=\"elementor-widget-container\">\n\t\t\t\t\t\t\t\t\t\t\t\t\t<img fetchpriority=\"high\" decoding=\"async\" width=\"1024\" height=\"304\" src=\"https:\/\/murilorubiao.com.br\/wp-content\/uploads\/2022\/08\/banner_1366x650-6-1024x304.png\" class=\"attachment-large size-large wp-image-3830\" alt=\"\" srcset=\"https:\/\/murilorubiao.com.br\/wp-content\/uploads\/2022\/08\/banner_1366x650-6-1024x304.png 1024w, https:\/\/murilorubiao.com.br\/wp-content\/uploads\/2022\/08\/banner_1366x650-6-300x89.png 300w, https:\/\/murilorubiao.com.br\/wp-content\/uploads\/2022\/08\/banner_1366x650-6-150x45.png 150w, https:\/\/murilorubiao.com.br\/wp-content\/uploads\/2022\/08\/banner_1366x650-6-768x228.png 768w, https:\/\/murilorubiao.com.br\/wp-content\/uploads\/2022\/08\/banner_1366x650-6-800x238.png 800w, https:\/\/murilorubiao.com.br\/wp-content\/uploads\/2022\/08\/banner_1366x650-6-1300x386.png 1300w, https:\/\/murilorubiao.com.br\/wp-content\/uploads\/2022\/08\/banner_1366x650-6-600x178.png 600w, https:\/\/murilorubiao.com.br\/wp-content\/uploads\/2022\/08\/banner_1366x650-6.png 1366w\" sizes=\"(max-width: 1024px) 100vw, 1024px\" \/>\t\t\t\t\t\t\t\t\t\t\t\t\t<\/div>\n\t\t\t\t<\/div>\n\t\t\t\t\t<\/div>\n\t\t<\/div>\n\t\t\t\t\t<\/div>\n\t\t<\/section>\n\t\t\t\t<section class=\"elementor-section elementor-top-section elementor-element elementor-element-0a0fd49 elementor-section-full_width elementor-section-height-default elementor-section-height-default\" data-id=\"0a0fd49\" data-element_type=\"section\">\n\t\t\t\t\t\t<div class=\"elementor-container elementor-column-gap-default\">\n\t\t\t\t\t<div class=\"elementor-column elementor-col-100 elementor-top-column elementor-element elementor-element-c26b7af\" data-id=\"c26b7af\" data-element_type=\"column\">\n\t\t\t<div class=\"elementor-widget-wrap elementor-element-populated\">\n\t\t\t\t\t\t<div class=\"elementor-element elementor-element-5fbca04 elementor-widget elementor-widget-image\" data-id=\"5fbca04\" data-element_type=\"widget\" data-widget_type=\"image.default\">\n\t\t\t\t<div class=\"elementor-widget-container\">\n\t\t\t\t\t\t\t\t\t\t\t\t\t<img decoding=\"async\" width=\"150\" height=\"150\" src=\"https:\/\/murilorubiao.com.br\/wp-content\/uploads\/2022\/08\/texto-150x150.png\" class=\"attachment-thumbnail size-thumbnail wp-image-3505\" alt=\"\" srcset=\"https:\/\/murilorubiao.com.br\/wp-content\/uploads\/2022\/08\/texto.png 150w, https:\/\/murilorubiao.com.br\/wp-content\/uploads\/2022\/08\/texto-50x50.png 50w, https:\/\/murilorubiao.com.br\/wp-content\/uploads\/2022\/08\/texto-100x100.png 100w\" sizes=\"(max-width: 150px) 100vw, 150px\" \/>\t\t\t\t\t\t\t\t\t\t\t\t\t<\/div>\n\t\t\t\t<\/div>\n\t\t\t\t<div class=\"elementor-element elementor-element-1d0c08a elementor-widget elementor-widget-ssd_blockquote\" data-id=\"1d0c08a\" data-element_type=\"widget\" data-widget_type=\"ssd_blockquote.default\">\n\t\t\t\t<div class=\"elementor-widget-container\">\n\t\t\t\t\r\n\t\t<div class=\"Blockquote\">\r\n\t\t\t<div class=\"blockquote-content-wrapper text-center\">\r\n\t\t\t\t\t\t\t\t<div class=\"blockquote-content\">\r\n\t\t\t\t\t\"Essa circularidade dos meus textos permite que eu n\u00e3o termine a hist\u00f3ria, que ela continue. E continua sempre. Ela vai continuar no leitor, ter\u00e1 uma outra vida, diversa da que eu lhe dei.\"\t\t\t\t<\/div>\r\n\t\t\t\t\t\t\t\t\t\t\t\t\t<div class=\"author-wrapper\">\r\n\t\t\t\t\t\t<span class=\"author font-heading\">Murilo Rubi\u00e3o<\/span>\r\n\t\t\t\t\t\t\t\t\t\t\t<\/div>\r\n\t\t\t\t\t\t\t<\/div>\r\n\t\t<\/div>\r\n\r\n\t\t\t<\/div>\n\t\t\t\t<\/div>\n\t\t\t\t\t<\/div>\n\t\t<\/div>\n\t\t\t\t\t<\/div>\n\t\t<\/section>\n\t\t\t\t<section class=\"elementor-section elementor-top-section elementor-element elementor-element-6a49214 elementor-section-boxed elementor-section-height-default elementor-section-height-default\" data-id=\"6a49214\" data-element_type=\"section\">\n\t\t\t\t\t\t<div class=\"elementor-container elementor-column-gap-default\">\n\t\t\t\t\t<div class=\"elementor-column elementor-col-100 elementor-top-column elementor-element elementor-element-d9c68dd\" data-id=\"d9c68dd\" data-element_type=\"column\">\n\t\t\t<div class=\"elementor-widget-wrap elementor-element-populated\">\n\t\t\t\t\t\t<div class=\"elementor-element elementor-element-c0486ee elementor-widget elementor-widget-heading\" data-id=\"c0486ee\" data-element_type=\"widget\" data-widget_type=\"heading.default\">\n\t\t\t\t<div class=\"elementor-widget-container\">\n\t\t\t<h1 class=\"elementor-heading-title elementor-size-default\"><span data-elementor-setting-key=\"title\" data-pen-placeholder=\"Digite aqui...\">Murilianas<\/span> &gt; Suplemento Liter\u00e1rio<\/h1>\t\t<\/div>\n\t\t\t\t<\/div>\n\t\t\t\t<div class=\"elementor-element elementor-element-bfb131e elementor-widget elementor-widget-text-editor\" data-id=\"bfb131e\" data-element_type=\"widget\" data-widget_type=\"text-editor.default\">\n\t\t\t\t<div class=\"elementor-widget-container\">\n\t\t\t\t\t\t\t<p style=\"text-align: center;\">Acesse todas as publica\u00e7\u00f5es do Suplemento Liter\u00e1rio:<\/p><p style=\"text-align: center;\"><a href=\"https:\/\/issuu.com\/suplementoliterariodeminasgerais\">https:\/\/issuu.com\/suplementoliterariodeminasgerais<\/a><\/p>\t\t\t\t\t\t<\/div>\n\t\t\t\t<\/div>\n\t\t\t\t\t<\/div>\n\t\t<\/div>\n\t\t\t\t\t<\/div>\n\t\t<\/section>\n\t\t\t\t<section class=\"elementor-section elementor-top-section elementor-element elementor-element-ce8d275 elementor-section-boxed elementor-section-height-default elementor-section-height-default\" data-id=\"ce8d275\" data-element_type=\"section\">\n\t\t\t\t\t\t<div class=\"elementor-container elementor-column-gap-default\">\n\t\t\t\t\t<div class=\"elementor-column elementor-col-100 elementor-top-column elementor-element elementor-element-968cf93\" data-id=\"968cf93\" data-element_type=\"column\">\n\t\t\t<div class=\"elementor-widget-wrap elementor-element-populated\">\n\t\t\t\t\t\t<div class=\"elementor-element elementor-element-7d1f4fc elementor-widget elementor-widget-blfe-post-grid\" data-id=\"7d1f4fc\" data-element_type=\"widget\" data-settings=\"{&quot;columns&quot;:&quot;3&quot;,&quot;columns_tablet&quot;:&quot;6&quot;,&quot;columns_mobile&quot;:&quot;12&quot;,&quot;classic1_layout_column_gap&quot;:{&quot;unit&quot;:&quot;px&quot;,&quot;size&quot;:30,&quot;sizes&quot;:[]},&quot;classic1_layout_column_gap_tablet&quot;:{&quot;unit&quot;:&quot;px&quot;,&quot;size&quot;:&quot;&quot;,&quot;sizes&quot;:[]},&quot;classic1_layout_column_gap_mobile&quot;:{&quot;unit&quot;:&quot;px&quot;,&quot;size&quot;:&quot;&quot;,&quot;sizes&quot;:[]},&quot;classic1_layout_row_gap&quot;:{&quot;unit&quot;:&quot;px&quot;,&quot;size&quot;:30,&quot;sizes&quot;:[]},&quot;classic1_layout_row_gap_tablet&quot;:{&quot;unit&quot;:&quot;px&quot;,&quot;size&quot;:&quot;&quot;,&quot;sizes&quot;:[]},&quot;classic1_layout_row_gap_mobile&quot;:{&quot;unit&quot;:&quot;px&quot;,&quot;size&quot;:&quot;&quot;,&quot;sizes&quot;:[]}}\" data-widget_type=\"blfe-post-grid.classic1\">\n\t\t\t\t<div class=\"elementor-widget-container\">\n\t\t\t\n                        <div class=\"blfe-post-grid-container blfe-active-post-loader\">\n            \n                <div data-skin=\"classic1\" class=\"blfe-row blfe-posts-inner blfe-classic1 blfe-posts-inner blfe-col-3 blfe-col-tab-6 blfe-col-mob-12     \">\n                            <div class=\"blfe-post-grid-item \">\n            <div class=\"blfe-post-grid-item-inner blfe-modern-zoom\">\n                                                <div class=\"blfe-post-grid-details\">\n                    <div class=\"blfe-post-grid-details-inner\">\n                        <h3 class=\"blfe-post-grid-title\">\n            <a href=\"https:\/\/murilorubiao.com.br\/index.php\/suplemento-literario\/cartao-do-suplemento-literario-do-minas-gerais-com-assinatura-de-murilo-rubiao\" title=\"Murilo Rubi\u00e3o e o Suplemento Liter\u00e1rio\u00a0&#8211;\u00a0Roniere Menezes\u00a0\" rel=\"nofollow\" target=\"_self\">Murilo Rubi\u00e3o e o Suplemento Liter\u00e1rio\u00a0&#8211;\u00a0Roniere Menezes\u00a0<\/a>\n            <\/h3>                                                                                <a class=\"blfe-post-read-more\" href=\"https:\/\/murilorubiao.com.br\/index.php\/suplemento-literario\/cartao-do-suplemento-literario-do-minas-gerais-com-assinatura-de-murilo-rubiao\" >\n            <span class=\"blfe-read-more-btn-wrapper\">\n\n             <span class=\"blfe-read-more-btn-text\">Leia Mais<\/span>\n\n                \n            <\/span>\n        <\/a>\n                            <\/div>\n                <\/div>\n\n            <\/div>\n        <\/div>\n                <div class=\"blfe-post-grid-item \">\n            <div class=\"blfe-post-grid-item-inner blfe-modern-zoom\">\n                                                <div class=\"blfe-post-grid-details\">\n                    <div class=\"blfe-post-grid-details-inner\">\n                        <h3 class=\"blfe-post-grid-title\">\n            <a href=\"https:\/\/murilorubiao.com.br\/index.php\/suplemento-literario\/cartao-do-suplemento-literario-com-assinatura-de-murilo-rubiao\" title=\"Cart\u00e3o do Suplemento Liter\u00e1rio do Minas Gerais com assinatura de Murilo Rubi\u00e3o\" rel=\"nofollow\" target=\"_self\">Cart\u00e3o do Suplemento Liter\u00e1rio do Minas Gerais com assinatura de Murilo Rubi\u00e3o<\/a>\n            <\/h3>                                                                                <a class=\"blfe-post-read-more\" href=\"https:\/\/murilorubiao.com.br\/index.php\/suplemento-literario\/cartao-do-suplemento-literario-com-assinatura-de-murilo-rubiao\" >\n            <span class=\"blfe-read-more-btn-wrapper\">\n\n             <span class=\"blfe-read-more-btn-text\">Leia Mais<\/span>\n\n                \n            <\/span>\n        <\/a>\n                            <\/div>\n                <\/div>\n\n            <\/div>\n        <\/div>\n                <div class=\"blfe-post-grid-item \">\n            <div class=\"blfe-post-grid-item-inner blfe-modern-zoom\">\n                                                <div class=\"blfe-post-grid-details\">\n                    <div class=\"blfe-post-grid-details-inner\">\n                        <h3 class=\"blfe-post-grid-title\">\n            <a href=\"https:\/\/murilorubiao.com.br\/index.php\/suplemento-literario\/slmg-edicao-especial-slmg-40-anos-parte-1-2006\" title=\"Suplemento Liter\u00e1rio: edi\u00e7\u00e3o especial 40 anos &#8211; Parte I (2006)\" rel=\"nofollow\" target=\"_self\">Suplemento Liter\u00e1rio: edi\u00e7\u00e3o especial 40 anos &#8211; Parte I (2006)<\/a>\n            <\/h3>                                                                                <a class=\"blfe-post-read-more\" href=\"https:\/\/murilorubiao.com.br\/index.php\/suplemento-literario\/slmg-edicao-especial-slmg-40-anos-parte-1-2006\" >\n            <span class=\"blfe-read-more-btn-wrapper\">\n\n             <span class=\"blfe-read-more-btn-text\">Leia Mais<\/span>\n\n                \n            <\/span>\n        <\/a>\n                            <\/div>\n                <\/div>\n\n            <\/div>\n        <\/div>\n                <div class=\"blfe-post-grid-item \">\n            <div class=\"blfe-post-grid-item-inner blfe-modern-zoom\">\n                                                <div class=\"blfe-post-grid-details\">\n                    <div class=\"blfe-post-grid-details-inner\">\n                        <h3 class=\"blfe-post-grid-title\">\n            <a href=\"https:\/\/murilorubiao.com.br\/index.php\/suplemento-literario\/slmg-edicao-especial-slmg-40-anos-parte-2-2006\" title=\"Suplemento Liter\u00e1rio &#8211; edi\u00e7\u00e3o especial 40 anos &#8211; Parte II (2006)\" rel=\"nofollow\" target=\"_self\">Suplemento Liter\u00e1rio &#8211; edi\u00e7\u00e3o especial 40 anos &#8211; Parte II (2006)<\/a>\n            <\/h3>                                                                                <a class=\"blfe-post-read-more\" href=\"https:\/\/murilorubiao.com.br\/index.php\/suplemento-literario\/slmg-edicao-especial-slmg-40-anos-parte-2-2006\" >\n            <span class=\"blfe-read-more-btn-wrapper\">\n\n             <span class=\"blfe-read-more-btn-text\">Leia Mais<\/span>\n\n                \n            <\/span>\n        <\/a>\n                            <\/div>\n                <\/div>\n\n            <\/div>\n        <\/div>\n                <div class=\"blfe-post-grid-item \">\n            <div class=\"blfe-post-grid-item-inner blfe-modern-zoom\">\n                                                <div class=\"blfe-post-grid-details\">\n                    <div class=\"blfe-post-grid-details-inner\">\n                        <h3 class=\"blfe-post-grid-title\">\n            <a href=\"https:\/\/murilorubiao.com.br\/index.php\/suplemento-literario\/haydee-ribeiro-coelho-a-america-latina-no-suplemento-literario-de-mg-2007\" title=\"A Am\u00e9rica Latina no Suplemento Liter\u00e1rio do Minas Gerais &#8211; Hayd\u00e9e Ribeiro Coelho (2007)\" rel=\"nofollow\" target=\"_self\">A Am\u00e9rica Latina no Suplemento Liter\u00e1rio do Minas Gerais &#8211; Hayd\u00e9e Ribeiro Coelho (2007)<\/a>\n            <\/h3>                                                                                <a class=\"blfe-post-read-more\" href=\"https:\/\/murilorubiao.com.br\/index.php\/suplemento-literario\/haydee-ribeiro-coelho-a-america-latina-no-suplemento-literario-de-mg-2007\" >\n            <span class=\"blfe-read-more-btn-wrapper\">\n\n             <span class=\"blfe-read-more-btn-text\">Leia Mais<\/span>\n\n                \n            <\/span>\n        <\/a>\n                            <\/div>\n                <\/div>\n\n            <\/div>\n        <\/div>\n                <div class=\"blfe-post-grid-item \">\n            <div class=\"blfe-post-grid-item-inner blfe-modern-zoom\">\n                                                <div class=\"blfe-post-grid-details\">\n                    <div class=\"blfe-post-grid-details-inner\">\n                        <h3 class=\"blfe-post-grid-title\">\n            <a href=\"https:\/\/murilorubiao.com.br\/index.php\/suplemento-literario\/andre-nigri-nao-se-consegue-dizer-nao-ao-suplemento-2011\" title=\"N\u00e3o se consegue dizer n\u00e3o ao Suplemento &#8211; Andr\u00e9 Nigri (2011)\" rel=\"nofollow\" target=\"_self\">N\u00e3o se consegue dizer n\u00e3o ao Suplemento &#8211; Andr\u00e9 Nigri (2011)<\/a>\n            <\/h3>                                                                                <a class=\"blfe-post-read-more\" href=\"https:\/\/murilorubiao.com.br\/index.php\/suplemento-literario\/andre-nigri-nao-se-consegue-dizer-nao-ao-suplemento-2011\" >\n            <span class=\"blfe-read-more-btn-wrapper\">\n\n             <span class=\"blfe-read-more-btn-text\">Leia Mais<\/span>\n\n                \n            <\/span>\n        <\/a>\n                            <\/div>\n                <\/div>\n\n            <\/div>\n        <\/div>\n                <div class=\"blfe-post-grid-item \">\n            <div class=\"blfe-post-grid-item-inner blfe-modern-zoom\">\n                                                <div class=\"blfe-post-grid-details\">\n                    <div class=\"blfe-post-grid-details-inner\">\n                        <h3 class=\"blfe-post-grid-title\">\n            <a href=\"https:\/\/murilorubiao.com.br\/index.php\/suplemento-literario\/slmg-edicao-especial-slmg-50-anos-2016\" title=\"Suplemento Liter\u00e1rio: edi\u00e7\u00e3o especial 50 anos (2016)\" rel=\"nofollow\" target=\"_self\">Suplemento Liter\u00e1rio: edi\u00e7\u00e3o especial 50 anos (2016)<\/a>\n            <\/h3>                                                                                <a class=\"blfe-post-read-more\" href=\"https:\/\/murilorubiao.com.br\/index.php\/suplemento-literario\/slmg-edicao-especial-slmg-50-anos-2016\" >\n            <span class=\"blfe-read-more-btn-wrapper\">\n\n             <span class=\"blfe-read-more-btn-text\">Leia Mais<\/span>\n\n                \n            <\/span>\n        <\/a>\n                            <\/div>\n                <\/div>\n\n            <\/div>\n        <\/div>\n                <div class=\"blfe-post-grid-item \">\n            <div class=\"blfe-post-grid-item-inner blfe-modern-zoom\">\n                                                <div class=\"blfe-post-grid-details\">\n                    <div class=\"blfe-post-grid-details-inner\">\n                        <h3 class=\"blfe-post-grid-title\">\n            <a href=\"https:\/\/murilorubiao.com.br\/index.php\/suplemento-literario\/haydee-ribeiro-coelho-o-suplemento-literario-de-minas-gerais\" title=\"Refletindo sobre o Suplemento Liter\u00e1rio do Minas Gerais &#8211; Hayd\u00e9e Ribeiro Coelho (2005)\" rel=\"nofollow\" target=\"_self\">Refletindo sobre o Suplemento Liter\u00e1rio do Minas Gerais &#8211; Hayd\u00e9e Ribeiro Coelho (2005)<\/a>\n            <\/h3>                                                                                <a class=\"blfe-post-read-more\" href=\"https:\/\/murilorubiao.com.br\/index.php\/suplemento-literario\/haydee-ribeiro-coelho-o-suplemento-literario-de-minas-gerais\" >\n            <span class=\"blfe-read-more-btn-wrapper\">\n\n             <span class=\"blfe-read-more-btn-text\">Leia Mais<\/span>\n\n                \n            <\/span>\n        <\/a>\n                            <\/div>\n                <\/div>\n\n            <\/div>\n        <\/div>\n                <div class=\"blfe-post-grid-item \">\n            <div class=\"blfe-post-grid-item-inner blfe-modern-zoom\">\n                                                <div class=\"blfe-post-grid-details\">\n                    <div class=\"blfe-post-grid-details-inner\">\n                        <h3 class=\"blfe-post-grid-title\">\n            <a href=\"https:\/\/murilorubiao.com.br\/index.php\/suplemento-literario\/convite-para-lancamento-do-suplemento-literario-de-mg-1965\" title=\"Convite para lan\u00e7amento do Suplemento Liter\u00e1rio do Minas Gerais (1966)\" rel=\"nofollow\" target=\"_self\">Convite para lan\u00e7amento do Suplemento Liter\u00e1rio do Minas Gerais (1966)<\/a>\n            <\/h3>                                                                                <a class=\"blfe-post-read-more\" href=\"https:\/\/murilorubiao.com.br\/index.php\/suplemento-literario\/convite-para-lancamento-do-suplemento-literario-de-mg-1965\" >\n            <span class=\"blfe-read-more-btn-wrapper\">\n\n             <span class=\"blfe-read-more-btn-text\">Leia Mais<\/span>\n\n                \n            <\/span>\n        <\/a>\n                            <\/div>\n                <\/div>\n\n            <\/div>\n        <\/div>\n                        <\/div>\n\n                        <\/div>\n            \n                        <div class=\"blfe-post-footer\">\n                        <\/div>\n            \t\t<\/div>\n\t\t\t\t<\/div>\n\t\t\t\t<div class=\"elementor-element elementor-element-842b3f0 elementor-widget-divider--view-line elementor-widget elementor-widget-divider\" data-id=\"842b3f0\" data-element_type=\"widget\" data-widget_type=\"divider.default\">\n\t\t\t\t<div class=\"elementor-widget-container\">\n\t\t\t\t\t<div class=\"elementor-divider\">\n\t\t\t<span class=\"elementor-divider-separator\">\n\t\t\t\t\t\t<\/span>\n\t\t<\/div>\n\t\t\t\t<\/div>\n\t\t\t\t<\/div>\n\t\t\t\t\t<\/div>\n\t\t<\/div>\n\t\t\t\t\t<\/div>\n\t\t<\/section>\n\t\t\t\t<\/div>\n\t\t","protected":false},"excerpt":{"rendered":"<p>&#8220;Essa circularidade dos meus textos permite que eu n\u00e3o termine a hist\u00f3ria, que ela continue. E continua sempre. Ela vai continuar no leitor, ter\u00e1 uma&#8230;<\/p>\n","protected":false},"author":1,"featured_media":0,"parent":0,"menu_order":12,"comment_status":"closed","ping_status":"closed","template":"","meta":{"footnotes":""},"class_list":["post-2970","page","type-page","status-publish","hentry"],"_links":{"self":[{"href":"https:\/\/murilorubiao.com.br\/index.php\/wp-json\/wp\/v2\/pages\/2970","targetHints":{"allow":["GET"]}}],"collection":[{"href":"https:\/\/murilorubiao.com.br\/index.php\/wp-json\/wp\/v2\/pages"}],"about":[{"href":"https:\/\/murilorubiao.com.br\/index.php\/wp-json\/wp\/v2\/types\/page"}],"author":[{"embeddable":true,"href":"https:\/\/murilorubiao.com.br\/index.php\/wp-json\/wp\/v2\/users\/1"}],"replies":[{"embeddable":true,"href":"https:\/\/murilorubiao.com.br\/index.php\/wp-json\/wp\/v2\/comments?post=2970"}],"version-history":[{"count":19,"href":"https:\/\/murilorubiao.com.br\/index.php\/wp-json\/wp\/v2\/pages\/2970\/revisions"}],"predecessor-version":[{"id":4572,"href":"https:\/\/murilorubiao.com.br\/index.php\/wp-json\/wp\/v2\/pages\/2970\/revisions\/4572"}],"wp:attachment":[{"href":"https:\/\/murilorubiao.com.br\/index.php\/wp-json\/wp\/v2\/media?parent=2970"}],"curies":[{"name":"wp","href":"https:\/\/api.w.org\/{rel}","templated":true}]}}