{"id":2726,"date":"2022-07-22T14:58:18","date_gmt":"2022-07-22T17:58:18","guid":{"rendered":"https:\/\/murilorubiao.com.br\/?page_id=2726"},"modified":"2022-09-26T11:08:55","modified_gmt":"2022-09-26T14:08:55","slug":"murilianas-podcast","status":"publish","type":"page","link":"https:\/\/murilorubiao.com.br\/index.php\/murilianas-podcast","title":{"rendered":"Murilianas > Podcast"},"content":{"rendered":"\t\t<div data-elementor-type=\"wp-post\" data-elementor-id=\"2726\" class=\"elementor elementor-2726\">\n\t\t\t\t\t\t<section class=\"elementor-section elementor-top-section elementor-element elementor-element-23573ae elementor-section-full_width elementor-section-height-default elementor-section-height-default\" data-id=\"23573ae\" data-element_type=\"section\" data-settings=\"{&quot;background_background&quot;:&quot;classic&quot;,&quot;background_image&quot;:{&quot;url&quot;:&quot;&quot;,&quot;id&quot;:&quot;&quot;,&quot;size&quot;:&quot;&quot;,&quot;alt&quot;:&quot;&quot;,&quot;source&quot;:&quot;library&quot;}}\">\n\t\t\t\t\t\t<div class=\"elementor-container elementor-column-gap-no\">\n\t\t\t\t\t<div class=\"elementor-column elementor-col-100 elementor-top-column elementor-element elementor-element-a95b764\" data-id=\"a95b764\" data-element_type=\"column\" data-settings=\"{&quot;background_background&quot;:&quot;classic&quot;}\">\n\t\t\t<div class=\"elementor-widget-wrap elementor-element-populated\">\n\t\t\t\t\t<div class=\"elementor-background-overlay\"><\/div>\n\t\t\t\t\t\t<div class=\"elementor-element elementor-element-49ba8f8 elementor-widget elementor-widget-image\" data-id=\"49ba8f8\" data-element_type=\"widget\" data-widget_type=\"image.default\">\n\t\t\t\t<div class=\"elementor-widget-container\">\n\t\t\t\t\t\t\t\t\t\t\t\t\t<img fetchpriority=\"high\" decoding=\"async\" width=\"1024\" height=\"304\" src=\"https:\/\/murilorubiao.com.br\/wp-content\/uploads\/2022\/08\/banner_1366x650-6-1024x304.png\" class=\"attachment-large size-large wp-image-3830\" alt=\"\" srcset=\"https:\/\/murilorubiao.com.br\/wp-content\/uploads\/2022\/08\/banner_1366x650-6-1024x304.png 1024w, https:\/\/murilorubiao.com.br\/wp-content\/uploads\/2022\/08\/banner_1366x650-6-300x89.png 300w, https:\/\/murilorubiao.com.br\/wp-content\/uploads\/2022\/08\/banner_1366x650-6-150x45.png 150w, https:\/\/murilorubiao.com.br\/wp-content\/uploads\/2022\/08\/banner_1366x650-6-768x228.png 768w, https:\/\/murilorubiao.com.br\/wp-content\/uploads\/2022\/08\/banner_1366x650-6-800x238.png 800w, https:\/\/murilorubiao.com.br\/wp-content\/uploads\/2022\/08\/banner_1366x650-6-1300x386.png 1300w, https:\/\/murilorubiao.com.br\/wp-content\/uploads\/2022\/08\/banner_1366x650-6-600x178.png 600w, https:\/\/murilorubiao.com.br\/wp-content\/uploads\/2022\/08\/banner_1366x650-6.png 1366w\" sizes=\"(max-width: 1024px) 100vw, 1024px\" \/>\t\t\t\t\t\t\t\t\t\t\t\t\t<\/div>\n\t\t\t\t<\/div>\n\t\t\t\t\t<\/div>\n\t\t<\/div>\n\t\t\t\t\t<\/div>\n\t\t<\/section>\n\t\t\t\t<section class=\"elementor-section elementor-top-section elementor-element elementor-element-468dece elementor-section-full_width elementor-section-height-default elementor-section-height-default\" data-id=\"468dece\" data-element_type=\"section\">\n\t\t\t\t\t\t<div class=\"elementor-container elementor-column-gap-default\">\n\t\t\t\t\t<div class=\"elementor-column elementor-col-100 elementor-top-column elementor-element elementor-element-224c01b\" data-id=\"224c01b\" data-element_type=\"column\">\n\t\t\t<div class=\"elementor-widget-wrap elementor-element-populated\">\n\t\t\t\t\t\t<div class=\"elementor-element elementor-element-686e2d5 elementor-widget elementor-widget-image\" data-id=\"686e2d5\" data-element_type=\"widget\" data-widget_type=\"image.default\">\n\t\t\t\t<div class=\"elementor-widget-container\">\n\t\t\t\t\t\t\t\t\t\t\t\t\t<img decoding=\"async\" width=\"150\" height=\"150\" src=\"https:\/\/murilorubiao.com.br\/wp-content\/uploads\/2022\/08\/texto-150x150.png\" class=\"attachment-thumbnail size-thumbnail wp-image-3505\" alt=\"\" srcset=\"https:\/\/murilorubiao.com.br\/wp-content\/uploads\/2022\/08\/texto.png 150w, https:\/\/murilorubiao.com.br\/wp-content\/uploads\/2022\/08\/texto-50x50.png 50w, https:\/\/murilorubiao.com.br\/wp-content\/uploads\/2022\/08\/texto-100x100.png 100w\" sizes=\"(max-width: 150px) 100vw, 150px\" \/>\t\t\t\t\t\t\t\t\t\t\t\t\t<\/div>\n\t\t\t\t<\/div>\n\t\t\t\t<div class=\"elementor-element elementor-element-5f5cdca elementor-widget elementor-widget-ssd_blockquote\" data-id=\"5f5cdca\" data-element_type=\"widget\" data-widget_type=\"ssd_blockquote.default\">\n\t\t\t\t<div class=\"elementor-widget-container\">\n\t\t\t\t\r\n\t\t<div class=\"Blockquote\">\r\n\t\t\t<div class=\"blockquote-content-wrapper text-center\">\r\n\t\t\t\t\t\t\t\t<div class=\"blockquote-content\">\r\n\t\t\t\t\t\"Essa circularidade dos meus textos permite que eu n\u00e3o termine a hist\u00f3ria, que ela continue. E continua sempre. Ela vai continuar no leitor, ter\u00e1 uma outra vida, diversa da que eu lhe dei.\"\t\t\t\t<\/div>\r\n\t\t\t\t\t\t\t\t\t\t\t\t\t<div class=\"author-wrapper\">\r\n\t\t\t\t\t\t<span class=\"author font-heading\">Murilo Rubi\u00e3o<\/span>\r\n\t\t\t\t\t\t\t\t\t\t\t<\/div>\r\n\t\t\t\t\t\t\t<\/div>\r\n\t\t<\/div>\r\n\r\n\t\t\t<\/div>\n\t\t\t\t<\/div>\n\t\t\t\t\t<\/div>\n\t\t<\/div>\n\t\t\t\t\t<\/div>\n\t\t<\/section>\n\t\t\t\t<section class=\"elementor-section elementor-top-section elementor-element elementor-element-6a49214 elementor-section-boxed elementor-section-height-default elementor-section-height-default\" data-id=\"6a49214\" data-element_type=\"section\">\n\t\t\t\t\t\t<div class=\"elementor-container elementor-column-gap-default\">\n\t\t\t\t\t<div class=\"elementor-column elementor-col-100 elementor-top-column elementor-element elementor-element-d9c68dd\" data-id=\"d9c68dd\" data-element_type=\"column\">\n\t\t\t<div class=\"elementor-widget-wrap elementor-element-populated\">\n\t\t\t\t\t\t<div class=\"elementor-element elementor-element-c0486ee elementor-widget elementor-widget-heading\" data-id=\"c0486ee\" data-element_type=\"widget\" data-widget_type=\"heading.default\">\n\t\t\t\t<div class=\"elementor-widget-container\">\n\t\t\t<h1 class=\"elementor-heading-title elementor-size-default\">Murilianas &gt; Podcast<\/h1>\t\t<\/div>\n\t\t\t\t<\/div>\n\t\t\t\t\t<\/div>\n\t\t<\/div>\n\t\t\t\t\t<\/div>\n\t\t<\/section>\n\t\t\t\t<section class=\"elementor-section elementor-top-section elementor-element elementor-element-1350f6b elementor-section-boxed elementor-section-height-default elementor-section-height-default\" data-id=\"1350f6b\" data-element_type=\"section\">\n\t\t\t\t\t\t<div class=\"elementor-container elementor-column-gap-default\">\n\t\t\t\t\t<div class=\"elementor-column elementor-col-100 elementor-top-column elementor-element elementor-element-e68fb54\" data-id=\"e68fb54\" data-element_type=\"column\">\n\t\t\t<div class=\"elementor-widget-wrap elementor-element-populated\">\n\t\t\t\t\t\t<div class=\"elementor-element elementor-element-4223ab8 elementor-widget elementor-widget-wp-widget-custom_html\" data-id=\"4223ab8\" data-element_type=\"widget\" data-widget_type=\"wp-widget-custom_html.default\">\n\t\t\t\t<div class=\"elementor-widget-container\">\n\t\t\t<div id=\"wp-widget-custom_html\" class=\"widget_text widget clearfix widget_custom_html\"><div class=\"textwidget custom-html-widget\"><\/div><\/div>\t\t<\/div>\n\t\t\t\t<\/div>\n\t\t\t\t\t<\/div>\n\t\t<\/div>\n\t\t\t\t\t<\/div>\n\t\t<\/section>\n\t\t\t\t<section class=\"elementor-section elementor-top-section elementor-element elementor-element-a795864 elementor-section-boxed elementor-section-height-default elementor-section-height-default\" data-id=\"a795864\" data-element_type=\"section\">\n\t\t\t\t\t\t<div class=\"elementor-container elementor-column-gap-default\">\n\t\t\t\t\t<div class=\"elementor-column elementor-col-100 elementor-top-column elementor-element elementor-element-d9678cc\" data-id=\"d9678cc\" data-element_type=\"column\">\n\t\t\t<div class=\"elementor-widget-wrap elementor-element-populated\">\n\t\t\t\t\t\t<div class=\"elementor-element elementor-element-20ba363 elementor-widget elementor-widget-text-editor\" data-id=\"20ba363\" data-element_type=\"widget\" data-widget_type=\"text-editor.default\">\n\t\t\t\t<div class=\"elementor-widget-container\">\n\t\t\t\t\t\t\t<p>Cria\u00e7\u00e3o: Sandra Nunes, Marcelo Abud, Monica Rugai, Nelson Guarniero e Vera D&#8217;Agostino, professores da FAAP \u2013 Funda\u00e7\u00e3o Armando \u00c1lvares Penteado \u2013SP.<\/p>\t\t\t\t\t\t<\/div>\n\t\t\t\t<\/div>\n\t\t\t\t\t<\/div>\n\t\t<\/div>\n\t\t\t\t\t<\/div>\n\t\t<\/section>\n\t\t\t\t<\/div>\n\t\t","protected":false},"excerpt":{"rendered":"<p>&#8220;Essa circularidade dos meus textos permite que eu n\u00e3o termine a hist\u00f3ria, que ela continue. E continua sempre. Ela vai continuar no leitor, ter\u00e1 uma&#8230;<\/p>\n","protected":false},"author":1,"featured_media":0,"parent":0,"menu_order":17,"comment_status":"closed","ping_status":"closed","template":"","meta":{"footnotes":""},"class_list":["post-2726","page","type-page","status-publish","hentry"],"_links":{"self":[{"href":"https:\/\/murilorubiao.com.br\/index.php\/wp-json\/wp\/v2\/pages\/2726","targetHints":{"allow":["GET"]}}],"collection":[{"href":"https:\/\/murilorubiao.com.br\/index.php\/wp-json\/wp\/v2\/pages"}],"about":[{"href":"https:\/\/murilorubiao.com.br\/index.php\/wp-json\/wp\/v2\/types\/page"}],"author":[{"embeddable":true,"href":"https:\/\/murilorubiao.com.br\/index.php\/wp-json\/wp\/v2\/users\/1"}],"replies":[{"embeddable":true,"href":"https:\/\/murilorubiao.com.br\/index.php\/wp-json\/wp\/v2\/comments?post=2726"}],"version-history":[{"count":19,"href":"https:\/\/murilorubiao.com.br\/index.php\/wp-json\/wp\/v2\/pages\/2726\/revisions"}],"predecessor-version":[{"id":4599,"href":"https:\/\/murilorubiao.com.br\/index.php\/wp-json\/wp\/v2\/pages\/2726\/revisions\/4599"}],"wp:attachment":[{"href":"https:\/\/murilorubiao.com.br\/index.php\/wp-json\/wp\/v2\/media?parent=2726"}],"curies":[{"name":"wp","href":"https:\/\/api.w.org\/{rel}","templated":true}]}}