{"id":2264,"date":"2022-07-11T16:31:42","date_gmt":"2022-07-11T19:31:42","guid":{"rendered":"https:\/\/murilorubiao.com.br\/?page_id=2264"},"modified":"2022-08-15T22:38:17","modified_gmt":"2022-08-16T01:38:17","slug":"criticas-em-frances","status":"publish","type":"page","link":"https:\/\/murilorubiao.com.br\/index.php\/criticas-em-frances","title":{"rendered":"Cr\u00edticas > Em franc\u00eas"},"content":{"rendered":"\t\t<div data-elementor-type=\"wp-post\" data-elementor-id=\"2264\" class=\"elementor elementor-2264\">\n\t\t\t\t\t\t<section class=\"elementor-section elementor-top-section elementor-element elementor-element-23573ae elementor-section-full_width elementor-section-height-default elementor-section-height-default\" data-id=\"23573ae\" data-element_type=\"section\" data-settings=\"{&quot;background_background&quot;:&quot;classic&quot;,&quot;background_image&quot;:{&quot;url&quot;:&quot;&quot;,&quot;id&quot;:&quot;&quot;,&quot;size&quot;:&quot;&quot;,&quot;alt&quot;:&quot;&quot;,&quot;source&quot;:&quot;library&quot;}}\">\n\t\t\t\t\t\t<div class=\"elementor-container elementor-column-gap-no\">\n\t\t\t\t\t<div class=\"elementor-column elementor-col-100 elementor-top-column elementor-element elementor-element-a95b764\" data-id=\"a95b764\" data-element_type=\"column\" data-settings=\"{&quot;background_background&quot;:&quot;classic&quot;}\">\n\t\t\t<div class=\"elementor-widget-wrap elementor-element-populated\">\n\t\t\t\t\t<div class=\"elementor-background-overlay\"><\/div>\n\t\t\t\t\t\t<div class=\"elementor-element elementor-element-49ba8f8 elementor-widget elementor-widget-image\" data-id=\"49ba8f8\" data-element_type=\"widget\" data-widget_type=\"image.default\">\n\t\t\t\t<div class=\"elementor-widget-container\">\n\t\t\t\t\t\t\t\t\t\t\t\t\t<img fetchpriority=\"high\" decoding=\"async\" width=\"1024\" height=\"304\" src=\"https:\/\/murilorubiao.com.br\/wp-content\/uploads\/2022\/08\/banner_1366x650-5-1024x304.png\" class=\"attachment-large size-large wp-image-3721\" alt=\"\" srcset=\"https:\/\/murilorubiao.com.br\/wp-content\/uploads\/2022\/08\/banner_1366x650-5-1024x304.png 1024w, https:\/\/murilorubiao.com.br\/wp-content\/uploads\/2022\/08\/banner_1366x650-5-300x89.png 300w, https:\/\/murilorubiao.com.br\/wp-content\/uploads\/2022\/08\/banner_1366x650-5-150x45.png 150w, https:\/\/murilorubiao.com.br\/wp-content\/uploads\/2022\/08\/banner_1366x650-5-768x228.png 768w, https:\/\/murilorubiao.com.br\/wp-content\/uploads\/2022\/08\/banner_1366x650-5-800x238.png 800w, https:\/\/murilorubiao.com.br\/wp-content\/uploads\/2022\/08\/banner_1366x650-5-1300x386.png 1300w, https:\/\/murilorubiao.com.br\/wp-content\/uploads\/2022\/08\/banner_1366x650-5-600x178.png 600w, https:\/\/murilorubiao.com.br\/wp-content\/uploads\/2022\/08\/banner_1366x650-5.png 1366w\" sizes=\"(max-width: 1024px) 100vw, 1024px\" \/>\t\t\t\t\t\t\t\t\t\t\t\t\t<\/div>\n\t\t\t\t<\/div>\n\t\t\t\t\t<\/div>\n\t\t<\/div>\n\t\t\t\t\t<\/div>\n\t\t<\/section>\n\t\t\t\t<section class=\"elementor-section elementor-top-section elementor-element elementor-element-444da3b elementor-section-full_width elementor-section-height-default elementor-section-height-default\" data-id=\"444da3b\" data-element_type=\"section\">\n\t\t\t\t\t\t<div class=\"elementor-container elementor-column-gap-default\">\n\t\t\t\t\t<div class=\"elementor-column elementor-col-100 elementor-top-column elementor-element elementor-element-e9d47ad\" data-id=\"e9d47ad\" data-element_type=\"column\">\n\t\t\t<div class=\"elementor-widget-wrap elementor-element-populated\">\n\t\t\t\t\t\t<div class=\"elementor-element elementor-element-8ea881d elementor-widget elementor-widget-image\" data-id=\"8ea881d\" data-element_type=\"widget\" data-widget_type=\"image.default\">\n\t\t\t\t<div class=\"elementor-widget-container\">\n\t\t\t\t\t\t\t\t\t\t\t\t\t<img decoding=\"async\" src=\"https:\/\/murilorubiao.com.br\/wp-content\/uploads\/2022\/08\/critica.png\" title=\"critica\" alt=\"critica\" loading=\"lazy\" \/>\t\t\t\t\t\t\t\t\t\t\t\t\t<\/div>\n\t\t\t\t<\/div>\n\t\t\t\t<div class=\"elementor-element elementor-element-1f32699 elementor-widget elementor-widget-ssd_blockquote\" data-id=\"1f32699\" data-element_type=\"widget\" data-widget_type=\"ssd_blockquote.default\">\n\t\t\t\t<div class=\"elementor-widget-container\">\n\t\t\t\t\r\n\t\t<div class=\"Blockquote\">\r\n\t\t\t<div class=\"blockquote-content-wrapper text-center\">\r\n\t\t\t\t\t\t\t\t<div class=\"blockquote-content\">\r\n\t\t\t\t\t\"Os leitores t\u00eam a liberdade de interpreta\u00e7\u00e3o. Eu deixo muita coisa para o leitor completar.\"\t\t\t\t<\/div>\r\n\t\t\t\t\t\t\t\t\t\t\t\t\t<div class=\"author-wrapper\">\r\n\t\t\t\t\t\t<span class=\"author font-heading\">Murilo Rubi\u00e3o<\/span>\r\n\t\t\t\t\t\t\t\t\t\t\t<\/div>\r\n\t\t\t\t\t\t\t<\/div>\r\n\t\t<\/div>\r\n\r\n\t\t\t<\/div>\n\t\t\t\t<\/div>\n\t\t\t\t\t<\/div>\n\t\t<\/div>\n\t\t\t\t\t<\/div>\n\t\t<\/section>\n\t\t\t\t<section class=\"elementor-section elementor-top-section elementor-element elementor-element-6a49214 elementor-section-boxed elementor-section-height-default elementor-section-height-default\" data-id=\"6a49214\" data-element_type=\"section\">\n\t\t\t\t\t\t<div class=\"elementor-container elementor-column-gap-default\">\n\t\t\t\t\t<div class=\"elementor-column elementor-col-100 elementor-top-column elementor-element elementor-element-d9c68dd\" data-id=\"d9c68dd\" data-element_type=\"column\">\n\t\t\t<div class=\"elementor-widget-wrap elementor-element-populated\">\n\t\t\t\t\t\t<div class=\"elementor-element elementor-element-c0486ee elementor-widget elementor-widget-heading\" data-id=\"c0486ee\" data-element_type=\"widget\" data-widget_type=\"heading.default\">\n\t\t\t\t<div class=\"elementor-widget-container\">\n\t\t\t<h1 class=\"elementor-heading-title elementor-size-default\">Cr\u00edticas &gt; Em Franc\u00eas <\/h1>\t\t<\/div>\n\t\t\t\t<\/div>\n\t\t\t\t\t<\/div>\n\t\t<\/div>\n\t\t\t\t\t<\/div>\n\t\t<\/section>\n\t\t\t\t<section class=\"elementor-section elementor-top-section elementor-element elementor-element-ce8d275 elementor-section-boxed elementor-section-height-default elementor-section-height-default\" data-id=\"ce8d275\" data-element_type=\"section\">\n\t\t\t\t\t\t<div class=\"elementor-container elementor-column-gap-default\">\n\t\t\t\t\t<div class=\"elementor-column elementor-col-100 elementor-top-column elementor-element elementor-element-968cf93\" data-id=\"968cf93\" data-element_type=\"column\">\n\t\t\t<div class=\"elementor-widget-wrap elementor-element-populated\">\n\t\t\t\t\t\t<div class=\"elementor-element elementor-element-7d1f4fc elementor-widget elementor-widget-blfe-post-grid\" data-id=\"7d1f4fc\" data-element_type=\"widget\" data-settings=\"{&quot;columns&quot;:&quot;3&quot;,&quot;columns_tablet&quot;:&quot;6&quot;,&quot;columns_mobile&quot;:&quot;12&quot;,&quot;classic1_layout_column_gap&quot;:{&quot;unit&quot;:&quot;px&quot;,&quot;size&quot;:30,&quot;sizes&quot;:[]},&quot;classic1_layout_column_gap_tablet&quot;:{&quot;unit&quot;:&quot;px&quot;,&quot;size&quot;:&quot;&quot;,&quot;sizes&quot;:[]},&quot;classic1_layout_column_gap_mobile&quot;:{&quot;unit&quot;:&quot;px&quot;,&quot;size&quot;:&quot;&quot;,&quot;sizes&quot;:[]},&quot;classic1_layout_row_gap&quot;:{&quot;unit&quot;:&quot;px&quot;,&quot;size&quot;:30,&quot;sizes&quot;:[]},&quot;classic1_layout_row_gap_tablet&quot;:{&quot;unit&quot;:&quot;px&quot;,&quot;size&quot;:&quot;&quot;,&quot;sizes&quot;:[]},&quot;classic1_layout_row_gap_mobile&quot;:{&quot;unit&quot;:&quot;px&quot;,&quot;size&quot;:&quot;&quot;,&quot;sizes&quot;:[]}}\" data-widget_type=\"blfe-post-grid.classic1\">\n\t\t\t\t<div class=\"elementor-widget-container\">\n\t\t\t\n                        <div class=\"blfe-post-grid-container blfe-active-post-loader\">\n            \n                <div data-skin=\"classic1\" class=\"blfe-row blfe-posts-inner blfe-classic1 blfe-posts-inner blfe-col-3 blfe-col-tab-6 blfe-col-mob-12     \">\n                            <div class=\"blfe-post-grid-item \">\n            <div class=\"blfe-post-grid-item-inner blfe-modern-zoom\">\n                                                <div class=\"blfe-post-grid-details\">\n                    <div class=\"blfe-post-grid-details-inner\">\n                        <h3 class=\"blfe-post-grid-title\">\n            <a href=\"https:\/\/murilorubiao.com.br\/index.php\/em-frances\/guillaume-contre-vertiges-quotidiens\" title=\"Vertiges quotidiens &#8211; Guillaume Contr\u00e9 (2021)\" rel=\"nofollow\" target=\"_self\">Vertiges quotidiens &#8211; Guillaume Contr\u00e9 (2021)<\/a>\n            <\/h3>                                                                                <a class=\"blfe-post-read-more\" href=\"https:\/\/murilorubiao.com.br\/index.php\/em-frances\/guillaume-contre-vertiges-quotidiens\" >\n            <span class=\"blfe-read-more-btn-wrapper\">\n\n             <span class=\"blfe-read-more-btn-text\">Leia Mais<\/span>\n\n                \n            <\/span>\n        <\/a>\n                            <\/div>\n                <\/div>\n\n            <\/div>\n        <\/div>\n                <div class=\"blfe-post-grid-item \">\n            <div class=\"blfe-post-grid-item-inner blfe-modern-zoom\">\n                                                <div class=\"blfe-post-grid-details\">\n                    <div class=\"blfe-post-grid-details-inner\">\n                        <h3 class=\"blfe-post-grid-title\">\n            <a href=\"https:\/\/murilorubiao.com.br\/index.php\/em-frances\/bernard-quiriny-morrow-rubiao-fantastiques-dilettantes-lopinion-2022\" title=\"Morrow, Rubi\u00e3o, fantastiques dilettantes &#8211; Bernard Quiriny (2022)\" rel=\"nofollow\" target=\"_self\">Morrow, Rubi\u00e3o, fantastiques dilettantes &#8211; Bernard Quiriny (2022)<\/a>\n            <\/h3>                                                                                <a class=\"blfe-post-read-more\" href=\"https:\/\/murilorubiao.com.br\/index.php\/em-frances\/bernard-quiriny-morrow-rubiao-fantastiques-dilettantes-lopinion-2022\" >\n            <span class=\"blfe-read-more-btn-wrapper\">\n\n             <span class=\"blfe-read-more-btn-text\">Leia Mais<\/span>\n\n                \n            <\/span>\n        <\/a>\n                            <\/div>\n                <\/div>\n\n            <\/div>\n        <\/div>\n                <div class=\"blfe-post-grid-item \">\n            <div class=\"blfe-post-grid-item-inner blfe-modern-zoom\">\n                                                <div class=\"blfe-post-grid-details\">\n                    <div class=\"blfe-post-grid-details-inner\">\n                        <h3 class=\"blfe-post-grid-title\">\n            <a href=\"https:\/\/murilorubiao.com.br\/index.php\/em-frances\/lex-magicien-de-murilo-rubiao-par-carlos-drummond-de-andrade\" title=\"L\u2019ex-magicien de Murilo Rubi\u00e3o par Carlos Drummond de Andrade\" rel=\"nofollow\" target=\"_self\">L\u2019ex-magicien de Murilo Rubi\u00e3o par Carlos Drummond de Andrade<\/a>\n            <\/h3>                                                                                <a class=\"blfe-post-read-more\" href=\"https:\/\/murilorubiao.com.br\/index.php\/em-frances\/lex-magicien-de-murilo-rubiao-par-carlos-drummond-de-andrade\" >\n            <span class=\"blfe-read-more-btn-wrapper\">\n\n             <span class=\"blfe-read-more-btn-text\">Leia Mais<\/span>\n\n                \n            <\/span>\n        <\/a>\n                            <\/div>\n                <\/div>\n\n            <\/div>\n        <\/div>\n                <div class=\"blfe-post-grid-item \">\n            <div class=\"blfe-post-grid-item-inner blfe-modern-zoom\">\n                                                <div class=\"blfe-post-grid-details\">\n                    <div class=\"blfe-post-grid-details-inner\">\n                        <h3 class=\"blfe-post-grid-title\">\n            <a href=\"https:\/\/murilorubiao.com.br\/index.php\/em-frances\/lex-magicien-de-murilo-rubiao-par-sergio-milliet\" title=\"L\u2019ex-magicien de Murilo Rubi\u00e3o par S\u00e9rgio Milliet\" rel=\"nofollow\" target=\"_self\">L\u2019ex-magicien de Murilo Rubi\u00e3o par S\u00e9rgio Milliet<\/a>\n            <\/h3>                                                                                <a class=\"blfe-post-read-more\" href=\"https:\/\/murilorubiao.com.br\/index.php\/em-frances\/lex-magicien-de-murilo-rubiao-par-sergio-milliet\" >\n            <span class=\"blfe-read-more-btn-wrapper\">\n\n             <span class=\"blfe-read-more-btn-text\">Leia Mais<\/span>\n\n                \n            <\/span>\n        <\/a>\n                            <\/div>\n                <\/div>\n\n            <\/div>\n        <\/div>\n                        <\/div>\n\n                        <\/div>\n            \n                        <div class=\"blfe-post-footer\">\n                        <\/div>\n            \t\t<\/div>\n\t\t\t\t<\/div>\n\t\t\t\t<div class=\"elementor-element elementor-element-842b3f0 elementor-widget-divider--view-line elementor-widget elementor-widget-divider\" data-id=\"842b3f0\" data-element_type=\"widget\" data-widget_type=\"divider.default\">\n\t\t\t\t<div class=\"elementor-widget-container\">\n\t\t\t\t\t<div class=\"elementor-divider\">\n\t\t\t<span class=\"elementor-divider-separator\">\n\t\t\t\t\t\t<\/span>\n\t\t<\/div>\n\t\t\t\t<\/div>\n\t\t\t\t<\/div>\n\t\t\t\t\t<\/div>\n\t\t<\/div>\n\t\t\t\t\t<\/div>\n\t\t<\/section>\n\t\t\t\t<\/div>\n\t\t","protected":false},"excerpt":{"rendered":"<p>&#8220;Os leitores t\u00eam a liberdade de interpreta\u00e7\u00e3o. Eu deixo muita coisa para o leitor completar.&#8221; Murilo Rubi\u00e3o Cr\u00edticas &gt; Em Franc\u00eas Bernard Quiriny &#8211; Morrow&#8230;<\/p>\n","protected":false},"author":1,"featured_media":0,"parent":0,"menu_order":23,"comment_status":"closed","ping_status":"closed","template":"","meta":{"footnotes":""},"class_list":["post-2264","page","type-page","status-publish","hentry"],"_links":{"self":[{"href":"https:\/\/murilorubiao.com.br\/index.php\/wp-json\/wp\/v2\/pages\/2264","targetHints":{"allow":["GET"]}}],"collection":[{"href":"https:\/\/murilorubiao.com.br\/index.php\/wp-json\/wp\/v2\/pages"}],"about":[{"href":"https:\/\/murilorubiao.com.br\/index.php\/wp-json\/wp\/v2\/types\/page"}],"author":[{"embeddable":true,"href":"https:\/\/murilorubiao.com.br\/index.php\/wp-json\/wp\/v2\/users\/1"}],"replies":[{"embeddable":true,"href":"https:\/\/murilorubiao.com.br\/index.php\/wp-json\/wp\/v2\/comments?post=2264"}],"version-history":[{"count":14,"href":"https:\/\/murilorubiao.com.br\/index.php\/wp-json\/wp\/v2\/pages\/2264\/revisions"}],"predecessor-version":[{"id":4170,"href":"https:\/\/murilorubiao.com.br\/index.php\/wp-json\/wp\/v2\/pages\/2264\/revisions\/4170"}],"wp:attachment":[{"href":"https:\/\/murilorubiao.com.br\/index.php\/wp-json\/wp\/v2\/media?parent=2264"}],"curies":[{"name":"wp","href":"https:\/\/api.w.org\/{rel}","templated":true}]}}