{"id":2091,"date":"2022-07-05T19:03:20","date_gmt":"2022-07-05T22:03:20","guid":{"rendered":"https:\/\/murilorubiao.com.br\/?page_id=2091"},"modified":"2022-09-13T10:46:34","modified_gmt":"2022-09-13T13:46:34","slug":"imprensa","status":"publish","type":"page","link":"https:\/\/murilorubiao.com.br\/index.php\/imprensa","title":{"rendered":"Imprensa"},"content":{"rendered":"\t\t<div data-elementor-type=\"wp-post\" data-elementor-id=\"2091\" class=\"elementor elementor-2091\">\n\t\t\t\t\t\t<section class=\"elementor-section elementor-top-section elementor-element elementor-element-23573ae elementor-section-full_width elementor-section-height-default elementor-section-height-default\" data-id=\"23573ae\" data-element_type=\"section\" data-settings=\"{&quot;background_background&quot;:&quot;classic&quot;,&quot;background_image&quot;:{&quot;url&quot;:&quot;&quot;,&quot;id&quot;:&quot;&quot;,&quot;size&quot;:&quot;&quot;,&quot;alt&quot;:&quot;&quot;,&quot;source&quot;:&quot;library&quot;}}\">\n\t\t\t\t\t\t<div class=\"elementor-container elementor-column-gap-no\">\n\t\t\t\t\t<div class=\"elementor-column elementor-col-100 elementor-top-column elementor-element elementor-element-a95b764\" data-id=\"a95b764\" data-element_type=\"column\" data-settings=\"{&quot;background_background&quot;:&quot;classic&quot;}\">\n\t\t\t<div class=\"elementor-widget-wrap elementor-element-populated\">\n\t\t\t\t\t<div class=\"elementor-background-overlay\"><\/div>\n\t\t\t\t\t\t<div class=\"elementor-element elementor-element-49ba8f8 elementor-widget elementor-widget-image\" data-id=\"49ba8f8\" data-element_type=\"widget\" data-widget_type=\"image.default\">\n\t\t\t\t<div class=\"elementor-widget-container\">\n\t\t\t\t\t\t\t\t\t\t\t\t\t<img fetchpriority=\"high\" decoding=\"async\" width=\"1024\" height=\"304\" src=\"https:\/\/murilorubiao.com.br\/wp-content\/uploads\/2022\/08\/banner_1366x650-3-1024x304.png\" class=\"attachment-large size-large wp-image-3767\" alt=\"\" srcset=\"https:\/\/murilorubiao.com.br\/wp-content\/uploads\/2022\/08\/banner_1366x650-3-1024x304.png 1024w, https:\/\/murilorubiao.com.br\/wp-content\/uploads\/2022\/08\/banner_1366x650-3-300x89.png 300w, https:\/\/murilorubiao.com.br\/wp-content\/uploads\/2022\/08\/banner_1366x650-3-150x45.png 150w, https:\/\/murilorubiao.com.br\/wp-content\/uploads\/2022\/08\/banner_1366x650-3-768x228.png 768w, https:\/\/murilorubiao.com.br\/wp-content\/uploads\/2022\/08\/banner_1366x650-3-800x238.png 800w, https:\/\/murilorubiao.com.br\/wp-content\/uploads\/2022\/08\/banner_1366x650-3-1300x386.png 1300w, https:\/\/murilorubiao.com.br\/wp-content\/uploads\/2022\/08\/banner_1366x650-3-600x178.png 600w, https:\/\/murilorubiao.com.br\/wp-content\/uploads\/2022\/08\/banner_1366x650-3.png 1366w\" sizes=\"(max-width: 1024px) 100vw, 1024px\" \/>\t\t\t\t\t\t\t\t\t\t\t\t\t<\/div>\n\t\t\t\t<\/div>\n\t\t\t\t\t<\/div>\n\t\t<\/div>\n\t\t\t\t\t<\/div>\n\t\t<\/section>\n\t\t\t\t<section class=\"elementor-section elementor-top-section elementor-element elementor-element-2c095ef elementor-section-full_width elementor-section-height-default elementor-section-height-default\" data-id=\"2c095ef\" data-element_type=\"section\">\n\t\t\t\t\t\t<div class=\"elementor-container elementor-column-gap-default\">\n\t\t\t\t\t<div class=\"elementor-column elementor-col-100 elementor-top-column elementor-element elementor-element-c850401\" data-id=\"c850401\" data-element_type=\"column\">\n\t\t\t<div class=\"elementor-widget-wrap elementor-element-populated\">\n\t\t\t\t\t\t<div class=\"elementor-element elementor-element-5e932b7 elementor-widget elementor-widget-image\" data-id=\"5e932b7\" data-element_type=\"widget\" data-widget_type=\"image.default\">\n\t\t\t\t<div class=\"elementor-widget-container\">\n\t\t\t\t\t\t\t\t\t\t\t\t\t<img decoding=\"async\" src=\"https:\/\/murilorubiao.com.br\/wp-content\/uploads\/2022\/08\/prensa.png\" title=\"prensa\" alt=\"prensa\" loading=\"lazy\" \/>\t\t\t\t\t\t\t\t\t\t\t\t\t<\/div>\n\t\t\t\t<\/div>\n\t\t\t\t<div class=\"elementor-element elementor-element-3d18f35 elementor-widget elementor-widget-ssd_blockquote\" data-id=\"3d18f35\" data-element_type=\"widget\" data-widget_type=\"ssd_blockquote.default\">\n\t\t\t\t<div class=\"elementor-widget-container\">\n\t\t\t\t\r\n\t\t<div class=\"Blockquote\">\r\n\t\t\t<div class=\"blockquote-content-wrapper text-center\">\r\n\t\t\t\t\t\t\t\t<div class=\"blockquote-content\">\r\n\t\t\t\t\t\"A linguagem envelhece. \u00c9 preciso fugir de todo detalhe que a envelhe\u00e7a.\"\t\t\t\t<\/div>\r\n\t\t\t\t\t\t\t\t\t\t\t\t\t<div class=\"author-wrapper\">\r\n\t\t\t\t\t\t<span class=\"author font-heading\">Murilo Rubi\u00e3o<\/span>\r\n\t\t\t\t\t\t\t\t\t\t\t<\/div>\r\n\t\t\t\t\t\t\t<\/div>\r\n\t\t<\/div>\r\n\r\n\t\t\t<\/div>\n\t\t\t\t<\/div>\n\t\t\t\t\t<\/div>\n\t\t<\/div>\n\t\t\t\t\t<\/div>\n\t\t<\/section>\n\t\t\t\t<section class=\"elementor-section elementor-top-section elementor-element elementor-element-6a49214 elementor-section-boxed elementor-section-height-default elementor-section-height-default\" data-id=\"6a49214\" data-element_type=\"section\">\n\t\t\t\t\t\t<div class=\"elementor-container elementor-column-gap-default\">\n\t\t\t\t\t<div class=\"elementor-column elementor-col-100 elementor-top-column elementor-element elementor-element-d9c68dd\" data-id=\"d9c68dd\" data-element_type=\"column\">\n\t\t\t<div class=\"elementor-widget-wrap elementor-element-populated\">\n\t\t\t\t\t\t<div class=\"elementor-element elementor-element-c0486ee elementor-widget elementor-widget-heading\" data-id=\"c0486ee\" data-element_type=\"widget\" data-widget_type=\"heading.default\">\n\t\t\t\t<div class=\"elementor-widget-container\">\n\t\t\t<h1 class=\"elementor-heading-title elementor-size-default\">Imprensa<\/h1>\t\t<\/div>\n\t\t\t\t<\/div>\n\t\t\t\t\t<\/div>\n\t\t<\/div>\n\t\t\t\t\t<\/div>\n\t\t<\/section>\n\t\t\t\t<section class=\"elementor-section elementor-top-section elementor-element elementor-element-ce8d275 elementor-section-boxed elementor-section-height-default elementor-section-height-default\" data-id=\"ce8d275\" data-element_type=\"section\">\n\t\t\t\t\t\t<div class=\"elementor-container elementor-column-gap-default\">\n\t\t\t\t\t<div class=\"elementor-column elementor-col-100 elementor-top-column elementor-element elementor-element-968cf93\" data-id=\"968cf93\" data-element_type=\"column\">\n\t\t\t<div class=\"elementor-widget-wrap elementor-element-populated\">\n\t\t\t\t\t\t<div class=\"elementor-element elementor-element-7d1f4fc elementor-widget elementor-widget-blfe-post-grid\" data-id=\"7d1f4fc\" data-element_type=\"widget\" data-settings=\"{&quot;columns&quot;:&quot;3&quot;,&quot;columns_tablet&quot;:&quot;6&quot;,&quot;columns_mobile&quot;:&quot;12&quot;,&quot;classic1_layout_column_gap&quot;:{&quot;unit&quot;:&quot;px&quot;,&quot;size&quot;:30,&quot;sizes&quot;:[]},&quot;classic1_layout_column_gap_tablet&quot;:{&quot;unit&quot;:&quot;px&quot;,&quot;size&quot;:&quot;&quot;,&quot;sizes&quot;:[]},&quot;classic1_layout_column_gap_mobile&quot;:{&quot;unit&quot;:&quot;px&quot;,&quot;size&quot;:&quot;&quot;,&quot;sizes&quot;:[]},&quot;classic1_layout_row_gap&quot;:{&quot;unit&quot;:&quot;px&quot;,&quot;size&quot;:30,&quot;sizes&quot;:[]},&quot;classic1_layout_row_gap_tablet&quot;:{&quot;unit&quot;:&quot;px&quot;,&quot;size&quot;:&quot;&quot;,&quot;sizes&quot;:[]},&quot;classic1_layout_row_gap_mobile&quot;:{&quot;unit&quot;:&quot;px&quot;,&quot;size&quot;:&quot;&quot;,&quot;sizes&quot;:[]}}\" data-widget_type=\"blfe-post-grid.classic1\">\n\t\t\t\t<div class=\"elementor-widget-container\">\n\t\t\t\n                        <div class=\"blfe-post-grid-container blfe-active-post-loader\">\n            \n                <div data-skin=\"classic1\" class=\"blfe-row blfe-posts-inner blfe-classic1 blfe-posts-inner blfe-col-3 blfe-col-tab-6 blfe-col-mob-12     \">\n                            <div class=\"blfe-post-grid-item \">\n            <div class=\"blfe-post-grid-item-inner blfe-modern-zoom\">\n                                                <div class=\"blfe-post-grid-details\">\n                    <div class=\"blfe-post-grid-details-inner\">\n                        <h3 class=\"blfe-post-grid-title\">\n            <a href=\"https:\/\/murilorubiao.com.br\/index.php\/imprensa\/alecio-cunha-o-homem-dos-contos-2006\" title=\"O homem dos contos &#8211; Al\u00e9cio Cunha (2006)\" rel=\"nofollow\" target=\"_self\">O homem dos contos &#8211; Al\u00e9cio Cunha (2006)<\/a>\n            <\/h3>                                                                                <a class=\"blfe-post-read-more\" href=\"https:\/\/murilorubiao.com.br\/index.php\/imprensa\/alecio-cunha-o-homem-dos-contos-2006\" >\n            <span class=\"blfe-read-more-btn-wrapper\">\n\n             <span class=\"blfe-read-more-btn-text\">Leia Mais<\/span>\n\n                \n            <\/span>\n        <\/a>\n                            <\/div>\n                <\/div>\n\n            <\/div>\n        <\/div>\n                <div class=\"blfe-post-grid-item \">\n            <div class=\"blfe-post-grid-item-inner blfe-modern-zoom\">\n                                                <div class=\"blfe-post-grid-details\">\n                    <div class=\"blfe-post-grid-details-inner\">\n                        <h3 class=\"blfe-post-grid-title\">\n            <a href=\"https:\/\/murilorubiao.com.br\/index.php\/imprensa\/suplemento-literario-40-anos-de-ex-magico\" title=\"40 anos de Ex-m\u00e1gico &#8211; Rui Mour\u00e3o (1987)\" rel=\"nofollow\" target=\"_self\">40 anos de Ex-m\u00e1gico &#8211; Rui Mour\u00e3o (1987)<\/a>\n            <\/h3>                                                                                <a class=\"blfe-post-read-more\" href=\"https:\/\/murilorubiao.com.br\/index.php\/imprensa\/suplemento-literario-40-anos-de-ex-magico\" >\n            <span class=\"blfe-read-more-btn-wrapper\">\n\n             <span class=\"blfe-read-more-btn-text\">Leia Mais<\/span>\n\n                \n            <\/span>\n        <\/a>\n                            <\/div>\n                <\/div>\n\n            <\/div>\n        <\/div>\n                <div class=\"blfe-post-grid-item \">\n            <div class=\"blfe-post-grid-item-inner blfe-modern-zoom\">\n                                                <div class=\"blfe-post-grid-details\">\n                    <div class=\"blfe-post-grid-details-inner\">\n                        <h3 class=\"blfe-post-grid-title\">\n            <a href=\"https:\/\/murilorubiao.com.br\/index.php\/imprensa\/magazine-jornal-o-tempo-tudo-sobre-murilo-rubiao-2\" title=\"Universo em 33 contos &#8211; Carlos Herculano Lopes (2005)\" rel=\"nofollow\" target=\"_self\">Universo em 33 contos &#8211; Carlos Herculano Lopes (2005)<\/a>\n            <\/h3>                                                                                <a class=\"blfe-post-read-more\" href=\"https:\/\/murilorubiao.com.br\/index.php\/imprensa\/magazine-jornal-o-tempo-tudo-sobre-murilo-rubiao-2\" >\n            <span class=\"blfe-read-more-btn-wrapper\">\n\n             <span class=\"blfe-read-more-btn-text\">Leia Mais<\/span>\n\n                \n            <\/span>\n        <\/a>\n                            <\/div>\n                <\/div>\n\n            <\/div>\n        <\/div>\n                <div class=\"blfe-post-grid-item \">\n            <div class=\"blfe-post-grid-item-inner blfe-modern-zoom\">\n                                                <div class=\"blfe-post-grid-details\">\n                    <div class=\"blfe-post-grid-details-inner\">\n                        <h3 class=\"blfe-post-grid-title\">\n            <a href=\"https:\/\/murilorubiao.com.br\/index.php\/imprensa\/joao-assis-tudo-sobre-murilo-rubiao-2006\" title=\"Tudo sobre Murilo Rubi\u00e3o &#8211; Jo\u00e3o Assis (2006)\" rel=\"nofollow\" target=\"_self\">Tudo sobre Murilo Rubi\u00e3o &#8211; Jo\u00e3o Assis (2006)<\/a>\n            <\/h3>                                                                                <a class=\"blfe-post-read-more\" href=\"https:\/\/murilorubiao.com.br\/index.php\/imprensa\/joao-assis-tudo-sobre-murilo-rubiao-2006\" >\n            <span class=\"blfe-read-more-btn-wrapper\">\n\n             <span class=\"blfe-read-more-btn-text\">Leia Mais<\/span>\n\n                \n            <\/span>\n        <\/a>\n                            <\/div>\n                <\/div>\n\n            <\/div>\n        <\/div>\n                <div class=\"blfe-post-grid-item \">\n            <div class=\"blfe-post-grid-item-inner blfe-modern-zoom\">\n                                                <div class=\"blfe-post-grid-details\">\n                    <div class=\"blfe-post-grid-details-inner\">\n                        <h3 class=\"blfe-post-grid-title\">\n            <a href=\"https:\/\/murilorubiao.com.br\/index.php\/imprensa\/flavio-carneiro-o-fantastico-senhor-dos-contos-em-dialogo-com-machado\" title=\"O fant\u00e1stico senhor dos contos em di\u00e1logo com Machado &#8211; Fl\u00e1vio Carneiro (2006)\" rel=\"nofollow\" target=\"_self\">O fant\u00e1stico senhor dos contos em di\u00e1logo com Machado &#8211; Fl\u00e1vio Carneiro (2006)<\/a>\n            <\/h3>                                                                                <a class=\"blfe-post-read-more\" href=\"https:\/\/murilorubiao.com.br\/index.php\/imprensa\/flavio-carneiro-o-fantastico-senhor-dos-contos-em-dialogo-com-machado\" >\n            <span class=\"blfe-read-more-btn-wrapper\">\n\n             <span class=\"blfe-read-more-btn-text\">Leia Mais<\/span>\n\n                \n            <\/span>\n        <\/a>\n                            <\/div>\n                <\/div>\n\n            <\/div>\n        <\/div>\n                <div class=\"blfe-post-grid-item \">\n            <div class=\"blfe-post-grid-item-inner blfe-modern-zoom\">\n                                                <div class=\"blfe-post-grid-details\">\n                    <div class=\"blfe-post-grid-details-inner\">\n                        <h3 class=\"blfe-post-grid-title\">\n            <a href=\"https:\/\/murilorubiao.com.br\/index.php\/imprensa\/jose-antonio-orlando-um-certo-rubiao-2010\" title=\"Um certo Rubi\u00e3o &#8211; Jos\u00e9 Ant\u00f4nio Orlando (2010)\" rel=\"nofollow\" target=\"_self\">Um certo Rubi\u00e3o &#8211; Jos\u00e9 Ant\u00f4nio Orlando (2010)<\/a>\n            <\/h3>                                                                                <a class=\"blfe-post-read-more\" href=\"https:\/\/murilorubiao.com.br\/index.php\/imprensa\/jose-antonio-orlando-um-certo-rubiao-2010\" >\n            <span class=\"blfe-read-more-btn-wrapper\">\n\n             <span class=\"blfe-read-more-btn-text\">Leia Mais<\/span>\n\n                \n            <\/span>\n        <\/a>\n                            <\/div>\n                <\/div>\n\n            <\/div>\n        <\/div>\n                <div class=\"blfe-post-grid-item \">\n            <div class=\"blfe-post-grid-item-inner blfe-modern-zoom\">\n                                                <div class=\"blfe-post-grid-details\">\n                    <div class=\"blfe-post-grid-details-inner\">\n                        <h3 class=\"blfe-post-grid-title\">\n            <a href=\"https:\/\/murilorubiao.com.br\/index.php\/imprensa\/jornal-do-commercio-caderno-c-entrevista-artur-rodrigues\" title=\"Minha periferia \u00e9 fant\u00e1stica: entrevista de Artur Rodrigues ao Jornal do Commercio (2013)\" rel=\"nofollow\" target=\"_self\">Minha periferia \u00e9 fant\u00e1stica: entrevista de Artur Rodrigues ao Jornal do Commercio (2013)<\/a>\n            <\/h3>                                                                                <a class=\"blfe-post-read-more\" href=\"https:\/\/murilorubiao.com.br\/index.php\/imprensa\/jornal-do-commercio-caderno-c-entrevista-artur-rodrigues\" >\n            <span class=\"blfe-read-more-btn-wrapper\">\n\n             <span class=\"blfe-read-more-btn-text\">Leia Mais<\/span>\n\n                \n            <\/span>\n        <\/a>\n                            <\/div>\n                <\/div>\n\n            <\/div>\n        <\/div>\n                <div class=\"blfe-post-grid-item \">\n            <div class=\"blfe-post-grid-item-inner blfe-modern-zoom\">\n                                                <div class=\"blfe-post-grid-details\">\n                    <div class=\"blfe-post-grid-details-inner\">\n                        <h3 class=\"blfe-post-grid-title\">\n            <a href=\"https:\/\/murilorubiao.com.br\/index.php\/imprensa\/murilo-rubiao-centenario-clipping\" title=\"Exposi\u00e7\u00e3o Absurdus: Murilo Rubi\u00e3o 100 anos &#8211; Clipping e relat\u00f3rio final (2017)\" rel=\"nofollow\" target=\"_self\">Exposi\u00e7\u00e3o Absurdus: Murilo Rubi\u00e3o 100 anos &#8211; Clipping e relat\u00f3rio final (2017)<\/a>\n            <\/h3>                                                                                <a class=\"blfe-post-read-more\" href=\"https:\/\/murilorubiao.com.br\/index.php\/imprensa\/murilo-rubiao-centenario-clipping\" >\n            <span class=\"blfe-read-more-btn-wrapper\">\n\n             <span class=\"blfe-read-more-btn-text\">Leia Mais<\/span>\n\n                \n            <\/span>\n        <\/a>\n                            <\/div>\n                <\/div>\n\n            <\/div>\n        <\/div>\n                <div class=\"blfe-post-grid-item \">\n            <div class=\"blfe-post-grid-item-inner blfe-modern-zoom\">\n                                                <div class=\"blfe-post-grid-details\">\n                    <div class=\"blfe-post-grid-details-inner\">\n                        <h3 class=\"blfe-post-grid-title\">\n            <a href=\"https:\/\/murilorubiao.com.br\/index.php\/imprensa\/murilo-rubiao-centenario\" title=\"Lan\u00e7amento do livro &#8220;Mares interiores: correspond\u00eancia de Murilo Rubi\u00e3o e Otto Lara Resende&#8221;, de Cleber Cabral (2017)\" rel=\"nofollow\" target=\"_self\">Lan\u00e7amento do livro &#8220;Mares interiores: correspond\u00eancia de Murilo Rubi\u00e3o e Otto Lara Resende&#8221;, de Cleber Cabral (2017)<\/a>\n            <\/h3>                                                                                <a class=\"blfe-post-read-more\" href=\"https:\/\/murilorubiao.com.br\/index.php\/imprensa\/murilo-rubiao-centenario\" >\n            <span class=\"blfe-read-more-btn-wrapper\">\n\n             <span class=\"blfe-read-more-btn-text\">Leia Mais<\/span>\n\n                \n            <\/span>\n        <\/a>\n                            <\/div>\n                <\/div>\n\n            <\/div>\n        <\/div>\n                <div class=\"blfe-post-grid-item \">\n            <div class=\"blfe-post-grid-item-inner blfe-modern-zoom\">\n                                                <div class=\"blfe-post-grid-details\">\n                    <div class=\"blfe-post-grid-details-inner\">\n                        <h3 class=\"blfe-post-grid-title\">\n            <a href=\"https:\/\/murilorubiao.com.br\/index.php\/imprensa\/espacos-de-memoria\" title=\"Espa\u00e7os de mem\u00f3ria (2021)\" rel=\"nofollow\" target=\"_self\">Espa\u00e7os de mem\u00f3ria (2021)<\/a>\n            <\/h3>                                                                                <a class=\"blfe-post-read-more\" href=\"https:\/\/murilorubiao.com.br\/index.php\/imprensa\/espacos-de-memoria\" >\n            <span class=\"blfe-read-more-btn-wrapper\">\n\n             <span class=\"blfe-read-more-btn-text\">Leia Mais<\/span>\n\n                \n            <\/span>\n        <\/a>\n                            <\/div>\n                <\/div>\n\n            <\/div>\n        <\/div>\n                        <\/div>\n\n                        <\/div>\n            \n                        <div class=\"blfe-post-footer\">\n                        <\/div>\n            \t\t<\/div>\n\t\t\t\t<\/div>\n\t\t\t\t<div class=\"elementor-element elementor-element-842b3f0 elementor-widget-divider--view-line elementor-widget elementor-widget-divider\" data-id=\"842b3f0\" data-element_type=\"widget\" data-widget_type=\"divider.default\">\n\t\t\t\t<div class=\"elementor-widget-container\">\n\t\t\t\t\t<div class=\"elementor-divider\">\n\t\t\t<span class=\"elementor-divider-separator\">\n\t\t\t\t\t\t<\/span>\n\t\t<\/div>\n\t\t\t\t<\/div>\n\t\t\t\t<\/div>\n\t\t\t\t\t<\/div>\n\t\t<\/div>\n\t\t\t\t\t<\/div>\n\t\t<\/section>\n\t\t\t\t<\/div>\n\t\t","protected":false},"excerpt":{"rendered":"<p>&#8220;A linguagem envelhece. \u00c9 preciso fugir de todo detalhe que a envelhe\u00e7a.&#8221; Murilo Rubi\u00e3o Imprensa O homem dos contos &#8211; Al\u00e9cio Cunha (2006) Leia Mais&#8230;<\/p>\n","protected":false},"author":1,"featured_media":0,"parent":0,"menu_order":28,"comment_status":"closed","ping_status":"closed","template":"","meta":{"footnotes":""},"class_list":["post-2091","page","type-page","status-publish","hentry"],"_links":{"self":[{"href":"https:\/\/murilorubiao.com.br\/index.php\/wp-json\/wp\/v2\/pages\/2091","targetHints":{"allow":["GET"]}}],"collection":[{"href":"https:\/\/murilorubiao.com.br\/index.php\/wp-json\/wp\/v2\/pages"}],"about":[{"href":"https:\/\/murilorubiao.com.br\/index.php\/wp-json\/wp\/v2\/types\/page"}],"author":[{"embeddable":true,"href":"https:\/\/murilorubiao.com.br\/index.php\/wp-json\/wp\/v2\/users\/1"}],"replies":[{"embeddable":true,"href":"https:\/\/murilorubiao.com.br\/index.php\/wp-json\/wp\/v2\/comments?post=2091"}],"version-history":[{"count":34,"href":"https:\/\/murilorubiao.com.br\/index.php\/wp-json\/wp\/v2\/pages\/2091\/revisions"}],"predecessor-version":[{"id":4461,"href":"https:\/\/murilorubiao.com.br\/index.php\/wp-json\/wp\/v2\/pages\/2091\/revisions\/4461"}],"wp:attachment":[{"href":"https:\/\/murilorubiao.com.br\/index.php\/wp-json\/wp\/v2\/media?parent=2091"}],"curies":[{"name":"wp","href":"https:\/\/api.w.org\/{rel}","templated":true}]}}