{"id":1824,"date":"2022-07-01T08:27:56","date_gmt":"2022-07-01T11:27:56","guid":{"rendered":"https:\/\/murilorubiao.com.br\/?page_id=1824"},"modified":"2022-11-14T18:35:30","modified_gmt":"2022-11-14T21:35:30","slug":"vida-eugenio-rubiao","status":"publish","type":"page","link":"https:\/\/murilorubiao.com.br\/index.php\/vida-eugenio-rubiao","title":{"rendered":"Vida > Eug\u00eanio Rubi\u00e3o"},"content":{"rendered":"\t\t<div data-elementor-type=\"wp-post\" data-elementor-id=\"1824\" class=\"elementor elementor-1824\">\n\t\t\t\t\t\t<section class=\"elementor-section elementor-top-section elementor-element elementor-element-0a7953a elementor-section-full_width elementor-section-height-default elementor-section-height-default\" data-id=\"0a7953a\" data-element_type=\"section\" data-settings=\"{&quot;background_background&quot;:&quot;classic&quot;,&quot;background_image&quot;:{&quot;url&quot;:&quot;&quot;,&quot;id&quot;:&quot;&quot;,&quot;size&quot;:&quot;&quot;,&quot;alt&quot;:&quot;&quot;,&quot;source&quot;:&quot;library&quot;}}\">\n\t\t\t\t\t\t<div class=\"elementor-container elementor-column-gap-no\">\n\t\t\t\t\t<div class=\"elementor-column elementor-col-100 elementor-top-column elementor-element elementor-element-e70a5f6\" data-id=\"e70a5f6\" data-element_type=\"column\" data-settings=\"{&quot;background_background&quot;:&quot;classic&quot;}\">\n\t\t\t<div class=\"elementor-widget-wrap elementor-element-populated\">\n\t\t\t\t\t<div class=\"elementor-background-overlay\"><\/div>\n\t\t\t\t\t\t<div class=\"elementor-element elementor-element-f5a6043 elementor-widget elementor-widget-image\" data-id=\"f5a6043\" data-element_type=\"widget\" data-widget_type=\"image.default\">\n\t\t\t\t<div class=\"elementor-widget-container\">\n\t\t\t\t\t\t\t\t\t\t\t\t\t<img fetchpriority=\"high\" decoding=\"async\" width=\"1024\" height=\"304\" src=\"https:\/\/murilorubiao.com.br\/wp-content\/uploads\/2022\/07\/banner_autoretrato-1024x304.jpg\" class=\"attachment-large size-large wp-image-1981\" alt=\"\" srcset=\"https:\/\/murilorubiao.com.br\/wp-content\/uploads\/2022\/07\/banner_autoretrato-1024x304.jpg 1024w, https:\/\/murilorubiao.com.br\/wp-content\/uploads\/2022\/07\/banner_autoretrato-300x89.jpg 300w, https:\/\/murilorubiao.com.br\/wp-content\/uploads\/2022\/07\/banner_autoretrato-768x228.jpg 768w, https:\/\/murilorubiao.com.br\/wp-content\/uploads\/2022\/07\/banner_autoretrato-800x238.jpg 800w, https:\/\/murilorubiao.com.br\/wp-content\/uploads\/2022\/07\/banner_autoretrato-1300x386.jpg 1300w, https:\/\/murilorubiao.com.br\/wp-content\/uploads\/2022\/07\/banner_autoretrato-600x178.jpg 600w, https:\/\/murilorubiao.com.br\/wp-content\/uploads\/2022\/07\/banner_autoretrato.jpg 1366w\" sizes=\"(max-width: 1024px) 100vw, 1024px\" \/>\t\t\t\t\t\t\t\t\t\t\t\t\t<\/div>\n\t\t\t\t<\/div>\n\t\t\t\t\t<\/div>\n\t\t<\/div>\n\t\t\t\t\t<\/div>\n\t\t<\/section>\n\t\t\t\t<section class=\"elementor-section elementor-top-section elementor-element elementor-element-0fd8fc0 elementor-section-full_width elementor-section-height-default elementor-section-height-default\" data-id=\"0fd8fc0\" data-element_type=\"section\">\n\t\t\t\t\t\t<div class=\"elementor-container elementor-column-gap-default\">\n\t\t\t\t\t<div class=\"elementor-column elementor-col-100 elementor-top-column elementor-element elementor-element-405a42d\" data-id=\"405a42d\" data-element_type=\"column\">\n\t\t\t<div class=\"elementor-widget-wrap elementor-element-populated\">\n\t\t\t\t\t\t<div class=\"elementor-element elementor-element-394d9a8 elementor-widget elementor-widget-image\" data-id=\"394d9a8\" data-element_type=\"widget\" data-widget_type=\"image.default\">\n\t\t\t\t<div class=\"elementor-widget-container\">\n\t\t\t\t\t\t\t\t\t\t\t\t\t<img decoding=\"async\" src=\"https:\/\/murilorubiao.com.br\/wp-content\/uploads\/2022\/07\/maqiona.png\" title=\"maqiona\" alt=\"maqiona\" loading=\"lazy\" \/>\t\t\t\t\t\t\t\t\t\t\t\t\t<\/div>\n\t\t\t\t<\/div>\n\t\t\t\t<div class=\"elementor-element elementor-element-6324dac elementor-widget elementor-widget-ssd_blockquote\" data-id=\"6324dac\" data-element_type=\"widget\" data-widget_type=\"ssd_blockquote.default\">\n\t\t\t\t<div class=\"elementor-widget-container\">\n\t\t\t\t\r\n\t\t<div class=\"Blockquote\">\r\n\t\t\t<div class=\"blockquote-content-wrapper text-center\">\r\n\t\t\t\t\t\t\t\t<div class=\"blockquote-content\">\r\n\t\t\t\t\t\"O mais importante na minha vida \u00e9 escrever.\"\t\t\t\t<\/div>\r\n\t\t\t\t\t\t\t\t\t\t\t\t\t<div class=\"author-wrapper\">\r\n\t\t\t\t\t\t<span class=\"author font-heading\">Murilo Rubi\u00e3o<\/span>\r\n\t\t\t\t\t\t\t\t\t\t\t<\/div>\r\n\t\t\t\t\t\t\t<\/div>\r\n\t\t<\/div>\r\n\r\n\t\t\t<\/div>\n\t\t\t\t<\/div>\n\t\t\t\t\t<\/div>\n\t\t<\/div>\n\t\t\t\t\t<\/div>\n\t\t<\/section>\n\t\t\t\t<section class=\"elementor-section elementor-top-section elementor-element elementor-element-6a49214 elementor-section-boxed elementor-section-height-default elementor-section-height-default\" data-id=\"6a49214\" data-element_type=\"section\">\n\t\t\t\t\t\t<div class=\"elementor-container elementor-column-gap-default\">\n\t\t\t\t\t<div class=\"elementor-column elementor-col-100 elementor-top-column elementor-element elementor-element-d9c68dd\" data-id=\"d9c68dd\" data-element_type=\"column\">\n\t\t\t<div class=\"elementor-widget-wrap elementor-element-populated\">\n\t\t\t\t\t\t<div class=\"elementor-element elementor-element-c0486ee elementor-widget elementor-widget-heading\" data-id=\"c0486ee\" data-element_type=\"widget\" data-widget_type=\"heading.default\">\n\t\t\t\t<div class=\"elementor-widget-container\">\n\t\t\t<h1 class=\"elementor-heading-title elementor-size-default\">Vida &gt; Eug\u00eanio Rubi\u00e3o<\/h1>\t\t<\/div>\n\t\t\t\t<\/div>\n\t\t\t\t\t<\/div>\n\t\t<\/div>\n\t\t\t\t\t<\/div>\n\t\t<\/section>\n\t\t\t\t<section class=\"elementor-section elementor-top-section elementor-element elementor-element-8196fa4 elementor-section-content-middle elementor-section-boxed elementor-section-height-default elementor-section-height-default\" data-id=\"8196fa4\" data-element_type=\"section\">\n\t\t\t\t\t\t<div class=\"elementor-container elementor-column-gap-default\">\n\t\t\t\t\t<div class=\"elementor-column elementor-col-100 elementor-top-column elementor-element elementor-element-4690998\" data-id=\"4690998\" data-element_type=\"column\">\n\t\t\t<div class=\"elementor-widget-wrap elementor-element-populated\">\n\t\t\t\t\t\t<div class=\"elementor-element elementor-element-51d1810 elementor-widget elementor-widget-text-editor\" data-id=\"51d1810\" data-element_type=\"widget\" data-widget_type=\"text-editor.default\">\n\t\t\t\t<div class=\"elementor-widget-container\">\n\t\t\t\t\t\t\t<p style=\"text-align: center;\"><strong>Eug\u00eanio Rubi\u00e3o: perfil biogr\u00e1fico<\/strong><\/p><p style=\"text-align: left;\">Eug\u00eanio \u00c1lvares Rubi\u00e3o nasceu na cidade de Silvestre Ferraz, atual Carmo de Minas, Minas Gerais, em 14 de abril de 1887, e morreu em Belo Horizonte em 01 de mar\u00e7o de 1949. Filho de Francisco de Barros \u00c1lvares Rubi\u00e3o e Mariana Camila Noronha Rubi\u00e3o, era irm\u00e3o de Luiz Jos\u00e9 \u00c1lvares Rubi\u00e3o, escritor e jornalista radicado em S\u00e3o Paulo. Foi escritor, fil\u00f3logo e professor. Come\u00e7ou a lecionar em sua cidade natal e depois em outros munic\u00edpios da sua regi\u00e3o, no sul de Minas.<\/p><p style=\"text-align: left;\">Casou-se com Maria Antonieta Ferreira Rubi\u00e3o, com quem teve quatro filhos. Entre eles, o escritor Murilo Eug\u00eanio Rubi\u00e3o (1916-1991), que em seu breve \u201cAutorretrato\u201d escreve: \u201cMeu pai, homem de boa cultura human\u00edstica, era fil\u00f3logo e pertenceu \u00e0 Academia Mineira de Letras. Escrevia com rara eleg\u00e2ncia, apesar de gram\u00e1tico.&#8221;\u00b9 Seus outros filhos foram o m\u00e9dico Paulo Em\u00edlio, Maria Olympia e Maria Eug\u00eania.<\/p><p style=\"text-align: left;\">Com os filhos ainda crian\u00e7as, o casal mudou-se para Belo Horizonte, fixando moradia numa casa na Rua Goitacazes, no centro da cidade, regi\u00e3o onde morava a fam\u00edlia de Maria Antonieta. Eug\u00eanio Rubi\u00e3o come\u00e7ou a lecionar na Escola Normal Modelo, atual Instituto de Educa\u00e7\u00e3o, e mais tarde no Col\u00e9gio Arnaldo. Nesses educand\u00e1rios, formou gera\u00e7\u00f5es de estudantes, destacando-se pela dedica\u00e7\u00e3o e pelo profundo conhecimento da l\u00edngua portuguesa.<\/p><p style=\"text-align: left;\">Segundo Maria do Sameiro Fangueiro, \u201cReconhecido por sua obra, Eug\u00eanio Rubi\u00e3o foi contemplado com a cadeira n.35 da Academia Mineira de Letras, sucedendo a Navantino Santos (1885-1946), seu fundador.&#8221;\u00b2 Escreveu para o jornal <em>Folha Nova<\/em>, de Carmo de Minas, como colaborador, tendo tr\u00eas cr\u00f4nicas publicadas: \u201cOlhos verdes\u201d, no n.2, em janeiro de 1914; \u201cUm domingo de 1914\u201d, no n.4, em fevereiro do mesmo ano; e \u201cRiacho do Carmo\u201d, no n.425, em novembro de 1922.<\/p><p style=\"text-align: left;\">Rubi\u00e3o publicou tr\u00eas livros de prosa: <em>No horto suave da legenda, <\/em>em 1923; <em>Trovas<\/em>, em 1938; e <em>Nos caminhos do Evangelho<\/em>, em 1939, sendo os dois \u00faltimos editados pela Oficina Gr\u00e1fica Editora Renato Americano, no Rio de Janeiro. Escreveu tamb\u00e9m tr\u00eas obras did\u00e1ticas: <em>Prontu\u00e1rio de ortografia e pros\u00f3dia<\/em>, em 1936; <em>Pontua\u00e7\u00e3o<\/em>, em 1935; e <em>Trechos errados<\/em>, editado em Belo Horizonte pela Imprensa Oficial em 1944.<\/p><p style=\"text-align: left;\">Rubi\u00e3o homenageia a cidade de Belo Horizonte no poema \u201cBello Horizonte ao luar&#8230;\u201d, transcrito das p\u00e1ginas da revista <em>Cidade luz<\/em>:<\/p><p style=\"text-align: left;\"><strong>Bello Horizonte ao luar&#8230;\u00b3<\/strong><\/p><p style=\"text-align: left;\">A cidade adormece devagar,<br \/>\u00e1 calma azul do longe firmamento;<br \/>aos poucos, uma flauta, em langue accento,<br \/>canta na paz augusta do luar&#8230;<\/p><p style=\"text-align: left;\">E as arvores, na doce luz lunar,<br \/>como ouvem, num suave encantamento,<br \/>a branda flauta, em dulcido lamento,<br \/>que \u00e1 noite azul parece enfeiti\u00e7ar&#8230;<\/p><p style=\"text-align: left;\">O c\u00e9o, ardendo em claridade astral,<br \/>\u00e9 como grande e concavo vitral,<br \/>que a terra beija de um clar\u00e3o de prata.<\/p><p style=\"text-align: left;\">E um olor de magnolia ondeia e cresce,<br \/>toma toda a cidade que adormece<br \/>sob o pallio de luz que se desata&#8230;<\/p><p style=\"text-align: left;\">\u00b9 RUBI\u00c3O, Murilo. Autorretrato, 1949.<br \/>\u00b2 FANGUEIRO, Maria do Sameiro. Eug\u00eanio \u00c1lvares Rubi\u00e3o.<br \/>\u00b3 RUBI\u00c3O, Eug\u00eanio. Bello Horizonte ao luar&#8230;, 1931.<\/p><p style=\"text-align: left;\"><strong>Refer\u00eancias<\/strong><\/p><p style=\"text-align: left;\">DUARTE, Const\u00e2ncia (org.). <strong>Dicion\u00e1rio biobibliogr\u00e1fico de escritores mineiros<\/strong>. Belo Horizonte: Aut\u00eantica Editora, 2010, p. 151-152.<\/p><p style=\"text-align: left;\">FANGUEIRO, Maria do Sameiro. Eug\u00eanio \u00c1lvares Rubi\u00e3o. <strong>Projeto Peri\u00f3dicos &amp; Literatura<\/strong>: publica\u00e7\u00f5es ef\u00eameras, mem\u00f3ria permanente. Funda\u00e7\u00e3o Biblioteca Nacional. Brasil. Dispon\u00edvel em: <a href=\"http:\/\/bndigital.bn.gov.br\/dossies\/periodicos-literatura\/personagens-periodicos-literatura\/eugenio-alvares-rubiao\/\">http:\/\/bndigital.bn.gov.br\/dossies\/periodicos-literatura\/personagens-periodicos-literatura\/eugenio-alvares-rubiao\/<\/a>. Acesso em: 27 jun. 2022.<\/p><p style=\"text-align: left;\">RUBI\u00c3O, Eug\u00eanio. Bello Horizonte ao luar&#8230; <strong>Cidade luz<\/strong>, ano 1, n.1, fev. 1931.<\/p><p style=\"text-align: left;\">RUBI\u00c3O, Murilo. Autorretrato. <strong>Leitura<\/strong>, Rio de Janeiro, s.p, set. 1949.<\/p><p style=\"text-align: left;\">SUPLEMENTO LITER\u00c1RIO MINAS GERAIS. S\u00e9rie Literatura Mineira (desde as origens). Belo Horizonte, v. 13, n. 600, p. 11, abr. 1978.<\/p>\t\t\t\t\t\t<\/div>\n\t\t\t\t<\/div>\n\t\t\t\t\t<\/div>\n\t\t<\/div>\n\t\t\t\t\t<\/div>\n\t\t<\/section>\n\t\t\t\t<section class=\"elementor-section elementor-top-section elementor-element elementor-element-ce8d275 elementor-section-boxed elementor-section-height-default elementor-section-height-default\" data-id=\"ce8d275\" data-element_type=\"section\">\n\t\t\t\t\t\t<div class=\"elementor-container elementor-column-gap-default\">\n\t\t\t\t\t<div class=\"elementor-column elementor-col-100 elementor-top-column elementor-element elementor-element-968cf93\" data-id=\"968cf93\" data-element_type=\"column\">\n\t\t\t<div class=\"elementor-widget-wrap elementor-element-populated\">\n\t\t\t\t\t\t<div class=\"elementor-element elementor-element-842b3f0 elementor-widget-divider--view-line elementor-widget elementor-widget-divider\" data-id=\"842b3f0\" data-element_type=\"widget\" data-widget_type=\"divider.default\">\n\t\t\t\t<div class=\"elementor-widget-container\">\n\t\t\t\t\t<div class=\"elementor-divider\">\n\t\t\t<span class=\"elementor-divider-separator\">\n\t\t\t\t\t\t<\/span>\n\t\t<\/div>\n\t\t\t\t<\/div>\n\t\t\t\t<\/div>\n\t\t\t\t\t<\/div>\n\t\t<\/div>\n\t\t\t\t\t<\/div>\n\t\t<\/section>\n\t\t\t\t<\/div>\n\t\t","protected":false},"excerpt":{"rendered":"<p>&#8220;O mais importante na minha vida \u00e9 escrever.&#8221; Murilo Rubi\u00e3o Vida &gt; Eug\u00eanio Rubi\u00e3o Eug\u00eanio Rubi\u00e3o: perfil biogr\u00e1fico Eug\u00eanio \u00c1lvares Rubi\u00e3o nasceu na cidade de&#8230;<\/p>\n","protected":false},"author":1,"featured_media":0,"parent":0,"menu_order":30,"comment_status":"closed","ping_status":"closed","template":"","meta":{"footnotes":""},"class_list":["post-1824","page","type-page","status-publish","hentry"],"_links":{"self":[{"href":"https:\/\/murilorubiao.com.br\/index.php\/wp-json\/wp\/v2\/pages\/1824","targetHints":{"allow":["GET"]}}],"collection":[{"href":"https:\/\/murilorubiao.com.br\/index.php\/wp-json\/wp\/v2\/pages"}],"about":[{"href":"https:\/\/murilorubiao.com.br\/index.php\/wp-json\/wp\/v2\/types\/page"}],"author":[{"embeddable":true,"href":"https:\/\/murilorubiao.com.br\/index.php\/wp-json\/wp\/v2\/users\/1"}],"replies":[{"embeddable":true,"href":"https:\/\/murilorubiao.com.br\/index.php\/wp-json\/wp\/v2\/comments?post=1824"}],"version-history":[{"count":28,"href":"https:\/\/murilorubiao.com.br\/index.php\/wp-json\/wp\/v2\/pages\/1824\/revisions"}],"predecessor-version":[{"id":4668,"href":"https:\/\/murilorubiao.com.br\/index.php\/wp-json\/wp\/v2\/pages\/1824\/revisions\/4668"}],"wp:attachment":[{"href":"https:\/\/murilorubiao.com.br\/index.php\/wp-json\/wp\/v2\/media?parent=1824"}],"curies":[{"name":"wp","href":"https:\/\/api.w.org\/{rel}","templated":true}]}}