{"id":1546,"date":"2022-05-25T17:36:37","date_gmt":"2022-05-25T20:36:37","guid":{"rendered":"https:\/\/murilorubiao.com.br\/?page_id=1546"},"modified":"2022-10-07T17:33:36","modified_gmt":"2022-10-07T20:33:36","slug":"vida-autorretrato","status":"publish","type":"page","link":"https:\/\/murilorubiao.com.br\/index.php\/vida-autorretrato","title":{"rendered":"Vida > Autorretrato"},"content":{"rendered":"\t\t<div data-elementor-type=\"wp-post\" data-elementor-id=\"1546\" class=\"elementor elementor-1546\">\n\t\t\t\t\t\t<section class=\"elementor-section elementor-top-section elementor-element elementor-element-594f8aa elementor-section-full_width elementor-section-height-default elementor-section-height-default\" data-id=\"594f8aa\" data-element_type=\"section\" data-settings=\"{&quot;background_background&quot;:&quot;classic&quot;,&quot;background_image&quot;:{&quot;url&quot;:&quot;&quot;,&quot;id&quot;:&quot;&quot;,&quot;size&quot;:&quot;&quot;,&quot;alt&quot;:&quot;&quot;,&quot;source&quot;:&quot;library&quot;}}\">\n\t\t\t\t\t\t<div class=\"elementor-container elementor-column-gap-no\">\n\t\t\t\t\t<div class=\"elementor-column elementor-col-100 elementor-top-column elementor-element elementor-element-37600e6\" data-id=\"37600e6\" data-element_type=\"column\" data-settings=\"{&quot;background_background&quot;:&quot;classic&quot;}\">\n\t\t\t<div class=\"elementor-widget-wrap elementor-element-populated\">\n\t\t\t\t\t<div class=\"elementor-background-overlay\"><\/div>\n\t\t\t\t\t\t<div class=\"elementor-element elementor-element-155684f elementor-widget elementor-widget-image\" data-id=\"155684f\" data-element_type=\"widget\" data-widget_type=\"image.default\">\n\t\t\t\t<div class=\"elementor-widget-container\">\n\t\t\t\t\t\t\t\t\t\t\t\t\t<img fetchpriority=\"high\" decoding=\"async\" width=\"1024\" height=\"304\" src=\"https:\/\/murilorubiao.com.br\/wp-content\/uploads\/2022\/07\/banner_autoretrato-1024x304.jpg\" class=\"attachment-large size-large wp-image-1981\" alt=\"\" srcset=\"https:\/\/murilorubiao.com.br\/wp-content\/uploads\/2022\/07\/banner_autoretrato-1024x304.jpg 1024w, https:\/\/murilorubiao.com.br\/wp-content\/uploads\/2022\/07\/banner_autoretrato-300x89.jpg 300w, https:\/\/murilorubiao.com.br\/wp-content\/uploads\/2022\/07\/banner_autoretrato-768x228.jpg 768w, https:\/\/murilorubiao.com.br\/wp-content\/uploads\/2022\/07\/banner_autoretrato-800x238.jpg 800w, https:\/\/murilorubiao.com.br\/wp-content\/uploads\/2022\/07\/banner_autoretrato-1300x386.jpg 1300w, https:\/\/murilorubiao.com.br\/wp-content\/uploads\/2022\/07\/banner_autoretrato-600x178.jpg 600w, https:\/\/murilorubiao.com.br\/wp-content\/uploads\/2022\/07\/banner_autoretrato.jpg 1366w\" sizes=\"(max-width: 1024px) 100vw, 1024px\" \/>\t\t\t\t\t\t\t\t\t\t\t\t\t<\/div>\n\t\t\t\t<\/div>\n\t\t\t\t\t<\/div>\n\t\t<\/div>\n\t\t\t\t\t<\/div>\n\t\t<\/section>\n\t\t\t\t<section class=\"elementor-section elementor-top-section elementor-element elementor-element-1fc75d1 elementor-section-full_width elementor-section-height-default elementor-section-height-default\" data-id=\"1fc75d1\" data-element_type=\"section\">\n\t\t\t\t\t\t<div class=\"elementor-container elementor-column-gap-default\">\n\t\t\t\t\t<div class=\"elementor-column elementor-col-100 elementor-top-column elementor-element elementor-element-ded1ace\" data-id=\"ded1ace\" data-element_type=\"column\">\n\t\t\t<div class=\"elementor-widget-wrap elementor-element-populated\">\n\t\t\t\t\t\t<div class=\"elementor-element elementor-element-13d67ba elementor-widget elementor-widget-image\" data-id=\"13d67ba\" data-element_type=\"widget\" data-widget_type=\"image.default\">\n\t\t\t\t<div class=\"elementor-widget-container\">\n\t\t\t\t\t\t\t\t\t\t\t\t\t<img decoding=\"async\" src=\"https:\/\/murilorubiao.com.br\/wp-content\/uploads\/2022\/07\/maqiona.png\" title=\"maqiona\" alt=\"maqiona\" loading=\"lazy\" \/>\t\t\t\t\t\t\t\t\t\t\t\t\t<\/div>\n\t\t\t\t<\/div>\n\t\t\t\t<div class=\"elementor-element elementor-element-328c1df elementor-widget elementor-widget-ssd_blockquote\" data-id=\"328c1df\" data-element_type=\"widget\" data-widget_type=\"ssd_blockquote.default\">\n\t\t\t\t<div class=\"elementor-widget-container\">\n\t\t\t\t\r\n\t\t<div class=\"Blockquote\">\r\n\t\t\t<div class=\"blockquote-content-wrapper text-center\">\r\n\t\t\t\t\t\t\t\t<div class=\"blockquote-content\">\r\n\t\t\t\t\t\"O mais importante na minha vida \u00e9 escrever.\"\t\t\t\t<\/div>\r\n\t\t\t\t\t\t\t\t\t\t\t\t\t<div class=\"author-wrapper\">\r\n\t\t\t\t\t\t<span class=\"author font-heading\">Murilo Rubi\u00e3o<\/span>\r\n\t\t\t\t\t\t\t\t\t\t\t<\/div>\r\n\t\t\t\t\t\t\t<\/div>\r\n\t\t<\/div>\r\n\r\n\t\t\t<\/div>\n\t\t\t\t<\/div>\n\t\t\t\t\t<\/div>\n\t\t<\/div>\n\t\t\t\t\t<\/div>\n\t\t<\/section>\n\t\t\t\t<section class=\"elementor-section elementor-top-section elementor-element elementor-element-6a49214 elementor-section-boxed elementor-section-height-default elementor-section-height-default\" data-id=\"6a49214\" data-element_type=\"section\">\n\t\t\t\t\t\t<div class=\"elementor-container elementor-column-gap-default\">\n\t\t\t\t\t<div class=\"elementor-column elementor-col-100 elementor-top-column elementor-element elementor-element-d9c68dd\" data-id=\"d9c68dd\" data-element_type=\"column\">\n\t\t\t<div class=\"elementor-widget-wrap elementor-element-populated\">\n\t\t\t\t\t\t<div class=\"elementor-element elementor-element-c0486ee elementor-widget elementor-widget-heading\" data-id=\"c0486ee\" data-element_type=\"widget\" data-widget_type=\"heading.default\">\n\t\t\t\t<div class=\"elementor-widget-container\">\n\t\t\t<h1 class=\"elementor-heading-title elementor-size-default\">Vida &gt; Autorretrato<\/h1>\t\t<\/div>\n\t\t\t\t<\/div>\n\t\t\t\t\t<\/div>\n\t\t<\/div>\n\t\t\t\t\t<\/div>\n\t\t<\/section>\n\t\t\t\t<section class=\"elementor-section elementor-top-section elementor-element elementor-element-8196fa4 elementor-section-content-middle elementor-section-boxed elementor-section-height-default elementor-section-height-default\" data-id=\"8196fa4\" data-element_type=\"section\">\n\t\t\t\t\t\t<div class=\"elementor-container elementor-column-gap-default\">\n\t\t\t\t\t<div class=\"elementor-column elementor-col-100 elementor-top-column elementor-element elementor-element-4690998\" data-id=\"4690998\" data-element_type=\"column\">\n\t\t\t<div class=\"elementor-widget-wrap elementor-element-populated\">\n\t\t\t\t\t\t<div class=\"elementor-element elementor-element-51d1810 elementor-widget elementor-widget-text-editor\" data-id=\"51d1810\" data-element_type=\"widget\" data-widget_type=\"text-editor.default\">\n\t\t\t\t<div class=\"elementor-widget-container\">\n\t\t\t\t\t\t\t<p style=\"text-align: center;\"><strong>Autorretrato<\/strong><\/p><p style=\"text-align: right;\">Murilo Rubi\u00e3o<\/p><p style=\"text-align: center;\">No livro de registro de nascimento da matriz de Silvestre Ferraz, hoje Carmo de Minas, encontro, ao lado meu, os nomes de meus pais: Eug\u00eanio \u00c1lvares Rubi\u00e3o e Maria Antonieta Ferreira Rubi\u00e3o. 1916.<\/p><p style=\"text-align: center;\">Meu pai, homem de boa cultura human\u00edstica, era fil\u00f3logo e pertenceu \u00e0 Academia Mineira de Letras. Escrevia com rara eleg\u00e2ncia apesar de gram\u00e1tico. Dele herdei a timidez e um certo ar cerimonioso, que me tem privado da simpatia de numerosas pessoas. Algumas delas mulheres, o que \u00e9 lament\u00e1vel.<\/p>\t\t\t\t\t\t<\/div>\n\t\t\t\t<\/div>\n\t\t\t\t<section class=\"elementor-section elementor-inner-section elementor-element elementor-element-752a588 elementor-section-boxed elementor-section-height-default elementor-section-height-default\" data-id=\"752a588\" data-element_type=\"section\">\n\t\t\t\t\t\t<div class=\"elementor-container elementor-column-gap-default\">\n\t\t\t\t\t<div class=\"elementor-column elementor-col-50 elementor-inner-column elementor-element elementor-element-cf256e2\" data-id=\"cf256e2\" data-element_type=\"column\">\n\t\t\t<div class=\"elementor-widget-wrap elementor-element-populated\">\n\t\t\t\t\t\t<div class=\"elementor-element elementor-element-2aee6b4 elementor-widget elementor-widget-image\" data-id=\"2aee6b4\" data-element_type=\"widget\" data-widget_type=\"image.default\">\n\t\t\t\t<div class=\"elementor-widget-container\">\n\t\t\t\t\t\t\t\t\t\t\t\t\t<img decoding=\"async\" width=\"243\" height=\"333\" src=\"https:\/\/murilorubiao.com.br\/wp-content\/uploads\/2022\/06\/02-MRubiao_vida_auto.png\" class=\"attachment-large size-large wp-image-1606\" alt=\"\" srcset=\"https:\/\/murilorubiao.com.br\/wp-content\/uploads\/2022\/06\/02-MRubiao_vida_auto.png 243w, https:\/\/murilorubiao.com.br\/wp-content\/uploads\/2022\/06\/02-MRubiao_vida_auto-219x300.png 219w\" sizes=\"(max-width: 243px) 100vw, 243px\" \/>\t\t\t\t\t\t\t\t\t\t\t\t\t<\/div>\n\t\t\t\t<\/div>\n\t\t\t\t\t<\/div>\n\t\t<\/div>\n\t\t\t\t<div class=\"elementor-column elementor-col-50 elementor-inner-column elementor-element elementor-element-dd6088c\" data-id=\"dd6088c\" data-element_type=\"column\">\n\t\t\t<div class=\"elementor-widget-wrap elementor-element-populated\">\n\t\t\t\t\t\t<div class=\"elementor-element elementor-element-c4962c7 elementor-widget elementor-widget-text-editor\" data-id=\"c4962c7\" data-element_type=\"widget\" data-widget_type=\"text-editor.default\">\n\t\t\t\t<div class=\"elementor-widget-container\">\n\t\t\t\t\t\t\t<p>Em Belo Horizonte residi vinte e cinco anos. Alguns alegres, outros tristes. L\u00e1 pretendo morrer. No cemit\u00e9rio do Bonfim, se n\u00e3o for inc\u00f4modo para os que me sobreviverem.<br \/><br \/>Cursei grupo escolar, gin\u00e1sio, Faculdade de Direito, e posso afirmar, sem sombra de orgulho, que jamais fui primeiro aluno em qualquer disciplina.<\/p>\t\t\t\t\t\t<\/div>\n\t\t\t\t<\/div>\n\t\t\t\t\t<\/div>\n\t\t<\/div>\n\t\t\t\t\t<\/div>\n\t\t<\/section>\n\t\t\t\t<div class=\"elementor-element elementor-element-223e9de elementor-widget elementor-widget-text-editor\" data-id=\"223e9de\" data-element_type=\"widget\" data-widget_type=\"text-editor.default\">\n\t\t\t\t<div class=\"elementor-widget-container\">\n\t\t\t\t\t\t\t<p style=\"text-align: right;\">Como escritor, alcancei algum \u00eaxito na burocracia das letras. Tr\u00eas vezes presidente da Associa\u00e7\u00e3o Brasileira de Escritores (Sec\u00e7\u00e3o de Minas Gerais) e vice-presidente do I Congresso Brasileiro de Escritores.<\/p><p style=\"text-align: right;\">Sete anos levei para escrever e publicar o meu primeiro livro <em>O Ex-M\u00e1gico<\/em>. Nem por isso ele saiu melhor.<\/p><p style=\"text-align: right;\">Comecei a ganhar a vida cedo. Trabalhei em uma baleira, vendi livros cient\u00edficos, fui professor, jornalista, diretor de jornal e de uma esta\u00e7\u00e3o de r\u00e1dio. Hoje sou funcion\u00e1rio p\u00fablico.<\/p><p style=\"text-align: right;\">Celibat\u00e1rio e sem cren\u00e7a religiosa. Duas graves lacunas do meu car\u00e1ter. Alimento, contudo, s\u00f3lida esperan\u00e7a de me converter ao catolicismo antes que a morte chegue.<\/p><p style=\"text-align: right;\">Muito poderia contar das minhas prefer\u00eancias, da minha solid\u00e3o, do meu sincero apre\u00e7o pela esp\u00e9cie humana, da minha persist\u00eancia em usar pouco cabelo e excessivos bigodes. Mas, o meu maior t\u00e9dio \u00e9 ainda falar sobre a minha pr\u00f3pria pessoa.<\/p><p style=\"text-align: right;\">RUBI\u00c3O, Murilo. Autorretrato. <b>Leitura<\/b>, Rio de Janeiro, s.p., set. 1949.<span class=\"Apple-converted-space\">\u00a0<\/span><\/p>\t\t\t\t\t\t<\/div>\n\t\t\t\t<\/div>\n\t\t\t\t\t<\/div>\n\t\t<\/div>\n\t\t\t\t\t<\/div>\n\t\t<\/section>\n\t\t\t\t<section class=\"elementor-section elementor-top-section elementor-element elementor-element-c2afca6 elementor-section-boxed elementor-section-height-default elementor-section-height-default\" data-id=\"c2afca6\" data-element_type=\"section\">\n\t\t\t\t\t\t<div class=\"elementor-container elementor-column-gap-default\">\n\t\t\t\t\t<div class=\"elementor-column elementor-col-100 elementor-top-column elementor-element elementor-element-0ae5cbb\" data-id=\"0ae5cbb\" data-element_type=\"column\">\n\t\t\t<div class=\"elementor-widget-wrap elementor-element-populated\">\n\t\t\t\t\t\t<div class=\"elementor-element elementor-element-d8a1e34 elementor-widget-divider--view-line elementor-widget elementor-widget-divider\" data-id=\"d8a1e34\" data-element_type=\"widget\" data-widget_type=\"divider.default\">\n\t\t\t\t<div class=\"elementor-widget-container\">\n\t\t\t\t\t<div class=\"elementor-divider\">\n\t\t\t<span class=\"elementor-divider-separator\">\n\t\t\t\t\t\t<\/span>\n\t\t<\/div>\n\t\t\t\t<\/div>\n\t\t\t\t<\/div>\n\t\t\t\t\t<\/div>\n\t\t<\/div>\n\t\t\t\t\t<\/div>\n\t\t<\/section>\n\t\t\t\t<\/div>\n\t\t","protected":false},"excerpt":{"rendered":"<p>&#8220;O mais importante na minha vida \u00e9 escrever.&#8221; Murilo Rubi\u00e3o Vida &gt; Autorretrato Autorretrato Murilo Rubi\u00e3o No livro de registro de nascimento da matriz de&#8230;<\/p>\n","protected":false},"author":1,"featured_media":0,"parent":0,"menu_order":34,"comment_status":"closed","ping_status":"closed","template":"","meta":{"footnotes":""},"class_list":["post-1546","page","type-page","status-publish","hentry"],"_links":{"self":[{"href":"https:\/\/murilorubiao.com.br\/index.php\/wp-json\/wp\/v2\/pages\/1546","targetHints":{"allow":["GET"]}}],"collection":[{"href":"https:\/\/murilorubiao.com.br\/index.php\/wp-json\/wp\/v2\/pages"}],"about":[{"href":"https:\/\/murilorubiao.com.br\/index.php\/wp-json\/wp\/v2\/types\/page"}],"author":[{"embeddable":true,"href":"https:\/\/murilorubiao.com.br\/index.php\/wp-json\/wp\/v2\/users\/1"}],"replies":[{"embeddable":true,"href":"https:\/\/murilorubiao.com.br\/index.php\/wp-json\/wp\/v2\/comments?post=1546"}],"version-history":[{"count":73,"href":"https:\/\/murilorubiao.com.br\/index.php\/wp-json\/wp\/v2\/pages\/1546\/revisions"}],"predecessor-version":[{"id":4664,"href":"https:\/\/murilorubiao.com.br\/index.php\/wp-json\/wp\/v2\/pages\/1546\/revisions\/4664"}],"wp:attachment":[{"href":"https:\/\/murilorubiao.com.br\/index.php\/wp-json\/wp\/v2\/media?parent=1546"}],"curies":[{"name":"wp","href":"https:\/\/api.w.org\/{rel}","templated":true}]}}