{"id":1273,"date":"2019-03-29T09:14:06","date_gmt":"2019-03-29T09:14:06","guid":{"rendered":"http:\/\/subsolardesigns.com\/leona\/?page_id=4"},"modified":"2022-09-27T00:36:48","modified_gmt":"2022-09-27T03:36:48","slug":"home","status":"publish","type":"page","link":"https:\/\/murilorubiao.com.br\/","title":{"rendered":"Home"},"content":{"rendered":"\t\t<div data-elementor-type=\"wp-post\" data-elementor-id=\"1273\" class=\"elementor elementor-1273\">\n\t\t\t\t\t\t<section class=\"elementor-section elementor-top-section elementor-element elementor-element-c15515b elementor-section-full_width elementor-section-height-default elementor-section-height-default\" data-id=\"c15515b\" data-element_type=\"section\" data-settings=\"{&quot;background_background&quot;:&quot;classic&quot;,&quot;parallax_enable&quot;:&quot;yes&quot;,&quot;background_image&quot;:{&quot;url&quot;:&quot;https:\\\/\\\/murilorubiao.com.br\\\/wp-content\\\/uploads\\\/2022\\\/05\\\/banner_home.jpg&quot;,&quot;id&quot;:1542,&quot;size&quot;:&quot;&quot;,&quot;alt&quot;:&quot;&quot;,&quot;source&quot;:&quot;library&quot;},&quot;parallax_position&quot;:&quot;50% 50%&quot;,&quot;parallax_repeat&quot;:&quot;no-repeat&quot;,&quot;parallax_size&quot;:&quot;cover&quot;,&quot;parallax_speed&quot;:0.5}\">\n\t\t\t\t\t\t<div class=\"elementor-container elementor-column-gap-no\">\n\t\t\t\t\t<div class=\"elementor-column elementor-col-50 elementor-top-column elementor-element elementor-element-b8a8fb3\" data-id=\"b8a8fb3\" data-element_type=\"column\" data-settings=\"{&quot;background_background&quot;:&quot;classic&quot;}\">\n\t\t\t<div class=\"elementor-widget-wrap elementor-element-populated\">\n\t\t\t\t\t\t<div class=\"elementor-element elementor-element-3ec20afc elementor-widget elementor-widget-heading\" data-id=\"3ec20afc\" data-element_type=\"widget\" data-widget_type=\"heading.default\">\n\t\t\t\t<div class=\"elementor-widget-container\">\n\t\t\t<h2 class=\"elementor-heading-title elementor-size-default\">Boas-vindas <br>\nao s\u00edtio\nMurilo Rubi\u00e3o!<\/h2>\t\t<\/div>\n\t\t\t\t<\/div>\n\t\t\t\t<div class=\"elementor-element elementor-element-6cf9586 elementor-widget elementor-widget-text-editor\" data-id=\"6cf9586\" data-element_type=\"widget\" data-widget_type=\"text-editor.default\">\n\t\t\t\t<div class=\"elementor-widget-container\">\n\t\t\t\t\t\t\t<p style=\"font-weight: 400;\">Aqui voc\u00ea encontrar\u00e1 textos, imagens, documentos, arquivos originais e uma s\u00e9rie de informa\u00e7\u00f5es sobre a vida e a obra singular deste escritor reconhecido como o introdutor do realismo fant\u00e1stico moderno em l\u00edngua portuguesa.<\/p>\t\t\t\t\t\t<\/div>\n\t\t\t\t<\/div>\n\t\t\t\t\t<\/div>\n\t\t<\/div>\n\t\t\t\t<div class=\"elementor-column elementor-col-50 elementor-top-column elementor-element elementor-element-554c9da\" data-id=\"554c9da\" data-element_type=\"column\" data-settings=\"{&quot;background_background&quot;:&quot;classic&quot;}\">\n\t\t\t<div class=\"elementor-widget-wrap\">\n\t\t\t\t\t<div class=\"elementor-background-overlay\"><\/div>\n\t\t\t\t\t\t\t<\/div>\n\t\t<\/div>\n\t\t\t\t\t<\/div>\n\t\t<\/section>\n\t\t\t\t<section class=\"elementor-section elementor-top-section elementor-element elementor-element-706a68ac elementor-section-full_width elementor-section-height-default elementor-section-height-default\" data-id=\"706a68ac\" data-element_type=\"section\">\n\t\t\t\t\t\t<div class=\"elementor-container elementor-column-gap-default\">\n\t\t\t\t\t<div class=\"elementor-column elementor-col-100 elementor-top-column elementor-element elementor-element-6b0d0a87\" data-id=\"6b0d0a87\" data-element_type=\"column\">\n\t\t\t<div class=\"elementor-widget-wrap elementor-element-populated\">\n\t\t\t\t\t\t<div class=\"elementor-element elementor-element-126be8de elementor-widget elementor-widget-image\" data-id=\"126be8de\" data-element_type=\"widget\" data-widget_type=\"image.default\">\n\t\t\t\t<div class=\"elementor-widget-container\">\n\t\t\t\t\t\t\t\t\t\t\t\t\t<img decoding=\"async\" src=\"https:\/\/murilorubiao.com.br\/wp-content\/uploads\/2022\/05\/image220.png\" title=\"image220\" alt=\"image220\" loading=\"lazy\" \/>\t\t\t\t\t\t\t\t\t\t\t\t\t<\/div>\n\t\t\t\t<\/div>\n\t\t\t\t<div class=\"elementor-element elementor-element-26b0aa3c elementor-widget elementor-widget-ssd_blockquote\" data-id=\"26b0aa3c\" data-element_type=\"widget\" data-widget_type=\"ssd_blockquote.default\">\n\t\t\t\t<div class=\"elementor-widget-container\">\n\t\t\t\t\r\n\t\t<div class=\"Blockquote\">\r\n\t\t\t<div class=\"blockquote-content-wrapper text-center\">\r\n\t\t\t\t\t\t\t\t<div class=\"blockquote-content\">\r\n\t\t\t\t\t\"Encher a noite com fogos de artif\u00edcio. Erguer o rosto para o c\u00e9u e deixar que pelos meus l\u00e1bios sa\u00edsse o arco-\u00edris. Um arco-\u00edris que cobrisse a Terra de um extremo a outro.\"\t\t\t\t<\/div>\r\n\t\t\t\t\t\t\t\t\t\t\t\t\t<div class=\"author-wrapper\">\r\n\t\t\t\t\t\t<span class=\"author font-heading\">Murilo Rubi\u00e3o - O Ex-M\u00e1gico<\/span>\r\n\t\t\t\t\t\t\t\t\t\t\t<\/div>\r\n\t\t\t\t\t\t\t<\/div>\r\n\t\t<\/div>\r\n\r\n\t\t\t<\/div>\n\t\t\t\t<\/div>\n\t\t\t\t\t<\/div>\n\t\t<\/div>\n\t\t\t\t\t<\/div>\n\t\t<\/section>\n\t\t\t\t<section class=\"elementor-section elementor-top-section elementor-element elementor-element-9e3dc2b elementor-reverse-tablet elementor-reverse-mobile elementor-section-boxed elementor-section-height-default elementor-section-height-default\" data-id=\"9e3dc2b\" data-element_type=\"section\" data-settings=\"{&quot;background_background&quot;:&quot;classic&quot;,&quot;background_image&quot;:{&quot;url&quot;:&quot;http:\\\/\\\/rodrigodiniz.net\\\/projetos\\\/murilorubiao\\\/wp-content\\\/uploads\\\/2022\\\/05\\\/bola.jpg&quot;,&quot;id&quot;:1391,&quot;size&quot;:&quot;&quot;,&quot;alt&quot;:&quot;&quot;,&quot;source&quot;:&quot;library&quot;}}\">\n\t\t\t\t\t\t\t<div class=\"elementor-background-overlay\"><\/div>\n\t\t\t\t\t\t\t<div class=\"elementor-container elementor-column-gap-wide\">\n\t\t\t\t\t<div class=\"elementor-column elementor-col-50 elementor-top-column elementor-element elementor-element-03f1a29\" data-id=\"03f1a29\" data-element_type=\"column\">\n\t\t\t<div class=\"elementor-widget-wrap elementor-element-populated\">\n\t\t\t\t\t\t<div class=\"elementor-element elementor-element-1133dd6 elementor-widget elementor-widget-image\" data-id=\"1133dd6\" data-element_type=\"widget\" data-widget_type=\"image.default\">\n\t\t\t\t<div class=\"elementor-widget-container\">\n\t\t\t\t\t\t\t\t\t\t\t\t\t<img decoding=\"async\" src=\"https:\/\/murilorubiao.com.br\/wp-content\/uploads\/elementor\/thumbs\/02-Murilo-Rubiao-A-Estrela-Vermelha-1953-TEXTO-INTEGRAL-1-psqabo1qgj32q2p1k7dml4qbx8hqldht6tcdt5hus8.png\" title=\"02&#8212;Murilo-Rubi\u00e3o&#8212;A-Estrela-Vermelha&#8212;1953&#8212;TEXTO-INTEGRAL-1\" alt=\"02---Murilo-Rubi\u00e3o---A-Estrela-Vermelha---1953---TEXTO-INTEGRAL-1\" loading=\"lazy\" \/>\t\t\t\t\t\t\t\t\t\t\t\t\t<\/div>\n\t\t\t\t<\/div>\n\t\t\t\t\t<\/div>\n\t\t<\/div>\n\t\t\t\t<div class=\"elementor-column elementor-col-50 elementor-top-column elementor-element elementor-element-6f56b05\" data-id=\"6f56b05\" data-element_type=\"column\" data-settings=\"{&quot;background_background&quot;:&quot;classic&quot;}\">\n\t\t\t<div class=\"elementor-widget-wrap elementor-element-populated\">\n\t\t\t\t\t\t<div class=\"elementor-element elementor-element-97420f7 elementor-widget elementor-widget-heading\" data-id=\"97420f7\" data-element_type=\"widget\" data-widget_type=\"heading.default\">\n\t\t\t\t<div class=\"elementor-widget-container\">\n\t\t\t<h5 class=\"elementor-heading-title elementor-size-default\">Obra em destaque<\/h5>\t\t<\/div>\n\t\t\t\t<\/div>\n\t\t\t\t<div class=\"elementor-element elementor-element-8b0e98e elementor-widget elementor-widget-heading\" data-id=\"8b0e98e\" data-element_type=\"widget\" data-widget_type=\"heading.default\">\n\t\t\t\t<div class=\"elementor-widget-container\">\n\t\t\t<h2 class=\"elementor-heading-title elementor-size-default\">Acesse na \u00edntegra a primeira edi\u00e7\u00e3o de <i>A estrela vermelha<\/i><\/h2>\t\t<\/div>\n\t\t\t\t<\/div>\n\t\t\t\t<div class=\"elementor-element elementor-element-687aaee elementor-widget elementor-widget-text-editor\" data-id=\"687aaee\" data-element_type=\"widget\" data-widget_type=\"text-editor.default\">\n\t\t\t\t<div class=\"elementor-widget-container\">\n\t\t\t\t\t\t\t<p>Fa\u00e7a o download do facs\u00edmile digital da primeira edi\u00e7\u00e3o do livro <em>A estrela vermelha<\/em>, de 1953, de tiragem limitada, que apresenta 4 contos do autor.<\/p>\t\t\t\t\t\t<\/div>\n\t\t\t\t<\/div>\n\t\t\t\t<div class=\"elementor-element elementor-element-5d58557 elementor-button-minimal elementor-button-separator elementor-widget elementor-widget-button\" data-id=\"5d58557\" data-element_type=\"widget\" data-widget_type=\"button.default\">\n\t\t\t\t<div class=\"elementor-widget-container\">\n\t\t\t\t\t\t\t<div class=\"elementor-button-wrapper\">\n\t\t\t\t\t<a class=\"elementor-button elementor-button-link elementor-size-sm\" href=\"https:\/\/murilorubiao.com.br\/index.php\/livros-em-portugues\/murilo-rubiao-a-estrela-vermelha-1953-texto-integral\">\n\t\t\t\t\t\t<span class=\"elementor-button-content-wrapper\">\n\t\t\t\t\t\t\t\t\t<span class=\"elementor-button-text\">Acessar<\/span>\n\t\t\t\t\t<\/span>\n\t\t\t\t\t<\/a>\n\t\t\t\t<\/div>\n\t\t\t\t\t\t<\/div>\n\t\t\t\t<\/div>\n\t\t\t\t\t<\/div>\n\t\t<\/div>\n\t\t\t\t\t<\/div>\n\t\t<\/section>\n\t\t\t\t<section class=\"elementor-section elementor-top-section elementor-element elementor-element-7213c6a elementor-section-boxed elementor-section-height-default elementor-section-height-default\" data-id=\"7213c6a\" data-element_type=\"section\">\n\t\t\t\t\t\t<div class=\"elementor-container elementor-column-gap-default\">\n\t\t\t\t\t<div class=\"elementor-column elementor-col-100 elementor-top-column elementor-element elementor-element-5286f5c\" data-id=\"5286f5c\" data-element_type=\"column\">\n\t\t\t<div class=\"elementor-widget-wrap elementor-element-populated\">\n\t\t\t\t\t\t<div class=\"elementor-element elementor-element-ca31c5d elementor-widget-divider--view-line elementor-widget elementor-widget-divider\" data-id=\"ca31c5d\" data-element_type=\"widget\" data-widget_type=\"divider.default\">\n\t\t\t\t<div class=\"elementor-widget-container\">\n\t\t\t\t\t<div class=\"elementor-divider\">\n\t\t\t<span class=\"elementor-divider-separator\">\n\t\t\t\t\t\t<\/span>\n\t\t<\/div>\n\t\t\t\t<\/div>\n\t\t\t\t<\/div>\n\t\t\t\t\t<\/div>\n\t\t<\/div>\n\t\t\t\t\t<\/div>\n\t\t<\/section>\n\t\t\t\t<section class=\"elementor-section elementor-top-section elementor-element elementor-element-8196fa4 elementor-section-content-middle elementor-section-boxed elementor-section-height-default elementor-section-height-default\" data-id=\"8196fa4\" data-element_type=\"section\">\n\t\t\t\t\t\t<div class=\"elementor-container elementor-column-gap-default\">\n\t\t\t\t\t<div class=\"elementor-column elementor-col-33 elementor-top-column elementor-element elementor-element-4690998\" data-id=\"4690998\" data-element_type=\"column\">\n\t\t\t<div class=\"elementor-widget-wrap elementor-element-populated\">\n\t\t\t\t\t\t<div class=\"elementor-element elementor-element-7fddabd ssd-absolute-positioning-enabled elementor-widget elementor-widget-image\" data-id=\"7fddabd\" data-element_type=\"widget\" data-widget_type=\"image.default\">\n\t\t\t\t<div class=\"elementor-widget-container\">\n\t\t\t\t\t\t\t\t\t\t\t\t\t<img fetchpriority=\"high\" decoding=\"async\" width=\"203\" height=\"262\" src=\"https:\/\/murilorubiao.com.br\/wp-content\/uploads\/2022\/05\/colho.jpg\" class=\"attachment-medium size-medium wp-image-1421\" alt=\"\" \/>\t\t\t\t\t\t\t\t\t\t\t\t\t<\/div>\n\t\t\t\t<\/div>\n\t\t\t\t<div class=\"elementor-element elementor-element-32384e1 elementor-widget elementor-widget-heading\" data-id=\"32384e1\" data-element_type=\"widget\" data-widget_type=\"heading.default\">\n\t\t\t\t<div class=\"elementor-widget-container\">\n\t\t\t<h3 class=\"elementor-heading-title elementor-size-default\">Murilianas<\/h3>\t\t<\/div>\n\t\t\t\t<\/div>\n\t\t\t\t<div class=\"elementor-element elementor-element-51d1810 elementor-widget elementor-widget-text-editor\" data-id=\"51d1810\" data-element_type=\"widget\" data-widget_type=\"text-editor.default\">\n\t\t\t\t<div class=\"elementor-widget-container\">\n\t\t\t\t\t\t\t<p>Conhe\u00e7a adapta\u00e7\u00f5es da obra de Murilo Rubi\u00e3o para diferentes linguagens, como cinema, teatro, televis\u00e3o e quadrinhos.<\/p>\t\t\t\t\t\t<\/div>\n\t\t\t\t<\/div>\n\t\t\t\t<div class=\"elementor-element elementor-element-496ee38 elementor-button-minimal elementor-align-right elementor-button-separator elementor-widget elementor-widget-button\" data-id=\"496ee38\" data-element_type=\"widget\" data-widget_type=\"button.default\">\n\t\t\t\t<div class=\"elementor-widget-container\">\n\t\t\t\t\t\t\t<div class=\"elementor-button-wrapper\">\n\t\t\t\t\t<a class=\"elementor-button elementor-button-link elementor-size-sm\" href=\"https:\/\/murilorubiao.com.br\/index.php\/murilianas-artes-visuais-cinema-teatro-video-e-tv\">\n\t\t\t\t\t\t<span class=\"elementor-button-content-wrapper\">\n\t\t\t\t\t\t\t\t\t<span class=\"elementor-button-text\">Acessar<\/span>\n\t\t\t\t\t<\/span>\n\t\t\t\t\t<\/a>\n\t\t\t\t<\/div>\n\t\t\t\t\t\t<\/div>\n\t\t\t\t<\/div>\n\t\t\t\t\t<\/div>\n\t\t<\/div>\n\t\t\t\t<div class=\"elementor-column elementor-col-33 elementor-top-column elementor-element elementor-element-62cab33\" data-id=\"62cab33\" data-element_type=\"column\">\n\t\t\t<div class=\"elementor-widget-wrap\">\n\t\t\t\t\t\t\t<\/div>\n\t\t<\/div>\n\t\t\t\t<div class=\"elementor-column elementor-col-33 elementor-top-column elementor-element elementor-element-62a28ea\" data-id=\"62a28ea\" data-element_type=\"column\">\n\t\t\t<div class=\"elementor-widget-wrap elementor-element-populated\">\n\t\t\t\t\t\t<div class=\"elementor-element elementor-element-3b52101 elementor-widget elementor-widget-image\" data-id=\"3b52101\" data-element_type=\"widget\" data-widget_type=\"image.default\">\n\t\t\t\t<div class=\"elementor-widget-container\">\n\t\t\t\t\t\t\t\t\t\t<figure class=\"wp-caption\">\n\t\t\t\t\t\t\t\t\t\t<img decoding=\"async\" width=\"514\" height=\"524\" src=\"https:\/\/murilorubiao.com.br\/wp-content\/uploads\/2022\/05\/MRubiao.png\" class=\"attachment-large size-large wp-image-1449\" alt=\"\" srcset=\"https:\/\/murilorubiao.com.br\/wp-content\/uploads\/2022\/05\/MRubiao.png 514w, https:\/\/murilorubiao.com.br\/wp-content\/uploads\/2022\/05\/MRubiao-294x300.png 294w, https:\/\/murilorubiao.com.br\/wp-content\/uploads\/2022\/05\/MRubiao-50x50.png 50w\" sizes=\"(max-width: 514px) 100vw, 514px\" \/>\t\t\t\t\t\t\t\t\t\t\t<figcaption class=\"widget-image-caption wp-caption-text\">Ilustra\u00e7\u00e3o: Rafael Rubi\u00e3o<\/figcaption>\n\t\t\t\t\t\t\t\t\t\t<\/figure>\n\t\t\t\t\t\t\t<\/div>\n\t\t\t\t<\/div>\n\t\t\t\t\t<\/div>\n\t\t<\/div>\n\t\t\t\t\t<\/div>\n\t\t<\/section>\n\t\t\t\t<section class=\"elementor-section elementor-top-section elementor-element elementor-element-2df4281 elementor-section-boxed elementor-section-height-default elementor-section-height-default\" data-id=\"2df4281\" data-element_type=\"section\">\n\t\t\t\t\t\t<div class=\"elementor-container elementor-column-gap-default\">\n\t\t\t\t\t<div class=\"elementor-column elementor-col-100 elementor-top-column elementor-element elementor-element-f317816\" data-id=\"f317816\" data-element_type=\"column\">\n\t\t\t<div class=\"elementor-widget-wrap elementor-element-populated\">\n\t\t\t\t\t\t<div class=\"elementor-element elementor-element-e390ca7 elementor-widget-divider--view-line elementor-widget elementor-widget-divider\" data-id=\"e390ca7\" data-element_type=\"widget\" data-widget_type=\"divider.default\">\n\t\t\t\t<div class=\"elementor-widget-container\">\n\t\t\t\t\t<div class=\"elementor-divider\">\n\t\t\t<span class=\"elementor-divider-separator\">\n\t\t\t\t\t\t<\/span>\n\t\t<\/div>\n\t\t\t\t<\/div>\n\t\t\t\t<\/div>\n\t\t\t\t\t<\/div>\n\t\t<\/div>\n\t\t\t\t\t<\/div>\n\t\t<\/section>\n\t\t\t\t<section class=\"elementor-section elementor-top-section elementor-element elementor-element-c3367be elementor-section-boxed elementor-section-height-default elementor-section-height-default\" data-id=\"c3367be\" data-element_type=\"section\">\n\t\t\t\t\t\t\t<div class=\"elementor-background-overlay\"><\/div>\n\t\t\t\t\t\t\t<div class=\"elementor-container elementor-column-gap-default\">\n\t\t\t\t\t<div class=\"elementor-column elementor-col-100 elementor-top-column elementor-element elementor-element-37db5bd\" data-id=\"37db5bd\" data-element_type=\"column\">\n\t\t\t<div class=\"elementor-widget-wrap\">\n\t\t\t\t\t\t\t<\/div>\n\t\t<\/div>\n\t\t\t\t\t<\/div>\n\t\t<\/section>\n\t\t\t\t<section class=\"elementor-section elementor-top-section elementor-element elementor-element-9c738e7 elementor-section-boxed elementor-section-height-default elementor-section-height-default\" data-id=\"9c738e7\" data-element_type=\"section\">\n\t\t\t\t\t\t<div class=\"elementor-container elementor-column-gap-default\">\n\t\t\t\t\t<div class=\"elementor-column elementor-col-100 elementor-top-column elementor-element elementor-element-560499c\" data-id=\"560499c\" data-element_type=\"column\">\n\t\t\t<div class=\"elementor-widget-wrap elementor-element-populated\">\n\t\t\t\t\t\t<div class=\"elementor-element elementor-element-5a21310 elementor-widget elementor-widget-html\" data-id=\"5a21310\" data-element_type=\"widget\" data-widget_type=\"html.default\">\n\t\t\t\t<div class=\"elementor-widget-container\">\n\t\t\t<style type=\"text\/css\">\r\n  .woocommerce-product-meta{\r\n    display: none;\r\n  }\r\n  .woocommerce ul.products li.product {\r\n    margin-bottom: 0;\r\n\r\n}\r\n<\/style>\t\t<\/div>\n\t\t\t\t<\/div>\n\t\t\t\t<div class=\"elementor-element elementor-element-f7cc9f5 elementor-widget elementor-widget-ssd_banner_grid\" data-id=\"f7cc9f5\" data-element_type=\"widget\" data-widget_type=\"ssd_banner_grid.default\">\n\t\t\t\t<div class=\"elementor-widget-container\">\n\t\t\t\t\t<div class=\"ssd-banner-grid\">\r\n\t\t\r\n\t\t\t\t\t\t\t<div class=\"ssd-banner elementor-repeater-item-0e00cae ssd-banner-image\">\r\n\t\t\t\t\t\t\t\t\t\t<a href=\"https:\/\/murilorubiao.com.br\/index.php\/entrevistas\/entrevista-com-antonio-candido\">\r\n\t\t\t\t\t\t<div class=\"ssd-banner-thumbnail\">\r\n\t\t\t\t\t\t\t<img decoding=\"async\" src=\"https:\/\/murilorubiao.com.br\/wp-content\/uploads\/2022\/08\/screenshot-murilorubiao.com_.br-2022.08.03-13_48_20.png\">\r\n\t\t\t\t\t\t<\/div>\r\n\t\t\t\t\t\t\t\t\t\t\t\t<div class=\"ssd-banner-title ssd-banner-title--below\"><h5>Entrevista <\/h5><div>com Antonio Candido &gt;&gt; Acessar<\/div><\/div>\r\n\t\t\t\t\t\t\t\t\t\t\t<\/a>\r\n\t\t\t\t<\/div>\r\n\t\t\t\r\n\t\t\t\r\n\r\n\t\t\t\t\t\t\r\n\t\t\t\r\n\t\t\t\r\n\t\t\t\t\t\t\t<div class=\"ssd-banner elementor-repeater-item-2c12c42 ssd-banner-quote\">\r\n\t\t\t\t\t<div class=\"ssd-banner-quote-inner\">\r\n\t\t\t\t\t\t<div class=\"ssd-banner-quote-content font-heading\">\r\n\t\t\t\t\t\t\t<p><em>\u201cS\u00f3 posso acrescentar que seu livro me encheu de grata emo\u00e7\u00e3o por redescobrir nele um escritor de primeira grandeza e justificar o entusiasmo que seus contos me despertam.\u201d<\/em><\/p>\t\t\t\t\t\t<\/div><!-- end ssd-banner-quote-content -->\r\n\t\t\t\t\t\t<div class=\"ssd-banner-quote-author\">\r\n\t\t\t\t\t\t\t<span>Fernando Sabino. Londres, 9 de janeiro de 1966.<\/span>\r\n\t\t\t\t\t\t<\/div><!-- end ssd-banner-quote-author -->\r\n\t\t\t\t\t<\/div><!-- end ssd-banner-quote-inner -->\r\n\t\t\t\t<\/div>\r\n\t\t\t\r\n\r\n\t\t\t\t\t\t\r\n\t\t\t\r\n\t\t\t\t\t\t\t<div class=\"ssd-banner elementor-repeater-item-d9a67b3 ssd-banner-image\">\r\n\t\t\t\t\t\t\t\t\t\t<a href=\"https:\/\/murilorubiao.com.br\/index.php\/exposicoes\/exposicao-absurdus-murilo-rubiao-100-anos-2016\">\r\n\t\t\t\t\t\t<div class=\"ssd-banner-thumbnail\">\r\n\t\t\t\t\t\t\t<img decoding=\"async\" src=\"https:\/\/murilorubiao.com.br\/wp-content\/uploads\/2022\/08\/Untitled-2-514x800.png\">\r\n\t\t\t\t\t\t<\/div>\r\n\t\t\t\t\t\t\t\t\t\t\t\t<div class=\"ssd-banner-title ssd-banner-title--below\"><h5>Exposi\u00e7\u00e3o Centen\u00e1rio<\/h5><div>Acessar<\/div><\/div>\r\n\t\t\t\t\t\t\t\t\t\t\t<\/a>\r\n\t\t\t\t<\/div>\r\n\t\t\t\r\n\t\t\t\r\n\r\n\t\t\t\t\t\t\r\n\t\t\t\r\n\t\t\t\t\t\t\t<div class=\"ssd-banner elementor-repeater-item-2ebeeba ssd-banner-image\">\r\n\t\t\t\t\t\t\t\t\t\t<a href=\"https:\/\/murilorubiao.com.br\/index.php\/galeria\">\r\n\t\t\t\t\t\t<div class=\"ssd-banner-thumbnail\">\r\n\t\t\t\t\t\t\t<img decoding=\"async\" src=\"https:\/\/murilorubiao.com.br\/wp-content\/uploads\/2022\/05\/carta.jpg\">\r\n\t\t\t\t\t\t<\/div>\r\n\t\t\t\t\t\t\t\t\t\t\t\t<div class=\"ssd-banner-title ssd-banner-title--below\"><h5>Galeria<\/h5><div>Fotos e documentos originais<\/div><\/div>\r\n\t\t\t\t\t\t\t\t\t\t\t<\/a>\r\n\t\t\t\t<\/div>\r\n\t\t\t\r\n\t\t\t\r\n\r\n\t\t\t\t\t\t\r\n\t\t\t\r\n\t\t\t\t\t\t\t<div class=\"ssd-banner elementor-repeater-item-b17cd66 ssd-banner-image\">\r\n\t\t\t\t\t\t\t\t\t\t<a href=\"https:\/\/murilorubiao.com.br\/index.php\/imprensa\">\r\n\t\t\t\t\t\t<div class=\"ssd-banner-thumbnail\">\r\n\t\t\t\t\t\t\t<img decoding=\"async\" src=\"https:\/\/murilorubiao.com.br\/wp-content\/uploads\/2022\/08\/taque_imprensa-520x800.jpg\">\r\n\t\t\t\t\t\t<\/div>\r\n\t\t\t\t\t\t\t\t\t\t\t\t<div class=\"ssd-banner-title ssd-banner-title--below\"><h5>Imprensa<\/h5><div>Acessar<\/div><\/div>\r\n\t\t\t\t\t\t\t\t\t\t\t<\/a>\r\n\t\t\t\t<\/div>\r\n\t\t\t\r\n\t\t\t\r\n\r\n\t\t\t\t\t\t\r\n\t\t\t\t\t\t<\/div> <!-- end ssd-banner-grid -->\r\n\r\n\t\t\t\t\t<\/div>\n\t\t\t\t<\/div>\n\t\t\t\t\t<\/div>\n\t\t<\/div>\n\t\t\t\t\t<\/div>\n\t\t<\/section>\n\t\t\t\t<\/div>\n\t\t","protected":false},"excerpt":{"rendered":"<p>Boas-vindas ao s\u00edtio Murilo Rubi\u00e3o! Aqui voc\u00ea encontrar\u00e1 textos, imagens, documentos, arquivos originais e uma s\u00e9rie de informa\u00e7\u00f5es sobre a vida e a obra singular&#8230;<\/p>\n","protected":false},"author":1,"featured_media":0,"parent":0,"menu_order":0,"comment_status":"closed","ping_status":"closed","template":"","meta":{"footnotes":""},"class_list":["post-1273","page","type-page","status-publish","hentry"],"_links":{"self":[{"href":"https:\/\/murilorubiao.com.br\/index.php\/wp-json\/wp\/v2\/pages\/1273","targetHints":{"allow":["GET"]}}],"collection":[{"href":"https:\/\/murilorubiao.com.br\/index.php\/wp-json\/wp\/v2\/pages"}],"about":[{"href":"https:\/\/murilorubiao.com.br\/index.php\/wp-json\/wp\/v2\/types\/page"}],"author":[{"embeddable":true,"href":"https:\/\/murilorubiao.com.br\/index.php\/wp-json\/wp\/v2\/users\/1"}],"replies":[{"embeddable":true,"href":"https:\/\/murilorubiao.com.br\/index.php\/wp-json\/wp\/v2\/comments?post=1273"}],"version-history":[{"count":277,"href":"https:\/\/murilorubiao.com.br\/index.php\/wp-json\/wp\/v2\/pages\/1273\/revisions"}],"predecessor-version":[{"id":4609,"href":"https:\/\/murilorubiao.com.br\/index.php\/wp-json\/wp\/v2\/pages\/1273\/revisions\/4609"}],"wp:attachment":[{"href":"https:\/\/murilorubiao.com.br\/index.php\/wp-json\/wp\/v2\/media?parent=1273"}],"curies":[{"name":"wp","href":"https:\/\/api.w.org\/{rel}","templated":true}]}}