{"id":1638,"date":"2022-06-08T18:50:28","date_gmt":"2022-06-08T21:50:28","guid":{"rendered":"https:\/\/murilorubiao.com.br\/eng\/?page_id=1638"},"modified":"2022-11-11T18:05:21","modified_gmt":"2022-11-11T21:05:21","slug":"vida-biografia","status":"publish","type":"page","link":"https:\/\/murilorubiao.com.br\/eng\/index.php\/vida-biografia","title":{"rendered":"Vida > Perfil biogr\u00e1fico"},"content":{"rendered":"\t\t<div data-elementor-type=\"wp-post\" data-elementor-id=\"1638\" class=\"elementor elementor-1638\">\n\t\t\t\t\t\t<section class=\"elementor-section elementor-top-section elementor-element elementor-element-6878930 elementor-section-full_width elementor-section-height-default elementor-section-height-default\" data-id=\"6878930\" data-element_type=\"section\" data-settings=\"{&quot;background_background&quot;:&quot;classic&quot;,&quot;background_image&quot;:{&quot;url&quot;:&quot;&quot;,&quot;id&quot;:&quot;&quot;,&quot;size&quot;:&quot;&quot;,&quot;alt&quot;:&quot;&quot;,&quot;source&quot;:&quot;library&quot;}}\">\n\t\t\t\t\t\t<div class=\"elementor-container elementor-column-gap-no\">\n\t\t\t\t\t<div class=\"elementor-column elementor-col-100 elementor-top-column elementor-element elementor-element-3df6a31\" data-id=\"3df6a31\" data-element_type=\"column\" data-settings=\"{&quot;background_background&quot;:&quot;classic&quot;}\">\n\t\t\t<div class=\"elementor-widget-wrap elementor-element-populated\">\n\t\t\t\t\t<div class=\"elementor-background-overlay\"><\/div>\n\t\t\t\t\t\t<div class=\"elementor-element elementor-element-9dbd30f elementor-widget elementor-widget-image\" data-id=\"9dbd30f\" data-element_type=\"widget\" data-widget_type=\"image.default\">\n\t\t\t\t<div class=\"elementor-widget-container\">\n\t\t\t\t\t\t\t\t\t\t\t\t\t<img fetchpriority=\"high\" decoding=\"async\" width=\"1024\" height=\"304\" src=\"https:\/\/murilorubiao.com.br\/eng\/wp-content\/uploads\/2022\/07\/banner_autoretrato-1024x304.jpg\" class=\"attachment-large size-large wp-image-1981\" alt=\"\" srcset=\"https:\/\/murilorubiao.com.br\/eng\/wp-content\/uploads\/2022\/07\/banner_autoretrato-1024x304.jpg 1024w, https:\/\/murilorubiao.com.br\/eng\/wp-content\/uploads\/2022\/07\/banner_autoretrato-300x89.jpg 300w, https:\/\/murilorubiao.com.br\/eng\/wp-content\/uploads\/2022\/07\/banner_autoretrato-768x228.jpg 768w, https:\/\/murilorubiao.com.br\/eng\/wp-content\/uploads\/2022\/07\/banner_autoretrato-800x238.jpg 800w, https:\/\/murilorubiao.com.br\/eng\/wp-content\/uploads\/2022\/07\/banner_autoretrato-1300x386.jpg 1300w, https:\/\/murilorubiao.com.br\/eng\/wp-content\/uploads\/2022\/07\/banner_autoretrato-600x178.jpg 600w, https:\/\/murilorubiao.com.br\/eng\/wp-content\/uploads\/2022\/07\/banner_autoretrato.jpg 1366w\" sizes=\"(max-width: 1024px) 100vw, 1024px\" \/>\t\t\t\t\t\t\t\t\t\t\t\t\t<\/div>\n\t\t\t\t<\/div>\n\t\t\t\t\t<\/div>\n\t\t<\/div>\n\t\t\t\t\t<\/div>\n\t\t<\/section>\n\t\t\t\t<section class=\"elementor-section elementor-top-section elementor-element elementor-element-8230cec elementor-section-full_width elementor-section-height-default elementor-section-height-default\" data-id=\"8230cec\" data-element_type=\"section\">\n\t\t\t\t\t\t<div class=\"elementor-container elementor-column-gap-default\">\n\t\t\t\t\t<div class=\"elementor-column elementor-col-100 elementor-top-column elementor-element elementor-element-48c9fcd\" data-id=\"48c9fcd\" data-element_type=\"column\">\n\t\t\t<div class=\"elementor-widget-wrap elementor-element-populated\">\n\t\t\t\t\t\t<div class=\"elementor-element elementor-element-b5a739b elementor-widget elementor-widget-image\" data-id=\"b5a739b\" data-element_type=\"widget\" data-widget_type=\"image.default\">\n\t\t\t\t<div class=\"elementor-widget-container\">\n\t\t\t\t\t\t\t\t\t\t\t\t\t<img decoding=\"async\" src=\"https:\/\/murilorubiao.com.br\/eng\/wp-content\/uploads\/2022\/07\/maqiona.png\" title=\"maqiona\" alt=\"\" loading=\"lazy\" \/>\t\t\t\t\t\t\t\t\t\t\t\t\t<\/div>\n\t\t\t\t<\/div>\n\t\t\t\t<div class=\"elementor-element elementor-element-9aa29a6 elementor-widget elementor-widget-ssd_blockquote\" data-id=\"9aa29a6\" data-element_type=\"widget\" data-widget_type=\"ssd_blockquote.default\">\n\t\t\t\t<div class=\"elementor-widget-container\">\n\t\t\t\t\r\n\t\t<div class=\"Blockquote\">\r\n\t\t\t<div class=\"blockquote-content-wrapper text-center\">\r\n\t\t\t\t\t\t\t\t<div class=\"blockquote-content\">\r\n\t\t\t\t\t\"The most important thing in my life is to write.\"\t\t\t\t<\/div>\r\n\t\t\t\t\t\t\t\t\t\t\t\t\t<div class=\"author-wrapper\">\r\n\t\t\t\t\t\t<span class=\"author font-heading\">Murilo Rubi\u00e3o<\/span>\r\n\t\t\t\t\t\t\t\t\t\t\t<\/div>\r\n\t\t\t\t\t\t\t<\/div>\r\n\t\t<\/div>\r\n\r\n\t\t\t<\/div>\n\t\t\t\t<\/div>\n\t\t\t\t\t<\/div>\n\t\t<\/div>\n\t\t\t\t\t<\/div>\n\t\t<\/section>\n\t\t\t\t<section class=\"elementor-section elementor-top-section elementor-element elementor-element-6a49214 elementor-section-boxed elementor-section-height-default elementor-section-height-default\" data-id=\"6a49214\" data-element_type=\"section\">\n\t\t\t\t\t\t<div class=\"elementor-container elementor-column-gap-default\">\n\t\t\t\t\t<div class=\"elementor-column elementor-col-100 elementor-top-column elementor-element elementor-element-d9c68dd\" data-id=\"d9c68dd\" data-element_type=\"column\">\n\t\t\t<div class=\"elementor-widget-wrap elementor-element-populated\">\n\t\t\t\t\t\t<div class=\"elementor-element elementor-element-c0486ee elementor-widget elementor-widget-heading\" data-id=\"c0486ee\" data-element_type=\"widget\" data-widget_type=\"heading.default\">\n\t\t\t\t<div class=\"elementor-widget-container\">\n\t\t\t<h1 class=\"elementor-heading-title elementor-size-default\">Life &gt; Biographic Profile\u200b<\/h1>\t\t<\/div>\n\t\t\t\t<\/div>\n\t\t\t\t\t<\/div>\n\t\t<\/div>\n\t\t\t\t\t<\/div>\n\t\t<\/section>\n\t\t\t\t<section class=\"elementor-section elementor-top-section elementor-element elementor-element-8196fa4 elementor-section-content-middle elementor-section-boxed elementor-section-height-default elementor-section-height-default\" data-id=\"8196fa4\" data-element_type=\"section\">\n\t\t\t\t\t\t<div class=\"elementor-container elementor-column-gap-default\">\n\t\t\t\t\t<div class=\"elementor-column elementor-col-100 elementor-top-column elementor-element elementor-element-4690998\" data-id=\"4690998\" data-element_type=\"column\">\n\t\t\t<div class=\"elementor-widget-wrap elementor-element-populated\">\n\t\t\t\t\t\t<div class=\"elementor-element elementor-element-51d1810 elementor-widget elementor-widget-text-editor\" data-id=\"51d1810\" data-element_type=\"widget\" data-widget_type=\"text-editor.default\">\n\t\t\t\t<div class=\"elementor-widget-container\">\n\t\t\t\t\t\t\t<p style=\"text-align: center;\">&nbsp;<b style=\"text-align: right; letter-spacing: 0em;\">MURILO RUBI\u00c3O <\/b><span style=\"text-align: right; letter-spacing: 0em;\">(Murilo Eug\u00eanio Rubi\u00e3o), Silvestre Ferraz (current Carmo de Minas), MG, June 1st, 1916 \u2013 Belo Horizonte, September 16th, 1991.<\/span>&nbsp;<br><\/p>\n<p>A lawyer, public servant and journalist, Murilo Rubi\u00e3o became known as a short stories writer, being considered by Brazilian and international literary critics as the forerunner of Latin American fantastic (or magical) realism.<span class=\"Apple-converted-space\">&nbsp;<\/span><\/p>\n<p>Son of the philologist, journalist, poet and professor Eug\u00eanio \u00c1lvares Rubi\u00e3o and Maria Antonieta Ferreira Rubi\u00e3o. Murilo did his first studies in the cities of Concei\u00e7\u00e3o do Rio Verde and Passa Quatro, in Minas Gerais. He moves to Belo Horizonte, where he completes primary school at Afonso Pena School Group, secondary school at Arnaldo School and a bachelor&#8217;s degree in law at the Federal University of Minas Gerais Law School (1942).<span class=\"Apple-converted-space\">&nbsp;<\/span><\/p>\n<p>His activities in the press, as a writer of <i>Folha de Minas<\/i>, begins during college, when he founds, in 1939, with a group of students, the <i>Tentativa <\/i>journal. He later serves as an editor of <i>Folha de Minas <\/i>and <i>Bello Horizonte <\/i>and <i>Mensagem <\/i>journals.<span class=\"Apple-converted-space\">&nbsp;<\/span><\/p>\n<p>In 1943 he takes over the direction of the Inconfid\u00eancia de Minas Gerais Radio and, a less known fact, works as a teacher at the schools Sagrado Cora\u00e7\u00e3o de Jesus and Arnaldo. Two years later, in 1945, Murilo is elected vice-president of the Brazilian Association of Writers (section of Minas Gerais) and commands Minas delegation at the 1st Writers&#8217; Congress, held in January 1945, in S\u00e3o Paulo. He moves to Rio de Janeiro in 1949 to work as head of the documentation section of Vale do S\u00e3o Francisco Commission. He returns to Belo Horizonte in 1950, invited by the governor of Minas Gerais, Juscelino Kubitscheck, to assume the role of cabinet officer, soon becoming head of cabinet. In the same year he is appointed as the Official Press and <i>Folha de Minas <\/i>newspaper acting director.<\/p>\n<p>Between 1956 and 1960, he holds the positions of head of the Brazilian Service of Foreign Propaganda and Economic Expansion in Madrid and of cultural attach\u00e9 at the Brazilian Embassy in Spain. Returning to Brazil, he resumes his duties as a technical and administrative advisor of the State of Minas Gerais, being assigned in 1961 to the editorial room of the state&#8217;s official newspaper, the <i>Minas Gerais<\/i>. In 1966, he is appointed by Governor Israel Pinheiro to organize the <i>Literary Supplement <\/i>of <i>Minas Gerais, <\/i>paper he directs until 1969 \u2013 when he assumes the head of the Department of Publications of the Official Press. Until the present day, the <i>Supplement <\/i>is regarded as one of the best cultural press organs in the country, being internationally recognized for its part in cultural diffusion and mediation. In its pages there has been edited works of Carlos Drummond<span class=\"Apple-converted-space\">&nbsp;<\/span><\/p>\n<p>de Andrade, Pedro Nava, Em\u00edlio Moura, Abgar Renault, Roberto Drummond, Ad\u00e3o Ventura, La\u00eds Corr\u00eaa de Ara\u00fajo, Affonso \u00c1vila, Julio Cort\u00e1zar and Ana Hatherly, among other great names of Brazilian and foreign literature.<span class=\"Apple-converted-space\">&nbsp;<\/span><\/p>\n<p>Among the various public positions that Murilo Rubi\u00e3o held, it is also worth mentioning the following: Director of the Broadcasting Service of the State of Minas Gerais, Superintendent of the Minas Gerais Health Secretariat, Director of the Official Press of Minas Gerais, Director of the School of Fine Arts of Belo Horizonte (Guignard School), Director of Ouro Preto Art Foundation (FAOP), President of the Madrigal Renaissance Foundation and President of the State Council of Culture of Minas Gerais.<span class=\"Apple-converted-space\">&nbsp;<\/span><\/p>\n<p>For his literary work, Murilo Rubi\u00e3o received the Othon Lynch Bezerra de Mello Award (1948), conferred by the Minas Academy of Letters, and the Lu\u00edsa Cl\u00e1udio de Sousa Award (1975), from the Brazilian PEN Club. In addition, his short stories have been translated and published in several countries, such as Germany, Argentina, Bulgaria, Canada, Colombia, Spain, the United States, France, Italy, Mexico, Norway, Poland, Portugal, the Czech Republic and Venezuela. Since the 1970\u2019s until now, his narratives have been being adapted to cinema (\u201cThe Trap\u201d, \u201cZacarias, the Pyrothecnist\u201d, \u201cThe Ex-Magician from the Minhota Tavern\u201d and \u201cO Bloqueio\u201d) and to theater (<i>The Moon<\/i>, <i>Barbara<\/i>, <i>Three Names for Godofredo<\/i>, <i>Mem\u00f3rias do Contabilista Pedro In\u00e1cio <\/i>and <i>The Ex-Magician from the Minhota Tavern<\/i>).<span class=\"Apple-converted-space\">&nbsp;<\/span><\/p>\n<p>His personal documents (correspondence, photographs, manuscripts and personal objects) and his personal library were donated by his family to the Acervo de Escritores Mineiros (Collection of Minas&#8217; Writers), based at the Federal University of Minas Gerais, in Belo Horizonte, where they are available for consultation.<span class=\"Apple-converted-space\">&nbsp;<\/span><\/p>\n<p>His work consists of the books: <i>O ex-m\u00e1gico <\/i>(1947); <i>A estrela vermelha <\/i>(1953); <i>Os drag\u00f5es e outros contos <\/i>(1965); <i>O pirot\u00e9cnico Zacarias <\/i>(1974); <i>O convidado <\/i>(1974); <i>A casa do girassol vermelho <\/i>(1978); <i>O homem do bon\u00e9 cinzento e outras hist\u00f3rias <\/i>(1990). Posthumously, the following volumes were published: <i>M\u00e1rio e o pirot\u00e9cnico aprendiz <\/i>\u2013 <i>cartas de M\u00e1rio de Andrade e Murilo Rubi\u00e3o <\/i>(edited by Marcos Ant\u00f4nio de Moraes, 1995), <i>Contos reunidos <\/i>(1998) and<i>Mares interiores: correspond\u00eancias de Murilo Rubi\u00e3o &amp; Otto Lara Resende <\/i>(edited by Cleber Ara\u00fajo Cabral, 2016).<\/p>\t\t\t\t\t\t<\/div>\n\t\t\t\t<\/div>\n\t\t\t\t<div class=\"elementor-element elementor-element-83b1b4b elementor-widget-divider--view-line elementor-widget elementor-widget-divider\" data-id=\"83b1b4b\" data-element_type=\"widget\" data-widget_type=\"divider.default\">\n\t\t\t\t<div class=\"elementor-widget-container\">\n\t\t\t\t\t<div class=\"elementor-divider\">\n\t\t\t<span class=\"elementor-divider-separator\">\n\t\t\t\t\t\t<\/span>\n\t\t<\/div>\n\t\t\t\t<\/div>\n\t\t\t\t<\/div>\n\t\t\t\t\t<\/div>\n\t\t<\/div>\n\t\t\t\t\t<\/div>\n\t\t<\/section>\n\t\t\t\t<\/div>\n\t\t","protected":false},"excerpt":{"rendered":"<p>&#8220;The most important thing in my life is to write.&#8221; Murilo Rubi\u00e3o Life &gt; Biographic Profile\u200b &nbsp;MURILO RUBI\u00c3O (Murilo Eug\u00eanio Rubi\u00e3o), Silvestre Ferraz (current Carmo&#8230;<\/p>\n","protected":false},"author":1,"featured_media":0,"parent":0,"menu_order":33,"comment_status":"closed","ping_status":"closed","template":"","meta":{"footnotes":""},"class_list":["post-1638","page","type-page","status-publish","hentry"],"_links":{"self":[{"href":"https:\/\/murilorubiao.com.br\/eng\/index.php\/wp-json\/wp\/v2\/pages\/1638","targetHints":{"allow":["GET"]}}],"collection":[{"href":"https:\/\/murilorubiao.com.br\/eng\/index.php\/wp-json\/wp\/v2\/pages"}],"about":[{"href":"https:\/\/murilorubiao.com.br\/eng\/index.php\/wp-json\/wp\/v2\/types\/page"}],"author":[{"embeddable":true,"href":"https:\/\/murilorubiao.com.br\/eng\/index.php\/wp-json\/wp\/v2\/users\/1"}],"replies":[{"embeddable":true,"href":"https:\/\/murilorubiao.com.br\/eng\/index.php\/wp-json\/wp\/v2\/comments?post=1638"}],"version-history":[{"count":104,"href":"https:\/\/murilorubiao.com.br\/eng\/index.php\/wp-json\/wp\/v2\/pages\/1638\/revisions"}],"predecessor-version":[{"id":4766,"href":"https:\/\/murilorubiao.com.br\/eng\/index.php\/wp-json\/wp\/v2\/pages\/1638\/revisions\/4766"}],"wp:attachment":[{"href":"https:\/\/murilorubiao.com.br\/eng\/index.php\/wp-json\/wp\/v2\/media?parent=1638"}],"curies":[{"name":"wp","href":"https:\/\/api.w.org\/{rel}","templated":true}]}}