{"id":1546,"date":"2022-05-25T17:36:37","date_gmt":"2022-05-25T20:36:37","guid":{"rendered":"https:\/\/murilorubiao.com.br\/eng\/?page_id=1546"},"modified":"2022-11-11T14:12:34","modified_gmt":"2022-11-11T17:12:34","slug":"vida-autorretrato","status":"publish","type":"page","link":"https:\/\/murilorubiao.com.br\/eng\/index.php\/vida-autorretrato","title":{"rendered":"Vida > Autorretrato"},"content":{"rendered":"\t\t<div data-elementor-type=\"wp-post\" data-elementor-id=\"1546\" class=\"elementor elementor-1546\">\n\t\t\t\t\t\t<section class=\"elementor-section elementor-top-section elementor-element elementor-element-594f8aa elementor-section-full_width elementor-section-height-default elementor-section-height-default\" data-id=\"594f8aa\" data-element_type=\"section\" data-settings=\"{&quot;background_background&quot;:&quot;classic&quot;,&quot;background_image&quot;:{&quot;url&quot;:&quot;&quot;,&quot;id&quot;:&quot;&quot;,&quot;size&quot;:&quot;&quot;,&quot;alt&quot;:&quot;&quot;,&quot;source&quot;:&quot;library&quot;}}\">\n\t\t\t\t\t\t<div class=\"elementor-container elementor-column-gap-no\">\n\t\t\t\t\t<div class=\"elementor-column elementor-col-100 elementor-top-column elementor-element elementor-element-37600e6\" data-id=\"37600e6\" data-element_type=\"column\" data-settings=\"{&quot;background_background&quot;:&quot;classic&quot;}\">\n\t\t\t<div class=\"elementor-widget-wrap elementor-element-populated\">\n\t\t\t\t\t<div class=\"elementor-background-overlay\"><\/div>\n\t\t\t\t\t\t<div class=\"elementor-element elementor-element-155684f elementor-widget elementor-widget-image\" data-id=\"155684f\" data-element_type=\"widget\" data-widget_type=\"image.default\">\n\t\t\t\t<div class=\"elementor-widget-container\">\n\t\t\t\t\t\t\t\t\t\t\t\t\t<img fetchpriority=\"high\" decoding=\"async\" width=\"1024\" height=\"304\" src=\"https:\/\/murilorubiao.com.br\/eng\/wp-content\/uploads\/2022\/07\/banner_autoretrato-1024x304.jpg\" class=\"attachment-large size-large wp-image-1981\" alt=\"\" srcset=\"https:\/\/murilorubiao.com.br\/eng\/wp-content\/uploads\/2022\/07\/banner_autoretrato-1024x304.jpg 1024w, https:\/\/murilorubiao.com.br\/eng\/wp-content\/uploads\/2022\/07\/banner_autoretrato-300x89.jpg 300w, https:\/\/murilorubiao.com.br\/eng\/wp-content\/uploads\/2022\/07\/banner_autoretrato-768x228.jpg 768w, https:\/\/murilorubiao.com.br\/eng\/wp-content\/uploads\/2022\/07\/banner_autoretrato-800x238.jpg 800w, https:\/\/murilorubiao.com.br\/eng\/wp-content\/uploads\/2022\/07\/banner_autoretrato-1300x386.jpg 1300w, https:\/\/murilorubiao.com.br\/eng\/wp-content\/uploads\/2022\/07\/banner_autoretrato-600x178.jpg 600w, https:\/\/murilorubiao.com.br\/eng\/wp-content\/uploads\/2022\/07\/banner_autoretrato.jpg 1366w\" sizes=\"(max-width: 1024px) 100vw, 1024px\" \/>\t\t\t\t\t\t\t\t\t\t\t\t\t<\/div>\n\t\t\t\t<\/div>\n\t\t\t\t\t<\/div>\n\t\t<\/div>\n\t\t\t\t\t<\/div>\n\t\t<\/section>\n\t\t\t\t<section class=\"elementor-section elementor-top-section elementor-element elementor-element-1fc75d1 elementor-section-full_width elementor-section-height-default elementor-section-height-default\" data-id=\"1fc75d1\" data-element_type=\"section\">\n\t\t\t\t\t\t<div class=\"elementor-container elementor-column-gap-default\">\n\t\t\t\t\t<div class=\"elementor-column elementor-col-100 elementor-top-column elementor-element elementor-element-ded1ace\" data-id=\"ded1ace\" data-element_type=\"column\">\n\t\t\t<div class=\"elementor-widget-wrap elementor-element-populated\">\n\t\t\t\t\t\t<div class=\"elementor-element elementor-element-13d67ba elementor-widget elementor-widget-image\" data-id=\"13d67ba\" data-element_type=\"widget\" data-widget_type=\"image.default\">\n\t\t\t\t<div class=\"elementor-widget-container\">\n\t\t\t\t\t\t\t\t\t\t\t\t\t<img decoding=\"async\" src=\"https:\/\/murilorubiao.com.br\/eng\/wp-content\/uploads\/2022\/07\/maqiona.png\" title=\"maqiona\" alt=\"\" loading=\"lazy\" \/>\t\t\t\t\t\t\t\t\t\t\t\t\t<\/div>\n\t\t\t\t<\/div>\n\t\t\t\t<div class=\"elementor-element elementor-element-328c1df elementor-widget elementor-widget-ssd_blockquote\" data-id=\"328c1df\" data-element_type=\"widget\" data-widget_type=\"ssd_blockquote.default\">\n\t\t\t\t<div class=\"elementor-widget-container\">\n\t\t\t\t\r\n\t\t<div class=\"Blockquote\">\r\n\t\t\t<div class=\"blockquote-content-wrapper text-center\">\r\n\t\t\t\t\t\t\t\t<div class=\"blockquote-content\">\r\n\t\t\t\t\t\"The most important thing in my life is to write.\"\t\t\t\t<\/div>\r\n\t\t\t\t\t\t\t\t\t\t\t\t\t<div class=\"author-wrapper\">\r\n\t\t\t\t\t\t<span class=\"author font-heading\">Murilo Rubi\u00e3o<\/span>\r\n\t\t\t\t\t\t\t\t\t\t\t<\/div>\r\n\t\t\t\t\t\t\t<\/div>\r\n\t\t<\/div>\r\n\r\n\t\t\t<\/div>\n\t\t\t\t<\/div>\n\t\t\t\t\t<\/div>\n\t\t<\/div>\n\t\t\t\t\t<\/div>\n\t\t<\/section>\n\t\t\t\t<section class=\"elementor-section elementor-top-section elementor-element elementor-element-6a49214 elementor-section-boxed elementor-section-height-default elementor-section-height-default\" data-id=\"6a49214\" data-element_type=\"section\">\n\t\t\t\t\t\t<div class=\"elementor-container elementor-column-gap-default\">\n\t\t\t\t\t<div class=\"elementor-column elementor-col-100 elementor-top-column elementor-element elementor-element-d9c68dd\" data-id=\"d9c68dd\" data-element_type=\"column\">\n\t\t\t<div class=\"elementor-widget-wrap elementor-element-populated\">\n\t\t\t\t\t\t<div class=\"elementor-element elementor-element-c0486ee elementor-widget elementor-widget-heading\" data-id=\"c0486ee\" data-element_type=\"widget\" data-widget_type=\"heading.default\">\n\t\t\t\t<div class=\"elementor-widget-container\">\n\t\t\t<h1 class=\"elementor-heading-title elementor-size-default\">Life &gt; Self-portrait<\/h1>\t\t<\/div>\n\t\t\t\t<\/div>\n\t\t\t\t\t<\/div>\n\t\t<\/div>\n\t\t\t\t\t<\/div>\n\t\t<\/section>\n\t\t\t\t<section class=\"elementor-section elementor-top-section elementor-element elementor-element-8196fa4 elementor-section-content-middle elementor-section-boxed elementor-section-height-default elementor-section-height-default\" data-id=\"8196fa4\" data-element_type=\"section\">\n\t\t\t\t\t\t<div class=\"elementor-container elementor-column-gap-default\">\n\t\t\t\t\t<div class=\"elementor-column elementor-col-100 elementor-top-column elementor-element elementor-element-4690998\" data-id=\"4690998\" data-element_type=\"column\">\n\t\t\t<div class=\"elementor-widget-wrap elementor-element-populated\">\n\t\t\t\t\t\t<div class=\"elementor-element elementor-element-51d1810 elementor-widget elementor-widget-text-editor\" data-id=\"51d1810\" data-element_type=\"widget\" data-widget_type=\"text-editor.default\">\n\t\t\t\t<div class=\"elementor-widget-container\">\n\t\t\t\t\t\t\t<p style=\"text-align: center;\"><strong>Self-portrait<\/strong><\/p><p style=\"text-align: right;\">Murilo Rubi\u00e3o<\/p><p style=\"text-align: center;\">In the birth record book of the mother church of Silvestre Ferraz, current Carmo de Minas, I find, next to mine, the names of my parents: Eug\u00eanio Alvares Rubi\u00e3o and Maria Antonieta Ferreira Rubi\u00e3o. 1916.<\/p><p style=\"text-align: center;\">My father, a man of good humanistic culture, was a philologist and belonged to the Minas Academy of Letters. He wrote with rare elegance, despite grammarian. From him I inherited the shyness and a certain ceremonious air, which has deprived me of the sympathy of numerous people. Some of them women, which is unfortunate.<\/p>\t\t\t\t\t\t<\/div>\n\t\t\t\t<\/div>\n\t\t\t\t<section class=\"elementor-section elementor-inner-section elementor-element elementor-element-752a588 elementor-section-boxed elementor-section-height-default elementor-section-height-default\" data-id=\"752a588\" data-element_type=\"section\">\n\t\t\t\t\t\t<div class=\"elementor-container elementor-column-gap-default\">\n\t\t\t\t\t<div class=\"elementor-column elementor-col-50 elementor-inner-column elementor-element elementor-element-cf256e2\" data-id=\"cf256e2\" data-element_type=\"column\">\n\t\t\t<div class=\"elementor-widget-wrap elementor-element-populated\">\n\t\t\t\t\t\t<div class=\"elementor-element elementor-element-2aee6b4 elementor-widget elementor-widget-image\" data-id=\"2aee6b4\" data-element_type=\"widget\" data-widget_type=\"image.default\">\n\t\t\t\t<div class=\"elementor-widget-container\">\n\t\t\t\t\t\t\t\t\t\t\t\t\t<img decoding=\"async\" width=\"243\" height=\"333\" src=\"https:\/\/murilorubiao.com.br\/eng\/wp-content\/uploads\/2022\/06\/02-MRubiao_vida_auto.png\" class=\"attachment-large size-large wp-image-1606\" alt=\"\" srcset=\"https:\/\/murilorubiao.com.br\/eng\/wp-content\/uploads\/2022\/06\/02-MRubiao_vida_auto.png 243w, https:\/\/murilorubiao.com.br\/eng\/wp-content\/uploads\/2022\/06\/02-MRubiao_vida_auto-219x300.png 219w\" sizes=\"(max-width: 243px) 100vw, 243px\" \/>\t\t\t\t\t\t\t\t\t\t\t\t\t<\/div>\n\t\t\t\t<\/div>\n\t\t\t\t\t<\/div>\n\t\t<\/div>\n\t\t\t\t<div class=\"elementor-column elementor-col-50 elementor-inner-column elementor-element elementor-element-dd6088c\" data-id=\"dd6088c\" data-element_type=\"column\">\n\t\t\t<div class=\"elementor-widget-wrap elementor-element-populated\">\n\t\t\t\t\t\t<div class=\"elementor-element elementor-element-c4962c7 elementor-widget elementor-widget-text-editor\" data-id=\"c4962c7\" data-element_type=\"widget\" data-widget_type=\"text-editor.default\">\n\t\t\t\t<div class=\"elementor-widget-container\">\n\t\t\t\t\t\t\t<p>In Belo Horizonte I lived for twenty-five years. Some happy, some sad. There I intend to die. In Bonfim cemetery, if it&#8217;s not a distress for those who survive me.<\/p><p>I attended primary, secondary and Law School, and I can say, without a shadow of pride, that I have never been a first student in any subject.<\/p>\t\t\t\t\t\t<\/div>\n\t\t\t\t<\/div>\n\t\t\t\t\t<\/div>\n\t\t<\/div>\n\t\t\t\t\t<\/div>\n\t\t<\/section>\n\t\t\t\t<div class=\"elementor-element elementor-element-223e9de elementor-widget elementor-widget-text-editor\" data-id=\"223e9de\" data-element_type=\"widget\" data-widget_type=\"text-editor.default\">\n\t\t\t\t<div class=\"elementor-widget-container\">\n\t\t\t\t\t\t\t<p>As a writer, I have achieved some success in the bureaucracy of letters. Three times president of the Brazilian Association of Writers (Section of Minas Gerais) and vice-president of the First Brazilian Congress of Writers.<\/p><p>It took me seven years to write and publish my first book &#8220;The Ex-Magician&#8221;. It didn&#8217;t get any better for that.<\/p><p>I started early to make a living. I worked in a candy factory, sold scientific books, was a teacher, a journalist, a newspaper and a radio station director. Today I am a public servant.<\/p><p>Celibate and with no religious belief. Two serious gaps in my character. I do, however, feed a solid hope of converting myself to Catholicism before death comes.<\/p><p>Much I could tell of my preferences, of my loneliness, of my sincere appreciation for the human species, of my persistence in wearing little hair and excessive mustaches. But my biggest boredom is to still talk about my own person.<\/p><p style=\"text-align: right;\"><span style=\"letter-spacing: 0em;\">1 RUBI\u00c3O, Murilo. Autorretrato. <b>Leitura<\/b>, Rio de Janeiro, Sept. 1949.<\/span>\u00a0<\/p>\t\t\t\t\t\t<\/div>\n\t\t\t\t<\/div>\n\t\t\t\t\t<\/div>\n\t\t<\/div>\n\t\t\t\t\t<\/div>\n\t\t<\/section>\n\t\t\t\t<section class=\"elementor-section elementor-top-section elementor-element elementor-element-c2afca6 elementor-section-boxed elementor-section-height-default elementor-section-height-default\" data-id=\"c2afca6\" data-element_type=\"section\">\n\t\t\t\t\t\t<div class=\"elementor-container elementor-column-gap-default\">\n\t\t\t\t\t<div class=\"elementor-column elementor-col-100 elementor-top-column elementor-element elementor-element-0ae5cbb\" data-id=\"0ae5cbb\" data-element_type=\"column\">\n\t\t\t<div class=\"elementor-widget-wrap elementor-element-populated\">\n\t\t\t\t\t\t<div class=\"elementor-element elementor-element-d8a1e34 elementor-widget-divider--view-line elementor-widget elementor-widget-divider\" data-id=\"d8a1e34\" data-element_type=\"widget\" data-widget_type=\"divider.default\">\n\t\t\t\t<div class=\"elementor-widget-container\">\n\t\t\t\t\t<div class=\"elementor-divider\">\n\t\t\t<span class=\"elementor-divider-separator\">\n\t\t\t\t\t\t<\/span>\n\t\t<\/div>\n\t\t\t\t<\/div>\n\t\t\t\t<\/div>\n\t\t\t\t\t<\/div>\n\t\t<\/div>\n\t\t\t\t\t<\/div>\n\t\t<\/section>\n\t\t\t\t<\/div>\n\t\t","protected":false},"excerpt":{"rendered":"<p>&#8220;The most important thing in my life is to write.&#8221; Murilo Rubi\u00e3o Life &gt; Self-portrait Self-portrait Murilo Rubi\u00e3o In the birth record book of the&#8230;<\/p>\n","protected":false},"author":1,"featured_media":0,"parent":0,"menu_order":34,"comment_status":"closed","ping_status":"closed","template":"","meta":{"footnotes":""},"class_list":["post-1546","page","type-page","status-publish","hentry"],"_links":{"self":[{"href":"https:\/\/murilorubiao.com.br\/eng\/index.php\/wp-json\/wp\/v2\/pages\/1546","targetHints":{"allow":["GET"]}}],"collection":[{"href":"https:\/\/murilorubiao.com.br\/eng\/index.php\/wp-json\/wp\/v2\/pages"}],"about":[{"href":"https:\/\/murilorubiao.com.br\/eng\/index.php\/wp-json\/wp\/v2\/types\/page"}],"author":[{"embeddable":true,"href":"https:\/\/murilorubiao.com.br\/eng\/index.php\/wp-json\/wp\/v2\/users\/1"}],"replies":[{"embeddable":true,"href":"https:\/\/murilorubiao.com.br\/eng\/index.php\/wp-json\/wp\/v2\/comments?post=1546"}],"version-history":[{"count":76,"href":"https:\/\/murilorubiao.com.br\/eng\/index.php\/wp-json\/wp\/v2\/pages\/1546\/revisions"}],"predecessor-version":[{"id":4739,"href":"https:\/\/murilorubiao.com.br\/eng\/index.php\/wp-json\/wp\/v2\/pages\/1546\/revisions\/4739"}],"wp:attachment":[{"href":"https:\/\/murilorubiao.com.br\/eng\/index.php\/wp-json\/wp\/v2\/media?parent=1546"}],"curies":[{"name":"wp","href":"https:\/\/api.w.org\/{rel}","templated":true}]}}